{"id":41136,"date":"2023-02-03T14:22:37","date_gmt":"2023-02-03T07:22:37","guid":{"rendered":"https:\/\/mouldking.store\/shop\/sembo-611043-cute-and-meaty-paper-tiger-with-130-pieces\/"},"modified":"2023-02-03T14:22:37","modified_gmt":"2023-02-03T07:22:37","slug":"sembo-611043-cute-and-meaty-paper-tiger-with-130-pieces","status":"publish","type":"product","link":"https:\/\/mouldking.store\/fr\/shop\/sembo-611043-cute-and-meaty-paper-tiger-with-130-pieces\/","title":{"rendered":"SEMBO 611043 Mignon et charnu : Tigre en papier avec 130 pi\u00e8ces"},"content":{"rendered":"<div>\u2705 SEMBO 611043 Mignon et charnu : Tigre de papier<br \/>&nbsp;<br \/>\u2705Block Florist est un ensemble de blocs de construction, et l&#039;ensemble contient 130 particules de blocs au total. Mignon et charnu : Block Florist est la premi\u00e8re sortie en 2022.<br \/>&nbsp;<br \/>\ud83d\udeabIMPORTANT !&nbsp;<br \/>&nbsp;<br \/>Nom du produit : Mignon et charnu : Paper Tiger<br \/>&nbsp;<br \/>Cat\u00e9gorie\u00a0: Cr\u00e9ateur<br \/>&nbsp;<br \/>Ce kit contient : SEMBO 611043<br \/>&nbsp;<br \/>130 briques de bonne qualit\u00e9.&nbsp;<br \/>&nbsp;<br \/>Taille : 6,5 \u00d7 7 \u00d7 6,2 cm<br \/>&nbsp;<br \/>Instructions manuelles&nbsp;<br \/>&nbsp;<br \/>\ud83d\udcccNature du protagoniste&nbsp;<br \/>&nbsp;<br \/>Vous ne devriez pas manquer la pr\u00e9sentation de notre fi\u00e8re collection nomm\u00e9e &quot;Cute and Meaty\u00a0: Paper Tiger&quot;.&nbsp;<br \/>&nbsp;<br \/>Mignon et charnu : le tigre en papier est un produit compos\u00e9 de 130 blocs de construction. Cet ensemble de blocs de jouets comprend non seulement des pi\u00e8ces pour construire et concevoir vos propres amis f\u00e9lins, mais contient \u00e9galement des instructions pour concevoir avec les blocs de construction.<\/div>","protected":false},"excerpt":{"rendered":"<p>Marque : SEMBO<br \/>\nGenre: Unisexe<br \/>\nTranche d&#039;\u00e2ge : &gt; 6 ans<br \/>\nNum\u00e9ro de mod\u00e8le: 611043<br \/>\nClassement : Assemblage<br \/>\nForme de bloc en plastique\u00a0: briques autobloquantes<br \/>\nMat\u00e9riel: Plastique<br \/>\nType de plastique : ABS<br \/>\nBlocs de briques : 130 +<br \/>\nPr\u00e9vente<\/p>","protected":false},"featured_media":41134,"comment_status":"open","ping_status":"closed","template":"","meta":{"_acf_changed":false},"product_cat":[1365,371],"product_tag":[11072,8452,6594,6482],"class_list":["product","first","instock","shipping-taxable","purchasable","product-type-simple"],"acf":[],"_links":{"self":[{"href":"https:\/\/mouldking.store\/fr\/wp-json\/wp\/v2\/product\/41136","targetHints":{"allow":["GET"]}}],"collection":[{"href":"https:\/\/mouldking.store\/fr\/wp-json\/wp\/v2\/product"}],"about":[{"href":"https:\/\/mouldking.store\/fr\/wp-json\/wp\/v2\/types\/product"}],"replies":[{"embeddable":true,"href":"https:\/\/mouldking.store\/fr\/wp-json\/wp\/v2\/comments?post=41136"}],"wp:featuredmedia":[{"embeddable":true,"href":"https:\/\/mouldking.store\/fr\/wp-json\/wp\/v2\/media\/41134"}],"wp:attachment":[{"href":"https:\/\/mouldking.store\/fr\/wp-json\/wp\/v2\/media?parent=41136"}],"wp:term":[{"taxonomy":"product_cat","embeddable":true,"href":"https:\/\/mouldking.store\/fr\/wp-json\/wp\/v2\/product_cat?post=41136"},{"taxonomy":"product_tag","embeddable":true,"href":"https:\/\/mouldking.store\/fr\/wp-json\/wp\/v2\/product_tag?post=41136"}],"curies":[{"name":"wp","href":"https:\/\/api.w.org\/{rel}","templated":true}]}}