{"id":41139,"date":"2023-02-03T14:31:15","date_gmt":"2023-02-03T07:31:15","guid":{"rendered":"https:\/\/mouldking.store\/shop\/sembo-611042-cute-and-meaty-afro-head-pufferfish-with-131-pieces\/"},"modified":"2023-02-05T04:06:46","modified_gmt":"2023-02-04T21:06:46","slug":"sembo-611042-cute-and-meaty-afro-head-pufferfish-with-131-pieces","status":"publish","type":"product","link":"https:\/\/mouldking.store\/fr\/shop\/sembo-611042-cute-and-meaty-afro-head-pufferfish-with-131-pieces\/","title":{"rendered":"SEMBO 611042 Cute and Meaty : Poisson-globe \u00e0 t\u00eate afro avec 131 pi\u00e8ces"},"content":{"rendered":"<div>\u2705 SEMBO 611042 Cute and Meaty: Afro-head Pufferfish<br \/>&nbsp;<br \/>\u2705The building block set is designed for children and adults to create a variety of shapes. With the combination of building blocks, people can make all kinds of animals, flowers, buildings and more. Building blocks are durable and eco-friendly.<br \/>&nbsp;<br \/>\ud83d\udeabIMPORTANT !&nbsp;<br \/>&nbsp;<br \/>Product Name: Cute and Meaty: Afro-head Pufferfish<br \/>&nbsp;<br \/>Cat\u00e9gorie\u00a0: Cr\u00e9ateur<br \/>&nbsp;<br \/>This Kit Contains: SEMBO 611042<br \/>&nbsp;<br \/>131 pcs Good Quality Bricks&nbsp;<br \/>&nbsp;<br \/>Size: 7.4 \u00d7 6.4 \u00d7 6.5 cm<br \/>&nbsp;<br \/>Instructions manuelles&nbsp;<br \/>&nbsp;<br \/>\ud83d\udcccNature du protagoniste&nbsp;<br \/>&nbsp;<br \/>Introducing our proud collection named \u201cCute and Meaty: Afro-head Pufferfish\u201d you should not miss.&nbsp;<br \/>&nbsp;<br \/>Cute and meaty: Afro-head pufferfish is a set of building blocks created by Block Florist. This set is in the plant series, with 131 building blocks. The first release of this set will be in 2022 and it includes a cute pufferfish with a stone lotus on its head.<\/div>","protected":false},"excerpt":{"rendered":"<p>Marque : SEMBO<br \/>\nGenre: Unisexe<br \/>\nTranche d&#039;\u00e2ge : &gt; 6 ans<br \/>\nModel Number: 611042<br \/>\nClassement : Assemblage<br \/>\nForme de bloc en plastique\u00a0: briques autobloquantes<br \/>\nMat\u00e9riel: Plastique<br \/>\nType de plastique : ABS<br \/>\nBricks Blocks: 131 +<br \/>\nPr\u00e9vente<\/p>","protected":false},"featured_media":41137,"comment_status":"open","ping_status":"closed","template":"","meta":{"_acf_changed":false},"product_cat":[1365,371],"product_tag":[11072,8452,11218,9698,9767],"class_list":["product","first","instock","shipping-taxable","purchasable","product-type-simple"],"acf":[],"_links":{"self":[{"href":"https:\/\/mouldking.store\/fr\/wp-json\/wp\/v2\/product\/41139","targetHints":{"allow":["GET"]}}],"collection":[{"href":"https:\/\/mouldking.store\/fr\/wp-json\/wp\/v2\/product"}],"about":[{"href":"https:\/\/mouldking.store\/fr\/wp-json\/wp\/v2\/types\/product"}],"replies":[{"embeddable":true,"href":"https:\/\/mouldking.store\/fr\/wp-json\/wp\/v2\/comments?post=41139"}],"wp:featuredmedia":[{"embeddable":true,"href":"https:\/\/mouldking.store\/fr\/wp-json\/wp\/v2\/media\/41137"}],"wp:attachment":[{"href":"https:\/\/mouldking.store\/fr\/wp-json\/wp\/v2\/media?parent=41139"}],"wp:term":[{"taxonomy":"product_cat","embeddable":true,"href":"https:\/\/mouldking.store\/fr\/wp-json\/wp\/v2\/product_cat?post=41139"},{"taxonomy":"product_tag","embeddable":true,"href":"https:\/\/mouldking.store\/fr\/wp-json\/wp\/v2\/product_tag?post=41139"}],"curies":[{"name":"wp","href":"https:\/\/api.w.org\/{rel}","templated":true}]}}