{"id":41153,"date":"2023-02-03T14:50:58","date_gmt":"2023-02-03T07:50:58","guid":{"rendered":"https:\/\/mouldking.store\/shop\/quanguan-100242-panzerkampfwagen-vi-tiger-ausf-e-sd-kfz-181-tiger-i-with-503-pieces\/"},"modified":"2023-02-03T14:50:58","modified_gmt":"2023-02-03T07:50:58","slug":"quanguan-100242-panzerkampfwagen-vi-tiger-ausf-e-sd-kfz-181-tiger-i-with-503-pieces","status":"publish","type":"product","link":"https:\/\/mouldking.store\/fr\/shop\/quanguan-100242-panzerkampfwagen-vi-tiger-ausf-e-sd-kfz-181-tiger-i-with-503-pieces\/","title":{"rendered":"QUANGUAN 100242 Panzerkampfwagen VI Tiger Ausf.E (Sd.Kfz.181) Tiger I avec 503 pi\u00e8ces"},"content":{"rendered":"<div>\u2705 QuanGuan 100242 Panzerkampfwagen VI Tiger Ausf.E (Sd.Kfz.181) Tiger I<br \/>&nbsp;<br \/>\u2705Le Panzerkampfwagen VI Tiger \u00e9tait un char lourd allemand utilis\u00e9 pendant la Seconde Guerre mondiale. Le Tigre \u00e9tait connu pour son armure \u00e9paisse et son puissant canon de 88 mm, ce qui en faisait un adversaire redoutable sur le champ de bataille. Le char a \u00e9t\u00e9 introduit pour la premi\u00e8re fois en 1942 et a \u00e9t\u00e9 utilis\u00e9 principalement sur le front de l&#039;Est, o\u00f9 il a \u00e9t\u00e9 utilis\u00e9 pour percer les d\u00e9fenses sovi\u00e9tiques.<br \/>&nbsp;<br \/>\ud83d\udeabIMPORTANT !&nbsp;<br \/>&nbsp;<br \/>Nom du produit : Panzerkampfwagen VI Tiger Ausf.E (Sd.Kfz.181) Tiger I<br \/>&nbsp;<br \/>Cat\u00e9gorie : Militaire<br \/>&nbsp;<br \/>Ce kit contient : QuanGuan 100242&nbsp;<br \/>&nbsp;<br \/>503 briques de bonne qualit\u00e9.&nbsp;<br \/>&nbsp;<br \/>Taille : 19 x 7,4 cm<br \/>&nbsp;<br \/>Instructions manuelles&nbsp;<br \/>&nbsp;<br \/>\ud83d\udcccNature du protagoniste&nbsp;<br \/>&nbsp;<br \/>Vous ne devriez pas manquer la pr\u00e9sentation de notre fi\u00e8re collection nomm\u00e9e &quot;Panzerkampfwagen VI Tiger Ausf.E (Sd.Kfz.181) Tiger I&quot;.&nbsp;<br \/>&nbsp;<br \/>Il s&#039;agit d&#039;un nouveau type de jouet, le bloc en plastique en forme de \u00ab briques autobloquantes \u00bb. Les passionn\u00e9s de l&#039;arm\u00e9e vont adorer. Il a obtenu le certificat 3C, ce qui a rendu le produit beaucoup plus s\u00fbr pour les enfants. De plus, le nombre de blocs est d&#039;environ 503 + PC, qui peuvent \u00eatre connect\u00e9s \u00e0 d&#039;autres combinaisons de blocs pour cr\u00e9er des b\u00e2timents plus complexes et plus beaux.<\/div>","protected":false},"excerpt":{"rendered":"<p>Marque : QUANGUAN<br \/>\nGenre: Unisexe<br \/>\nTranche d&#039;\u00e2ge : &gt; 6 ans<br \/>\nNum\u00e9ro de mod\u00e8le: 100242<br \/>\nClassement : Assemblage<br \/>\nForme de bloc en plastique\u00a0: briques autobloquantes<br \/>\nMat\u00e9riel: Plastique<br \/>\nType de plastique : ABS<br \/>\nBlocs de briques : 503 +<br \/>\nAucune bo\u00eete<\/p>","protected":false},"featured_media":41147,"comment_status":"open","ping_status":"closed","template":"","meta":{"_acf_changed":false},"product_cat":[1350,1357,372,364],"product_tag":[374,485,389,6482],"class_list":["product","first","instock","shipping-taxable","purchasable","product-type-simple"],"acf":[],"_links":{"self":[{"href":"https:\/\/mouldking.store\/fr\/wp-json\/wp\/v2\/product\/41153","targetHints":{"allow":["GET"]}}],"collection":[{"href":"https:\/\/mouldking.store\/fr\/wp-json\/wp\/v2\/product"}],"about":[{"href":"https:\/\/mouldking.store\/fr\/wp-json\/wp\/v2\/types\/product"}],"replies":[{"embeddable":true,"href":"https:\/\/mouldking.store\/fr\/wp-json\/wp\/v2\/comments?post=41153"}],"wp:featuredmedia":[{"embeddable":true,"href":"https:\/\/mouldking.store\/fr\/wp-json\/wp\/v2\/media\/41147"}],"wp:attachment":[{"href":"https:\/\/mouldking.store\/fr\/wp-json\/wp\/v2\/media?parent=41153"}],"wp:term":[{"taxonomy":"product_cat","embeddable":true,"href":"https:\/\/mouldking.store\/fr\/wp-json\/wp\/v2\/product_cat?post=41153"},{"taxonomy":"product_tag","embeddable":true,"href":"https:\/\/mouldking.store\/fr\/wp-json\/wp\/v2\/product_tag?post=41153"}],"curies":[{"name":"wp","href":"https:\/\/api.w.org\/{rel}","templated":true}]}}