{"id":41190,"date":"2023-02-06T10:14:00","date_gmt":"2023-02-06T03:14:00","guid":{"rendered":"https:\/\/mouldking.store\/shop\/loz-1051-dream-castle-with-5427-pieces\/"},"modified":"2023-02-06T10:14:00","modified_gmt":"2023-02-06T03:14:00","slug":"loz-1051-dream-castle-with-5427-pieces","status":"publish","type":"product","link":"https:\/\/mouldking.store\/fr\/shop\/loz-1051-dream-castle-with-5427-pieces\/","title":{"rendered":"LOZ 1051 Dream Castle avec 5427 pi\u00e8ces"},"content":{"rendered":"<div>\u2705 LOZ 1051 Ch\u00e2teau de r\u00eave<br \/>&nbsp;<br \/>\u2705Dream Castle est l&#039;un des ensembles de blocs de construction les plus uniques au monde. Il se compose de 5427 pi\u00e8ces, avec diff\u00e9rentes formes, couleurs et fonctions. L&#039;ensemble peut \u00eatre combin\u00e9 pour cr\u00e9er une vari\u00e9t\u00e9 de sc\u00e8nes imaginatives, y compris une maison, un parc d&#039;attractions ou des contes de f\u00e9es.<br \/>&nbsp;<br \/>\ud83d\udeabIMPORTANT !&nbsp;<\/p>\n<p>Nom du produit : ch\u00e2teau de r\u00eave.<\/p>\n<p>Cat\u00e9gorie\u00a0: Cr\u00e9ateur&nbsp;<br \/>&nbsp;<br \/>Ce kit contient : LOZ 1051<br \/>&nbsp;<br \/>5427 pi\u00e8ces Briques de bonne qualit\u00e9&nbsp;<br \/>&nbsp;<br \/>Taille : 41,5 \u00d7 23,5 \u00d7 56 cm&nbsp;<br \/>&nbsp;<br \/>Instructions manuelles&nbsp;<br \/>&nbsp;<br \/>\ud83d\udcccNature du protagoniste&nbsp;<br \/>&nbsp;<br \/>Vous ne devriez pas manquer la pr\u00e9sentation de notre fi\u00e8re collection nomm\u00e9e &quot;Dream Castle&quot;.&nbsp;<br \/>&nbsp;<br \/>Dream Castle est un jouet destin\u00e9 aux parents et aux enfants, c&#039;est un lieu o\u00f9 ils peuvent se r\u00e9unir et cr\u00e9er leur propre histoire. Pour l&#039;enfant, c&#039;est un monde magique et amusant, avec des figurines d&#039;animaux et des accessoires. C&#039;est aussi une excellente occasion d&#039;interaction parent-enfant, occupant l&#039;attention de l&#039;enfant pendant des heures.<\/div>","protected":false},"excerpt":{"rendered":"<p>Marque : LOZ<br \/>\nGenre: Unisexe<br \/>\nTranche d&#039;\u00e2ge : &gt; 6 ans<br \/>\nNum\u00e9ro de mod\u00e8le: 1051<br \/>\nClassement : Assemblage<br \/>\nForme de bloc en plastique\u00a0: briques autobloquantes<br \/>\nMat\u00e9riel: Plastique<br \/>\nType de plastique : ABS<br \/>\nBlocs de Briques : 5427 +<br \/>\nAucune bo\u00eete<\/p>","protected":false},"featured_media":41183,"comment_status":"open","ping_status":"closed","template":"","meta":{"_acf_changed":false},"product_cat":[1365,1395,371,390],"product_tag":[787,11072,8452,2722,392],"class_list":["product","first","instock","shipping-taxable","purchasable","product-type-simple"],"acf":[],"_links":{"self":[{"href":"https:\/\/mouldking.store\/fr\/wp-json\/wp\/v2\/product\/41190","targetHints":{"allow":["GET"]}}],"collection":[{"href":"https:\/\/mouldking.store\/fr\/wp-json\/wp\/v2\/product"}],"about":[{"href":"https:\/\/mouldking.store\/fr\/wp-json\/wp\/v2\/types\/product"}],"replies":[{"embeddable":true,"href":"https:\/\/mouldking.store\/fr\/wp-json\/wp\/v2\/comments?post=41190"}],"wp:featuredmedia":[{"embeddable":true,"href":"https:\/\/mouldking.store\/fr\/wp-json\/wp\/v2\/media\/41183"}],"wp:attachment":[{"href":"https:\/\/mouldking.store\/fr\/wp-json\/wp\/v2\/media?parent=41190"}],"wp:term":[{"taxonomy":"product_cat","embeddable":true,"href":"https:\/\/mouldking.store\/fr\/wp-json\/wp\/v2\/product_cat?post=41190"},{"taxonomy":"product_tag","embeddable":true,"href":"https:\/\/mouldking.store\/fr\/wp-json\/wp\/v2\/product_tag?post=41190"}],"curies":[{"name":"wp","href":"https:\/\/api.w.org\/{rel}","templated":true}]}}