{"id":41211,"date":"2023-02-06T11:19:32","date_gmt":"2023-02-06T04:19:32","guid":{"rendered":"https:\/\/mouldking.store\/shop\/moc-factory-46894-leopard-2-a7-mbt-with-1244-pieces\/"},"modified":"2025-12-16T22:25:22","modified_gmt":"2025-12-16T15:25:22","slug":"moc-factory-46894-leopard-2-a7-mbt-with-1244-pieces","status":"publish","type":"product","link":"https:\/\/mouldking.store\/fr\/shop\/moc-factory-46894-leopard-2-a7-mbt-with-1244-pieces\/","title":{"rendered":"MOC Factory 46894 Leopard 2 A7 CCP avec 1244 pi\u00e8ces"},"content":{"rendered":"<div>\u2705 CCP MOC-46894 Leopard 2 A7<\/p>\n<p>\u2705Le Leopard 2 A7 est un char de combat principal (MBT) d\u00e9velopp\u00e9 par la soci\u00e9t\u00e9 allemande Krauss-Maffei Wegmann (KMW). Il s&#039;agit d&#039;une version modernis\u00e9e du Leopard 2 MBT, qui est l&#039;un des chars les plus utilis\u00e9s en Europe. Le Leopard 2 A7 est \u00e9quip\u00e9 d&#039;un certain nombre de fonctionnalit\u00e9s avanc\u00e9es, notamment une nouvelle g\u00e9n\u00e9ration de blindage, un moteur plus puissant et des syst\u00e8mes de contr\u00f4le de tir et de communication am\u00e9lior\u00e9s. La version A7 est con\u00e7ue pour une mobilit\u00e9, une capacit\u00e9 de survie et une puissance de feu \u00e9lev\u00e9es, ce qui en fait une plate-forme efficace pour la guerre moderne. Le Leopard 2 A7 est actuellement en service dans plusieurs pays et a \u00e9t\u00e9 utilis\u00e9 dans un certain nombre de conflits, y compris des op\u00e9rations de maintien de la paix et de stabilisation.<\/p>\n<p>\ud83d\udeabIMPORTANT !<\/p>\n<p>Nom du produit: Leopard 2 A7 CCP<\/p>\n<p>Cat\u00e9gorie : Militaire<\/p>\n<p>Ce kit contient : MOC-46894<\/p>\n<p>1244 briques de bonne qualit\u00e9.<\/p>\n<p>Poids : 1250g<\/p>\n<p>Instructions PDF<\/p>\n<p>\ud83d\udcccNature du protagoniste<\/p>\n<p>Vous ne devriez pas manquer la pr\u00e9sentation de notre fi\u00e8re collection nomm\u00e9e &quot;Leopard 2 A7 MBT&quot;.<\/p>\n<p>Le produit est un mod\u00e8le du Leopard 2 qui repr\u00e9sente la derni\u00e8re technologie MBT. Il permet d&#039;obtenir une mod\u00e9lisation sup\u00e9rieure, des d\u00e9tails de haute qualit\u00e9 et un r\u00e9alisme maximal dans la conception. Le v\u00e9hicule a \u00e9t\u00e9 modifi\u00e9 \u00e0 plusieurs reprises pour maximiser son apparence, qui comprend une structure raisonnable et une construction solide avec un design unique et une correspondance des couleurs pour lui donner une excellente valeur ornementale et de collection.<\/p><\/div>","protected":false},"excerpt":{"rendered":"<p>Marque : MOC Factory<br \/>\nGenre: Unisexe<br \/>\nTranche d&#039;\u00e2ge : &gt; 12 ans<br \/>\nNum\u00e9ro de mod\u00e8le: 46894<br \/>\nClassement : Assemblage<br \/>\nForme de bloc en plastique\u00a0: briques autobloquantes<br \/>\nMat\u00e9riel: Plastique<br \/>\nType de plastique : ABS<br \/>\nBlocs de Briques : 1244 +<br \/>\nTemps d&#039;arrangement\u00a0: 4 \u00e0 8\u00a0semaines<\/p>","protected":false},"featured_media":41206,"comment_status":"open","ping_status":"closed","template":"","meta":{"_acf_changed":false},"product_cat":[1350,1357,372,364],"product_tag":[11226,2641,374,485,389],"class_list":["product","first","instock","shipping-taxable","purchasable","product-type-simple"],"acf":[],"_links":{"self":[{"href":"https:\/\/mouldking.store\/fr\/wp-json\/wp\/v2\/product\/41211","targetHints":{"allow":["GET"]}}],"collection":[{"href":"https:\/\/mouldking.store\/fr\/wp-json\/wp\/v2\/product"}],"about":[{"href":"https:\/\/mouldking.store\/fr\/wp-json\/wp\/v2\/types\/product"}],"replies":[{"embeddable":true,"href":"https:\/\/mouldking.store\/fr\/wp-json\/wp\/v2\/comments?post=41211"}],"wp:featuredmedia":[{"embeddable":true,"href":"https:\/\/mouldking.store\/fr\/wp-json\/wp\/v2\/media\/41206"}],"wp:attachment":[{"href":"https:\/\/mouldking.store\/fr\/wp-json\/wp\/v2\/media?parent=41211"}],"wp:term":[{"taxonomy":"product_cat","embeddable":true,"href":"https:\/\/mouldking.store\/fr\/wp-json\/wp\/v2\/product_cat?post=41211"},{"taxonomy":"product_tag","embeddable":true,"href":"https:\/\/mouldking.store\/fr\/wp-json\/wp\/v2\/product_tag?post=41211"}],"curies":[{"name":"wp","href":"https:\/\/api.w.org\/{rel}","templated":true}]}}