{"id":41217,"date":"2023-02-06T11:28:16","date_gmt":"2023-02-06T04:28:16","guid":{"rendered":"https:\/\/mouldking.store\/shop\/moc-factory-39493-btr-82a-apc-model-with-798-pieces\/"},"modified":"2025-12-16T22:25:22","modified_gmt":"2025-12-16T15:25:22","slug":"moc-factory-39493-btr-82a-apc-model-with-798-pieces","status":"publish","type":"product","link":"https:\/\/mouldking.store\/fr\/shop\/moc-factory-39493-btr-82a-apc-model-with-798-pieces\/","title":{"rendered":"Usine MOC 39493 BTR-82A | Mod\u00e8le APC avec 798 pi\u00e8ces"},"content":{"rendered":"<div>\u2705 MOC-39493 BTR-82A | Mod\u00e8le APC<\/p>\n<p>\u2705Le BTR-82A est un mod\u00e8le de v\u00e9hicule blind\u00e9 de transport de troupes (APC) d\u00e9velopp\u00e9 par la soci\u00e9t\u00e9 russe Kurganmashzavod. Il s&#039;agit d&#039;une version modernis\u00e9e du BTR-80 APC, qui est un v\u00e9hicule largement utilis\u00e9 dans l&#039;arm\u00e9e russe. Le BTR-82A est \u00e9quip\u00e9 d&#039;un certain nombre de fonctionnalit\u00e9s avanc\u00e9es, notamment une nouvelle g\u00e9n\u00e9ration de blindage, un moteur plus puissant et des syst\u00e8mes de contr\u00f4le de tir et de communication am\u00e9lior\u00e9s. Le v\u00e9hicule est con\u00e7u pour transporter des soldats d&#039;infanterie et leur \u00e9quipement sur le champ de bataille, fournir un appui-feu et effectuer d&#039;autres t\u00e2ches sp\u00e9cifiques \u00e0 la mission.<\/p>\n<p>\ud83d\udeabIMPORTANT !<\/p>\n<p>Nom du produit : BTR-82A | Mod\u00e8le APC<\/p>\n<p>Cat\u00e9gorie : Militaire<\/p>\n<p>Ce kit contient : MOC-39493<\/p>\n<p>798 briques de bonne qualit\u00e9.<\/p>\n<p>Poids : 800g<\/p>\n<p>Instructions PDF<\/p>\n<p>\ud83d\udcccNature du protagoniste<\/p>\n<p>Pr\u00e9sentation de notre fi\u00e8re collection nomm\u00e9e &quot;BTR-82A | Mod\u00e8le APC\u201d \u00e0 ne pas manquer.<\/p>\n<p>Un nouveau mod\u00e8le MOC 41968 Leopard 2 A7 MBT am\u00e9lior\u00e9 qui est un incontournable pour tous les passionn\u00e9s de l&#039;arm\u00e9e. Notre version modifi\u00e9e du design original a des parties int\u00e9rieures r\u00e9alistes qui sont combin\u00e9es avec un design unique et une correspondance des couleurs pour cr\u00e9er un produit de qualit\u00e9 sup\u00e9rieure qui peut \u00eatre utilis\u00e9 comme objet de collection ornemental.<\/p><\/div>","protected":false},"excerpt":{"rendered":"<p>Marque : MOC Factory<br \/>\nGenre: Unisexe<br \/>\nTranche d&#039;\u00e2ge : &gt; 12 ans<br \/>\nNum\u00e9ro de mod\u00e8le: 39493<br \/>\nClassement : Assemblage<br \/>\nForme de bloc en plastique\u00a0: briques autobloquantes<br \/>\nMat\u00e9riel: Plastique<br \/>\nType de plastique : ABS<br \/>\nBlocs de briques : 798 +<br \/>\nTemps d&#039;arrangement\u00a0: 4 \u00e0 8\u00a0semaines<\/p>","protected":false},"featured_media":41212,"comment_status":"open","ping_status":"closed","template":"","meta":{"_acf_changed":false},"product_cat":[1350,1357,372,364],"product_tag":[11228,11227,374,485,389],"class_list":["product","first","instock","shipping-taxable","purchasable","product-type-simple"],"acf":[],"_links":{"self":[{"href":"https:\/\/mouldking.store\/fr\/wp-json\/wp\/v2\/product\/41217","targetHints":{"allow":["GET"]}}],"collection":[{"href":"https:\/\/mouldking.store\/fr\/wp-json\/wp\/v2\/product"}],"about":[{"href":"https:\/\/mouldking.store\/fr\/wp-json\/wp\/v2\/types\/product"}],"replies":[{"embeddable":true,"href":"https:\/\/mouldking.store\/fr\/wp-json\/wp\/v2\/comments?post=41217"}],"wp:featuredmedia":[{"embeddable":true,"href":"https:\/\/mouldking.store\/fr\/wp-json\/wp\/v2\/media\/41212"}],"wp:attachment":[{"href":"https:\/\/mouldking.store\/fr\/wp-json\/wp\/v2\/media?parent=41217"}],"wp:term":[{"taxonomy":"product_cat","embeddable":true,"href":"https:\/\/mouldking.store\/fr\/wp-json\/wp\/v2\/product_cat?post=41217"},{"taxonomy":"product_tag","embeddable":true,"href":"https:\/\/mouldking.store\/fr\/wp-json\/wp\/v2\/product_tag?post=41217"}],"curies":[{"name":"wp","href":"https:\/\/api.w.org\/{rel}","templated":true}]}}