{"id":41223,"date":"2023-02-06T11:36:27","date_gmt":"2023-02-06T04:36:27","guid":{"rendered":"https:\/\/mouldking.store\/shop\/moc-factory-38471-halo-pillar-of-autumn-light-cruiser-with-1422-pieces\/"},"modified":"2025-12-16T22:25:22","modified_gmt":"2025-12-16T15:25:22","slug":"moc-factory-38471-halo-pillar-of-autumn-light-cruiser-with-1422-pieces","status":"publish","type":"product","link":"https:\/\/mouldking.store\/fr\/shop\/moc-factory-38471-halo-pillar-of-autumn-light-cruiser-with-1422-pieces\/","title":{"rendered":"MOC Factory 38471 HALO Pillar of Autumn Light Cruiser avec 1422 pi\u00e8ces"},"content":{"rendered":"<div>\u2705 MOC-38471 HALO Pilier du croiseur l\u00e9ger d&#039;automne<\/p>\n<p>\u2705Le Pillar of Autumn est un navire de guerre \u00e9quip\u00e9 d&#039;une technologie et d&#039;armes avanc\u00e9es, dont un moteur Shaw-Fujikawa Translight, qui lui permet de voyager plus vite que la lumi\u00e8re. Le navire est command\u00e9 par Jacob Keyes et sert d&#039;acteur cl\u00e9 dans les \u00e9v\u00e9nements de l&#039;univers Halo, servant de vaisseau d&#039;\u00e9vasion pour les derniers humains restants alors qu&#039;ils fuient une attaque covenante. Le Pillar of Autumn est d\u00e9crit comme un redoutable vaisseau militaire et joue un r\u00f4le central dans les \u00e9v\u00e9nements de l&#039;univers Halo.<\/p>\n<p>\ud83d\udeabIMPORTANT !<\/p>\n<p>Nom du produit : HALO Pillar of Autumn Light Cruiser<\/p>\n<p>Cat\u00e9gorie : Militaire<\/p>\n<p>Ce kit contient : MOC-38471<\/p>\n<p>1422 briques de bonne qualit\u00e9.<\/p>\n<p>Poids : 1400g<\/p>\n<p>Instructions PDF<\/p>\n<p>\ud83d\udcccNature du protagoniste<\/p>\n<p>Vous ne devriez pas manquer la pr\u00e9sentation de notre fi\u00e8re collection nomm\u00e9e &quot;HALO Pillar of Autumn Light Cruiser&quot;.<\/p>\n<p>Ce mod\u00e8le de croiseur l\u00e9ger MOC-38471 pr\u00e9sente un design original et des pi\u00e8ces int\u00e9rieures r\u00e9alistes. Modifi\u00e9 et revu plusieurs fois, le produit maximise l&#039;apparence de la sc\u00e8ne, qui est con\u00e7ue avec une structure raisonnable, un b\u00e2timent ferme et incroyable, ainsi qu&#039;un design unique et une correspondance des couleurs pour une valeur ornementale et de collection sup\u00e9rieure.<\/p><\/div>","protected":false},"excerpt":{"rendered":"<p>Marque : MOC Factory<br \/>\nGenre: Unisexe<br \/>\nTranche d&#039;\u00e2ge : &gt; 12 ans<br \/>\nNum\u00e9ro de mod\u00e8le: 38471<br \/>\nClassement : Assemblage<br \/>\nForme de bloc en plastique\u00a0: briques autobloquantes<br \/>\nMat\u00e9riel: Plastique<br \/>\nType de plastique : ABS<br \/>\nBlocs de Briques : 1422 +<br \/>\nTemps d&#039;arrangement\u00a0: 4 \u00e0 8\u00a0semaines<\/p>","protected":false},"featured_media":41218,"comment_status":"open","ping_status":"closed","template":"","meta":{"_acf_changed":false},"product_cat":[1350,1357,372,6016,364],"product_tag":[5541,10465,374,2276,389],"class_list":["product","first","instock","shipping-taxable","purchasable","product-type-simple"],"acf":[],"_links":{"self":[{"href":"https:\/\/mouldking.store\/fr\/wp-json\/wp\/v2\/product\/41223","targetHints":{"allow":["GET"]}}],"collection":[{"href":"https:\/\/mouldking.store\/fr\/wp-json\/wp\/v2\/product"}],"about":[{"href":"https:\/\/mouldking.store\/fr\/wp-json\/wp\/v2\/types\/product"}],"replies":[{"embeddable":true,"href":"https:\/\/mouldking.store\/fr\/wp-json\/wp\/v2\/comments?post=41223"}],"wp:featuredmedia":[{"embeddable":true,"href":"https:\/\/mouldking.store\/fr\/wp-json\/wp\/v2\/media\/41218"}],"wp:attachment":[{"href":"https:\/\/mouldking.store\/fr\/wp-json\/wp\/v2\/media?parent=41223"}],"wp:term":[{"taxonomy":"product_cat","embeddable":true,"href":"https:\/\/mouldking.store\/fr\/wp-json\/wp\/v2\/product_cat?post=41223"},{"taxonomy":"product_tag","embeddable":true,"href":"https:\/\/mouldking.store\/fr\/wp-json\/wp\/v2\/product_tag?post=41223"}],"curies":[{"name":"wp","href":"https:\/\/api.w.org\/{rel}","templated":true}]}}