{"id":41229,"date":"2023-02-06T11:44:23","date_gmt":"2023-02-06T04:44:23","guid":{"rendered":"https:\/\/mouldking.store\/shop\/moc-factory-34858-leclerc-main-battle-tank-with-1173-pieces\/"},"modified":"2025-12-16T22:25:22","modified_gmt":"2025-12-16T15:25:22","slug":"moc-factory-34858-leclerc-main-battle-tank-with-1173-pieces","status":"publish","type":"product","link":"https:\/\/mouldking.store\/fr\/shop\/moc-factory-34858-leclerc-main-battle-tank-with-1173-pieces\/","title":{"rendered":"MOC Factory 34858 Char de combat principal LECLERC avec 1173 pi\u00e8ces"},"content":{"rendered":"<div>\u2705 MOC-34858 Char de combat principal LECLERC<\/p>\n<p>\u2705Le char de combat principal Leclerc est un char de fabrication fran\u00e7aise d\u00e9velopp\u00e9 par Giat Industries (aujourd&#039;hui Nexter Systems) et utilis\u00e9 par l&#039;arm\u00e9e fran\u00e7aise. Il a \u00e9t\u00e9 introduit pour la premi\u00e8re fois en 1992 et est consid\u00e9r\u00e9 comme l&#039;un des chars les plus avanc\u00e9s au monde, avec des caract\u00e9ristiques telles qu&#039;une conception compacte, une grande mobilit\u00e9 et des syst\u00e8mes de contr\u00f4le de tir et de communication \u00e0 la pointe de la technologie.<\/p>\n<p>\ud83d\udeabIMPORTANT !<\/p>\n<p>Nom du produit : char de combat principal LECLERC<\/p>\n<p>Cat\u00e9gorie : Militaire<\/p>\n<p>Ce kit contient : MOC-34858<\/p>\n<p>1173 briques de bonne qualit\u00e9.<\/p>\n<p>Poids : 1200g<\/p>\n<p>Instructions PDF<\/p>\n<p>\ud83d\udcccNature du protagoniste<\/p>\n<p>Vous ne devriez pas manquer la pr\u00e9sentation de notre fi\u00e8re collection nomm\u00e9e &quot;LECLERC Main Battle Tank&quot;.<\/p>\n<p>Le Leclerc est un char de combat principal fran\u00e7ais de troisi\u00e8me g\u00e9n\u00e9ration qui est l&#039;aboutissement d&#039;une ligne d&#039;\u00e9volution qui a d\u00e9but\u00e9 avec l&#039;AMX-30. Le Leclerc est l&#039;un sinon le MBT le plus \u00e9quilibr\u00e9 et le plus rentable au monde, combinant une grande mobilit\u00e9 et une puissance de feu avec une utilisation \u00e9conomique des ressources.<\/p><\/div>","protected":false},"excerpt":{"rendered":"<p>Marque : MOC Factory<br \/>\nGenre: Unisexe<br \/>\nTranche d&#039;\u00e2ge : &gt; 12 ans<br \/>\nNum\u00e9ro de mod\u00e8le: 34858<br \/>\nClassement : Assemblage<br \/>\nForme de bloc en plastique\u00a0: briques autobloquantes<br \/>\nMat\u00e9riel: Plastique<br \/>\nType de plastique : ABS<br \/>\nBlocs de Briques : 1173 +<br \/>\nTemps d&#039;arrangement\u00a0: 4 \u00e0 8\u00a0semaines<\/p>","protected":false},"featured_media":41224,"comment_status":"open","ping_status":"closed","template":"","meta":{"_acf_changed":false},"product_cat":[1350,1357,372,364],"product_tag":[11229,2641,374,485,389],"class_list":["product","first","instock","shipping-taxable","purchasable","product-type-simple"],"acf":[],"_links":{"self":[{"href":"https:\/\/mouldking.store\/fr\/wp-json\/wp\/v2\/product\/41229","targetHints":{"allow":["GET"]}}],"collection":[{"href":"https:\/\/mouldking.store\/fr\/wp-json\/wp\/v2\/product"}],"about":[{"href":"https:\/\/mouldking.store\/fr\/wp-json\/wp\/v2\/types\/product"}],"replies":[{"embeddable":true,"href":"https:\/\/mouldking.store\/fr\/wp-json\/wp\/v2\/comments?post=41229"}],"wp:featuredmedia":[{"embeddable":true,"href":"https:\/\/mouldking.store\/fr\/wp-json\/wp\/v2\/media\/41224"}],"wp:attachment":[{"href":"https:\/\/mouldking.store\/fr\/wp-json\/wp\/v2\/media?parent=41229"}],"wp:term":[{"taxonomy":"product_cat","embeddable":true,"href":"https:\/\/mouldking.store\/fr\/wp-json\/wp\/v2\/product_cat?post=41229"},{"taxonomy":"product_tag","embeddable":true,"href":"https:\/\/mouldking.store\/fr\/wp-json\/wp\/v2\/product_tag?post=41229"}],"curies":[{"name":"wp","href":"https:\/\/api.w.org\/{rel}","templated":true}]}}