{"id":41247,"date":"2023-02-06T12:34:42","date_gmt":"2023-02-06T05:34:42","guid":{"rendered":"https:\/\/mouldking.store\/shop\/moc-factory-89484-wide-west-saloon-the-castle-architecture-with-6481-pieces\/"},"modified":"2025-12-16T22:25:21","modified_gmt":"2025-12-16T15:25:21","slug":"moc-factory-89484-wide-west-saloon-the-castle-architecture-with-6481-pieces","status":"publish","type":"product","link":"https:\/\/mouldking.store\/fr\/shop\/moc-factory-89484-wide-west-saloon-the-castle-architecture-with-6481-pieces\/","title":{"rendered":"MOC Factory 89484 Wide West Saloon L&#039;architecture du ch\u00e2teau avec 6481 pi\u00e8ces"},"content":{"rendered":"<div>\u2705 MOC-89484 Wide West Saloon L&#039;architecture du ch\u00e2teau<\/p>\n<p>\u2705 L&#039;UCS Wide West Saloon est un mod\u00e8le d&#039;architecture de ch\u00e2teau modulaire. Les blocs de construction de ce kit sont compatibles avec toutes les grandes marques de briques et les types de briques incluent de nombreuses couleurs, telles que le marron, le noir, le bleu fonc\u00e9, le bleu clair et l&#039;orange. Ces blocs fonctionneront pour ceux qui veulent construire un MOC de s\u00e9rie western ou des briques technologiques de village de campagne !<\/p>\n<p>\ud83d\udeabIMPORTANT !<\/p>\n<p>Nom du produit : Wide West Saloon The Castle Architecture<\/p>\n<p>Cat\u00e9gorie : Construction Modulaire<\/p>\n<p>Ce kit contient : MOC-89484<\/p>\n<p>6481 pi\u00e8ces Briques de bonne qualit\u00e9<\/p>\n<p>Instructions PDF<\/p>\n<p>\ud83d\udcccNature du protagoniste<\/p>\n<p>Vous ne devriez pas manquer la pr\u00e9sentation de notre fi\u00e8re collection nomm\u00e9e &quot;Wide West Saloon The Castle Architecture&quot;.<\/p>\n<p>UCS Wide West Saloon L&#039;architecture du ch\u00e2teau est un ensemble de blocs MOC de style Western Series. Ils sont tous fabriqu\u00e9s en mat\u00e9riau ABS durable, de haute qualit\u00e9 et respectueux de l&#039;environnement. En m\u00eame temps, ils sont \u00e9galement faciles \u00e0 assembler, ce qui peut \u00eatre fait comme cadeaux de No\u00ebl (ou d&#039;autres festivals) pour les enfants et les adultes. Avec ces blocs, vous pouvez cr\u00e9er votre propre ville et villages de style occidental.<\/p><\/div>","protected":false},"excerpt":{"rendered":"<p>Marque : MOC Factory<br \/>\nGenre: Unisexe<br \/>\nTranche d&#039;\u00e2ge : &gt; 12 ans<br \/>\nNum\u00e9ro de mod\u00e8le: 89484<br \/>\nClassement : Assemblage<br \/>\nForme de bloc en plastique\u00a0: briques autobloquantes<br \/>\nMat\u00e9riel: Plastique<br \/>\nType de plastique : ABS<br \/>\nBlocs de Briques : 6481 +<br \/>\nTemps d&#039;arrangement\u00a0: 4 \u00e0 8\u00a0semaines<\/p>","protected":false},"featured_media":41242,"comment_status":"open","ping_status":"closed","template":"","meta":{"_acf_changed":false},"product_cat":[1395,390],"product_tag":[787,4883,11099,392,4093,6373,9100],"class_list":["product","first","instock","shipping-taxable","purchasable","product-type-simple"],"acf":[],"_links":{"self":[{"href":"https:\/\/mouldking.store\/fr\/wp-json\/wp\/v2\/product\/41247","targetHints":{"allow":["GET"]}}],"collection":[{"href":"https:\/\/mouldking.store\/fr\/wp-json\/wp\/v2\/product"}],"about":[{"href":"https:\/\/mouldking.store\/fr\/wp-json\/wp\/v2\/types\/product"}],"replies":[{"embeddable":true,"href":"https:\/\/mouldking.store\/fr\/wp-json\/wp\/v2\/comments?post=41247"}],"wp:featuredmedia":[{"embeddable":true,"href":"https:\/\/mouldking.store\/fr\/wp-json\/wp\/v2\/media\/41242"}],"wp:attachment":[{"href":"https:\/\/mouldking.store\/fr\/wp-json\/wp\/v2\/media?parent=41247"}],"wp:term":[{"taxonomy":"product_cat","embeddable":true,"href":"https:\/\/mouldking.store\/fr\/wp-json\/wp\/v2\/product_cat?post=41247"},{"taxonomy":"product_tag","embeddable":true,"href":"https:\/\/mouldking.store\/fr\/wp-json\/wp\/v2\/product_tag?post=41247"}],"curies":[{"name":"wp","href":"https:\/\/api.w.org\/{rel}","templated":true}]}}