{"id":41251,"date":"2023-02-06T12:51:50","date_gmt":"2023-02-06T05:51:50","guid":{"rendered":"https:\/\/mouldking.store\/shop\/moc-factory-38195-mario-castle-with-264-pieces\/"},"modified":"2025-12-16T22:25:21","modified_gmt":"2025-12-16T15:25:21","slug":"moc-factory-38195-mario-castle-with-264-pieces","status":"publish","type":"product","link":"https:\/\/mouldking.store\/fr\/shop\/moc-factory-38195-mario-castle-with-264-pieces\/","title":{"rendered":"MOC Factory 38195 Mario Castle avec 264 pi\u00e8ces"},"content":{"rendered":"<div>\u2705 MOC-38195 Ch\u00e2teau de Mario<\/p>\n<p>\u2705L&#039;ensemble de blocs de construction du ch\u00e2teau de Mario est un excellent moyen de construire le ch\u00e2teau le plus c\u00e9l\u00e8bre de Mario dans le jeu. Il contient toutes les briques dont vous avez besoin pour assembler un ensemble de briques, et il est \u00e9galement livr\u00e9 avec des instructions sur la fa\u00e7on de rendre la construction aussi simple que possible.<\/p>\n<p>\ud83d\udeabIMPORTANT !<\/p>\n<p>Nom du produit : Ch\u00e2teau de Mario<\/p>\n<p>Cat\u00e9gorie : Construction Modulaire<\/p>\n<p>Ce kit contient : MOC-38195<\/p>\n<p>264 briques de bonne qualit\u00e9.<\/p>\n<p>Instructions PDF<\/p>\n<p>\ud83d\udcccNature du protagoniste<\/p>\n<p>Vous ne devriez pas manquer la pr\u00e9sentation de notre fi\u00e8re collection nomm\u00e9e &quot;Mario Castle&quot;.<\/p>\n<p>Mario Castle est un jeu de blocs de construction MOC (My Own Creation) qui peut \u00eatre assembl\u00e9 pour construire des mod\u00e8les de ch\u00e2teau c\u00e9l\u00e8bres. Il offre \u00e0 la fois des divertissements et des connaissances aux enfants en leur apprenant \u00e0 conna\u00eetre les ch\u00e2teaux. Les briques sont fabriqu\u00e9es en mat\u00e9riau ABS de haute qualit\u00e9, ce qui signifie qu&#039;elles sont durables et sans danger pour les enfants.<\/p><\/div>","protected":false},"excerpt":{"rendered":"<p>Marque : MOC Factory<br \/>\nGenre: Unisexe<br \/>\nTranche d&#039;\u00e2ge : &gt; 6 ans<br \/>\nNum\u00e9ro de mod\u00e8le: 38195<br \/>\nClassement : Assemblage<br \/>\nForme de bloc en plastique\u00a0: briques autobloquantes<br \/>\nMat\u00e9riel: Plastique<br \/>\nType de plastique : ABS<br \/>\nBlocs de briques : 264 +<br \/>\nTemps d&#039;arrangement\u00a0: 4 \u00e0 8\u00a0semaines<\/p>","protected":false},"featured_media":41248,"comment_status":"open","ping_status":"closed","template":"","meta":{"_acf_changed":false},"product_cat":[1365,1395,371,390],"product_tag":[787,11072,8452,9139,6418,392],"class_list":["product","first","instock","shipping-taxable","purchasable","product-type-simple"],"acf":[],"_links":{"self":[{"href":"https:\/\/mouldking.store\/fr\/wp-json\/wp\/v2\/product\/41251","targetHints":{"allow":["GET"]}}],"collection":[{"href":"https:\/\/mouldking.store\/fr\/wp-json\/wp\/v2\/product"}],"about":[{"href":"https:\/\/mouldking.store\/fr\/wp-json\/wp\/v2\/types\/product"}],"replies":[{"embeddable":true,"href":"https:\/\/mouldking.store\/fr\/wp-json\/wp\/v2\/comments?post=41251"}],"wp:featuredmedia":[{"embeddable":true,"href":"https:\/\/mouldking.store\/fr\/wp-json\/wp\/v2\/media\/41248"}],"wp:attachment":[{"href":"https:\/\/mouldking.store\/fr\/wp-json\/wp\/v2\/media?parent=41251"}],"wp:term":[{"taxonomy":"product_cat","embeddable":true,"href":"https:\/\/mouldking.store\/fr\/wp-json\/wp\/v2\/product_cat?post=41251"},{"taxonomy":"product_tag","embeddable":true,"href":"https:\/\/mouldking.store\/fr\/wp-json\/wp\/v2\/product_tag?post=41251"}],"curies":[{"name":"wp","href":"https:\/\/api.w.org\/{rel}","templated":true}]}}