{"id":41267,"date":"2023-02-07T09:51:19","date_gmt":"2023-02-07T02:51:19","guid":{"rendered":"https:\/\/mouldking.store\/shop\/sembo-612011-trendy-bear-china-qee-with-169-pieces\/"},"modified":"2023-03-08T10:26:33","modified_gmt":"2023-03-08T03:26:33","slug":"sembo-612011-trendy-bear-china-qee-with-169-pieces","status":"publish","type":"product","link":"https:\/\/mouldking.store\/fr\/shop\/sembo-612011-trendy-bear-china-qee-with-169-pieces\/","title":{"rendered":"SEMBO 612011 Ours tendance : China Qee avec 169 pi\u00e8ces"},"content":{"rendered":"<div>\u2705 SEMBO 612011 Ours tendance : China Qee<\/p>\n<p>\u2705Trendy Bear : China Qee est une s\u00e9rie cr\u00e9ative de blocs de construction avec 169 particules. Cet ensemble est la premi\u00e8re sortie en 2023 et plaira aux fans de cr\u00e9ation du monde entier.<\/p>\n<p>\ud83d\udeabIMPORTANT !<\/p>\n<p>Nom du produit : Ours tendance : China Qee<\/p>\n<p>Cat\u00e9gorie\u00a0: Cr\u00e9ateur<\/p>\n<p>Ce kit contient : SEMBO 612011<\/p>\n<p>169 briques de bonne qualit\u00e9.<\/p>\n<p>Taille : 9,5 \u00d7 11,1 \u00d7 16,7 cm<\/p>\n<p>Instructions manuelles<\/p>\n<p>\ud83d\udcccNature du protagoniste<\/p>\n<p>Vous ne devriez pas manquer la pr\u00e9sentation de notre fi\u00e8re collection nomm\u00e9e &quot;Trendy Bear\u00a0: China Qee&quot;.<\/p>\n<p>The Trendy Bear : China Qee est un jouet cr\u00e9atif, qui est un ensemble de blocs de construction. Il contient 169 pi\u00e8ces au total et peut aider les enfants \u00e0 am\u00e9liorer leur cr\u00e9ativit\u00e9 et leur imagination. De plus, la conception de chaque bloc est diff\u00e9rente, ce qui peut am\u00e9liorer la capacit\u00e9 des enfants \u00e0 diff\u00e9rencier les couleurs et les formes.<\/p><\/div>","protected":false},"excerpt":{"rendered":"<p>Marque : SEMBO<br \/>\nGenre: Unisexe<br \/>\nTranche d&#039;\u00e2ge : &gt; 6 ans<br \/>\nNum\u00e9ro de mod\u00e8le: 612011<br \/>\nClassement : Assemblage<br \/>\nForme de bloc en plastique\u00a0: briques autobloquantes<br \/>\nMat\u00e9riel: Plastique<br \/>\nType de plastique : ABS<br \/>\nBlocs de briques : 169 +<br \/>\nPr\u00e9vente<\/p>","protected":false},"featured_media":41266,"comment_status":"open","ping_status":"closed","template":"","meta":{"_acf_changed":false},"product_cat":[1365,371],"product_tag":[2271,10892,11072,8452],"class_list":["product","first","instock","shipping-taxable","purchasable","product-type-simple"],"acf":[],"_links":{"self":[{"href":"https:\/\/mouldking.store\/fr\/wp-json\/wp\/v2\/product\/41267","targetHints":{"allow":["GET"]}}],"collection":[{"href":"https:\/\/mouldking.store\/fr\/wp-json\/wp\/v2\/product"}],"about":[{"href":"https:\/\/mouldking.store\/fr\/wp-json\/wp\/v2\/types\/product"}],"replies":[{"embeddable":true,"href":"https:\/\/mouldking.store\/fr\/wp-json\/wp\/v2\/comments?post=41267"}],"wp:featuredmedia":[{"embeddable":true,"href":"https:\/\/mouldking.store\/fr\/wp-json\/wp\/v2\/media\/41266"}],"wp:attachment":[{"href":"https:\/\/mouldking.store\/fr\/wp-json\/wp\/v2\/media?parent=41267"}],"wp:term":[{"taxonomy":"product_cat","embeddable":true,"href":"https:\/\/mouldking.store\/fr\/wp-json\/wp\/v2\/product_cat?post=41267"},{"taxonomy":"product_tag","embeddable":true,"href":"https:\/\/mouldking.store\/fr\/wp-json\/wp\/v2\/product_tag?post=41267"}],"curies":[{"name":"wp","href":"https:\/\/api.w.org\/{rel}","templated":true}]}}