{"id":41300,"date":"2023-02-07T11:44:38","date_gmt":"2023-02-07T04:44:38","guid":{"rendered":"https:\/\/mouldking.store\/shop\/moc-factory-103088-museum-of-natural-history-with-2604-pieces\/"},"modified":"2025-12-16T22:25:21","modified_gmt":"2025-12-16T15:25:21","slug":"moc-factory-103088-museum-of-natural-history-with-2604-pieces","status":"publish","type":"product","link":"https:\/\/mouldking.store\/fr\/shop\/moc-factory-103088-museum-of-natural-history-with-2604-pieces\/","title":{"rendered":"MOC Factory 103088 Mus\u00e9e d&#039;histoire naturelle avec 2604 pi\u00e8ces"},"content":{"rendered":"<div>\u2705 MOC-103088 Mus\u00e9um d&#039;Histoire Naturelle<\/p>\n<p>\u2705 Le Mus\u00e9e am\u00e9ricain d&#039;histoire naturelle (AMNH) est une institution scientifique et culturelle de renomm\u00e9e mondiale situ\u00e9e \u00e0 New York. Fond\u00e9 en 1869, c&#039;est l&#039;un des plus grands mus\u00e9es de ce type au monde, avec plus de 46 salles d&#039;exposition et une collection de plus de 32 millions de sp\u00e9cimens et d&#039;artefacts culturels. Les collections et la recherche du mus\u00e9e couvrent un large \u00e9ventail de sujets, y compris l&#039;anthropologie, la biologie.<\/p>\n<p>\ud83d\udeabIMPORTANT !<\/p>\n<p>Nom du produit\u00a0: Mus\u00e9e d&#039;histoire naturelle<\/p>\n<p>Cat\u00e9gorie : Construction Modulaire<\/p>\n<p>Ce kit contient : MOC-103088<\/p>\n<p>2604 briques de bonne qualit\u00e9.<\/p>\n<p>Taille : 38,4 x 25,6 x 36 cm<\/p>\n<p>Instructions PDF<\/p>\n<p>\ud83d\udcccNature du protagoniste<\/p>\n<p>Vous ne devriez pas manquer la pr\u00e9sentation de notre fi\u00e8re collection nomm\u00e9e &quot;Mus\u00e9e d&#039;histoire naturelle&quot;.<\/p>\n<p>Les blocs de construction du Mus\u00e9e d&#039;histoire naturelle sont le cadeau parfait pour tout architecte, d\u00e9corateur d&#039;int\u00e9rieur ou travailleur de la construction en herbe. Ces blocs offrent des heures de plaisir et de divertissement ainsi qu&#039;une valeur \u00e9ducative gr\u00e2ce \u00e0 leur conception de haute qualit\u00e9. Cet ensemble comprend un guide pour aider \u00e0 construire le mus\u00e9e de vos r\u00eaves de A \u00e0 Z, afin de simuler l&#039;exp\u00e9rience r\u00e9elle de la conception et de la construction de ces types de b\u00e2timents.<\/p><\/div>","protected":false},"excerpt":{"rendered":"<p>Marque : MOC Factory<br \/>\nGenre: Unisexe<br \/>\nTranche d&#039;\u00e2ge : &gt; 12 ans<br \/>\nNum\u00e9ro de mod\u00e8le: 103088<br \/>\nClassement : Assemblage<br \/>\nForme de bloc en plastique\u00a0: briques autobloquantes<br \/>\nMat\u00e9riel: Plastique<br \/>\nType de plastique : ABS<br \/>\nBlocs de Briques : 2604 +<br \/>\nTemps d&#039;arrangement\u00a0: 4 \u00e0 8\u00a0semaines<\/p>","protected":false},"featured_media":41296,"comment_status":"open","ping_status":"closed","template":"","meta":{"_acf_changed":false},"product_cat":[1395,390],"product_tag":[11244,4883,11243,5679,392,3244],"class_list":["product","first","instock","shipping-taxable","purchasable","product-type-simple"],"acf":[],"_links":{"self":[{"href":"https:\/\/mouldking.store\/fr\/wp-json\/wp\/v2\/product\/41300","targetHints":{"allow":["GET"]}}],"collection":[{"href":"https:\/\/mouldking.store\/fr\/wp-json\/wp\/v2\/product"}],"about":[{"href":"https:\/\/mouldking.store\/fr\/wp-json\/wp\/v2\/types\/product"}],"replies":[{"embeddable":true,"href":"https:\/\/mouldking.store\/fr\/wp-json\/wp\/v2\/comments?post=41300"}],"wp:featuredmedia":[{"embeddable":true,"href":"https:\/\/mouldking.store\/fr\/wp-json\/wp\/v2\/media\/41296"}],"wp:attachment":[{"href":"https:\/\/mouldking.store\/fr\/wp-json\/wp\/v2\/media?parent=41300"}],"wp:term":[{"taxonomy":"product_cat","embeddable":true,"href":"https:\/\/mouldking.store\/fr\/wp-json\/wp\/v2\/product_cat?post=41300"},{"taxonomy":"product_tag","embeddable":true,"href":"https:\/\/mouldking.store\/fr\/wp-json\/wp\/v2\/product_tag?post=41300"}],"curies":[{"name":"wp","href":"https:\/\/api.w.org\/{rel}","templated":true}]}}