{"id":41307,"date":"2023-02-07T12:00:25","date_gmt":"2023-02-07T05:00:25","guid":{"rendered":"https:\/\/mouldking.store\/shop\/moc-factory-82740-medieval-house-with-524-pieces\/"},"modified":"2025-12-16T22:25:21","modified_gmt":"2025-12-16T15:25:21","slug":"moc-factory-82740-medieval-house-with-524-pieces","status":"publish","type":"product","link":"https:\/\/mouldking.store\/fr\/shop\/moc-factory-82740-medieval-house-with-524-pieces\/","title":{"rendered":"MOC Factory 82740 Maison m\u00e9di\u00e9vale avec 524 pi\u00e8ces"},"content":{"rendered":"<div>\u2705 MOC-82740 Medieval House<\/p>\n<p>\u2705 This is a model kit of the Medieval House, a building block kit with premium quality that you can assemble without worrying about odor and eco-friendliness. It&#8217;s cost effective and perfect, with all the features you want.<\/p>\n<p>\ud83d\udeabIMPORTANT !<\/p>\n<p>Product Name: Medieval House<\/p>\n<p>Cat\u00e9gorie : Construction Modulaire<\/p>\n<p>This Kit Contains: MOC-82740<\/p>\n<p>524 pcs Good Quality Bricks<\/p>\n<p>Weight: 500g<\/p>\n<p>Instructions PDF<\/p>\n<p>\ud83d\udcccNature du protagoniste<\/p>\n<p>Introducing our proud collection named \u201cMedieval House\u201d you should not miss.<\/p>\n<p>The Medieval House is a reproduction of an iconic house from the Middle Ages. It has been designed with special attention to authenticity, but also for easy assembly and durability in modern times. The model includes a detailed interior, which makes it perfect for those who love models and want the authentic medieval feeling.<\/p><\/div>","protected":false},"excerpt":{"rendered":"<p>Marque : MOC Factory<br \/>\nGenre: Unisexe<br \/>\nTranche d&#039;\u00e2ge : &gt; 12 ans<br \/>\nModel Number: 82740<br \/>\nClassement : Assemblage<br \/>\nForme de bloc en plastique\u00a0: briques autobloquantes<br \/>\nMat\u00e9riel: Plastique<br \/>\nType de plastique : ABS<br \/>\nBricks Blocks: 524 +<br \/>\nTemps d&#039;arrangement\u00a0: 4 \u00e0 8\u00a0semaines<\/p>","protected":false},"featured_media":41301,"comment_status":"open","ping_status":"closed","template":"","meta":{"_acf_changed":false},"product_cat":[1365,1395,371,390],"product_tag":[11072,8452,2318,11099,392],"class_list":["product","first","instock","shipping-taxable","purchasable","product-type-simple"],"acf":[],"_links":{"self":[{"href":"https:\/\/mouldking.store\/fr\/wp-json\/wp\/v2\/product\/41307","targetHints":{"allow":["GET"]}}],"collection":[{"href":"https:\/\/mouldking.store\/fr\/wp-json\/wp\/v2\/product"}],"about":[{"href":"https:\/\/mouldking.store\/fr\/wp-json\/wp\/v2\/types\/product"}],"replies":[{"embeddable":true,"href":"https:\/\/mouldking.store\/fr\/wp-json\/wp\/v2\/comments?post=41307"}],"wp:featuredmedia":[{"embeddable":true,"href":"https:\/\/mouldking.store\/fr\/wp-json\/wp\/v2\/media\/41301"}],"wp:attachment":[{"href":"https:\/\/mouldking.store\/fr\/wp-json\/wp\/v2\/media?parent=41307"}],"wp:term":[{"taxonomy":"product_cat","embeddable":true,"href":"https:\/\/mouldking.store\/fr\/wp-json\/wp\/v2\/product_cat?post=41307"},{"taxonomy":"product_tag","embeddable":true,"href":"https:\/\/mouldking.store\/fr\/wp-json\/wp\/v2\/product_tag?post=41307"}],"curies":[{"name":"wp","href":"https:\/\/api.w.org\/{rel}","templated":true}]}}