{"id":41313,"date":"2023-02-07T12:10:25","date_gmt":"2023-02-07T05:10:25","guid":{"rendered":"https:\/\/mouldking.store\/shop\/moc-factory-102880-ultimate-playset-mandos-n1-starfighter-with-482-pieces\/"},"modified":"2025-12-16T22:25:21","modified_gmt":"2025-12-16T15:25:21","slug":"moc-factory-102880-ultimate-playset-mandos-n1-starfighter-with-482-pieces","status":"publish","type":"product","link":"https:\/\/mouldking.store\/fr\/shop\/moc-factory-102880-ultimate-playset-mandos-n1-starfighter-with-482-pieces\/","title":{"rendered":"MOC Factory 102880 Ultimate Playset Mando&#039;S N1 Starfighter avec 482 pi\u00e8ces"},"content":{"rendered":"<div>\u2705 MOC-102880 Ultimate Playset Mando&#039;S N1 Starfighter<\/p>\n<p>\u2705 L&#039;Ultimate Playset Mando&#039;s N-1 Starfighter est un jouet de la franchise Star Wars. Il est bas\u00e9 sur le N-1 Starfighter, qui est un type de vaisseau spatial pr\u00e9sent\u00e9 dans la s\u00e9rie Disney+ &quot;The Mandalorian&quot;. L&#039;ensemble de jeu est une r\u00e9plique jouet du N-1 Starfighter et est con\u00e7u pour que les enfants puissent jouer avec. Il comporte g\u00e9n\u00e9ralement diverses fonctionnalit\u00e9s interactives, telles que des lumi\u00e8res et des sons, et peut \u00eatre accompagn\u00e9 de figurines miniatures ou d&#039;autres accessoires.<\/p>\n<p>\ud83d\udeabIMPORTANT !<\/p>\n<p>Nom du produit : Ultimate Playset Mando&#039;S N1 Starfighter<\/p>\n<p>Cat\u00e9gorie : Guerres des \u00e9toiles<\/p>\n<p>Ce kit contient : MOC-102880<\/p>\n<p>482 briques de bonne qualit\u00e9.<\/p>\n<p>Taille : Poids : 1000g<\/p>\n<p>Instructions PDF<\/p>\n<p>\ud83d\udcccNature du protagoniste<\/p>\n<p>Vous ne devriez pas manquer la pr\u00e9sentation de notre fi\u00e8re collection nomm\u00e9e &quot;Ultimate Playset Mando&#039;S N1 Starfighter&quot;.<\/p>\n<p>L&#039;Ultimate Playset Mando&#039;S N1 Starfighter est le jouet ultime pour tous les amateurs de Star Wars. Cet ensemble de blocs de construction est fabriqu\u00e9 en mat\u00e9riau ABS de qualit\u00e9 sup\u00e9rieure, inodore et respectueux de l&#039;environnement pour une sensation de douceur et un assemblage s\u00fbr. Les blocs de construction sont rentables avec perfection et simulation de la conception originale. Le mod\u00e8le est rempli d&#039;\u00e9quipements int\u00e9rieurs complets et de d\u00e9tails d\u00e9licats.<\/p><\/div>","protected":false},"excerpt":{"rendered":"<p>Marque : MOC Factory<br \/>\nGenre: Unisexe<br \/>\nTranche d&#039;\u00e2ge : &gt; 12 ans<br \/>\nNum\u00e9ro de mod\u00e8le: 102880<br \/>\nClassement : Assemblage<br \/>\nForme de bloc en plastique\u00a0: briques autobloquantes<br \/>\nMat\u00e9riel: Plastique<br \/>\nType de plastique : ABS<br \/>\nBlocs de Briques : 482 +<br \/>\nTemps d&#039;arrangement\u00a0: 4 \u00e0 8\u00a0semaines<\/p>","protected":false},"featured_media":41308,"comment_status":"open","ping_status":"closed","template":"","meta":{"_acf_changed":false},"product_cat":[581,6016,415,1408],"product_tag":[11246,434,6555,9414,2276,436,11247,11245],"class_list":["product","first","instock","shipping-taxable","purchasable","product-type-simple"],"acf":[],"_links":{"self":[{"href":"https:\/\/mouldking.store\/fr\/wp-json\/wp\/v2\/product\/41313","targetHints":{"allow":["GET"]}}],"collection":[{"href":"https:\/\/mouldking.store\/fr\/wp-json\/wp\/v2\/product"}],"about":[{"href":"https:\/\/mouldking.store\/fr\/wp-json\/wp\/v2\/types\/product"}],"replies":[{"embeddable":true,"href":"https:\/\/mouldking.store\/fr\/wp-json\/wp\/v2\/comments?post=41313"}],"wp:featuredmedia":[{"embeddable":true,"href":"https:\/\/mouldking.store\/fr\/wp-json\/wp\/v2\/media\/41308"}],"wp:attachment":[{"href":"https:\/\/mouldking.store\/fr\/wp-json\/wp\/v2\/media?parent=41313"}],"wp:term":[{"taxonomy":"product_cat","embeddable":true,"href":"https:\/\/mouldking.store\/fr\/wp-json\/wp\/v2\/product_cat?post=41313"},{"taxonomy":"product_tag","embeddable":true,"href":"https:\/\/mouldking.store\/fr\/wp-json\/wp\/v2\/product_tag?post=41313"}],"curies":[{"name":"wp","href":"https:\/\/api.w.org\/{rel}","templated":true}]}}