{"id":41360,"date":"2023-02-08T10:06:04","date_gmt":"2023-02-08T03:06:04","guid":{"rendered":"https:\/\/mouldking.store\/shop\/hsanhe-6366-lincoln-memorial-with-251-pieces\/"},"modified":"2023-03-08T10:40:17","modified_gmt":"2023-03-08T03:40:17","slug":"hsanhe-6366-lincoln-memorial-with-251-pieces","status":"publish","type":"product","link":"https:\/\/mouldking.store\/fr\/shop\/hsanhe-6366-lincoln-memorial-with-251-pieces\/","title":{"rendered":"HSANHE 6366 Lincoln Memorial avec 251 pi\u00e8ces"},"content":{"rendered":"<div>\u2705 HSANHE 6366 M\u00e9morial Lincoln<\/p>\n<p>\u2705 Le Lincoln Memorial est un grand monument situ\u00e9 \u00e0 Washington DC, aux \u00c9tats-Unis, d\u00e9di\u00e9 au pr\u00e9sident Abraham Lincoln. Il a \u00e9t\u00e9 construit pour comm\u00e9morer la pr\u00e9sidence de Lincoln et son r\u00f4le dans la pr\u00e9servation de l&#039;Union pendant la guerre civile am\u00e9ricaine. Le m\u00e9morial a la forme d&#039;un temple grec et pr\u00e9sente une statue de Lincoln assise \u00e0 l&#039;int\u00e9rieur, entour\u00e9e d&#039;inscriptions de certains de ses discours et d\u00e9clarations c\u00e9l\u00e8bres. Le Lincoln Memorial est l&#039;un des monuments les plus embl\u00e9matiques des \u00c9tats-Unis et un symbole de l&#039;unit\u00e9 nationale.<\/p>\n<p>\ud83d\udeabIMPORTANT !<\/p>\n<p>Nom du produit : Lincoln Memorial<\/p>\n<p>Cat\u00e9gorie : Construction Modulaire<\/p>\n<p>Ce kit contient : HSANHE 6366<\/p>\n<p>251 briques de bonne qualit\u00e9.<\/p>\n<p>Taille : 12,8 \u00d7 9,6 \u00d7 7,1 cm<\/p>\n<p>Instructions manuelles<\/p>\n<p>\ud83d\udcccNature du protagoniste<\/p>\n<p>Vous ne devriez pas manquer la pr\u00e9sentation de notre fi\u00e8re collection nomm\u00e9e &quot;Lincoln Memorial&quot;.<\/p>\n<p>Cet ensemble de blocs de construction est un jouet \u00e9ducatif. Il y a 251 pi\u00e8ces au total et elles sont toutes \u00e9tiquet\u00e9es selon leur forme et leur couleur, afin que les enfants puissent apprendre les noms et les formes des diff\u00e9rentes parties d&#039;un b\u00e2timent. Le design est bas\u00e9 sur l&#039;architecture du m\u00e9morial du pr\u00e9sident am\u00e9ricain Lincoln et stimulera l&#039;imagination des petits architectes.<\/p><\/div>","protected":false},"excerpt":{"rendered":"<p>Marque : HSANHE<br \/>\nGenre: Unisexe<br \/>\nTranche d&#039;\u00e2ge : &gt; 6 ans<br \/>\nNum\u00e9ro de mod\u00e8le: 6366<br \/>\nClassement : Assemblage<br \/>\nForme de bloc en plastique\u00a0: briques autobloquantes<br \/>\nMat\u00e9riel: Plastique<br \/>\nType de plastique : ABS<br \/>\nBlocs de briques : 251 +<br \/>\nPr\u00e9vente<\/p>","protected":false},"featured_media":41359,"comment_status":"open","ping_status":"closed","template":"","meta":{"_acf_changed":false},"product_cat":[1395,390],"product_tag":[4883,11253,11254,392],"class_list":["product","first","instock","shipping-taxable","purchasable","product-type-simple"],"acf":[],"_links":{"self":[{"href":"https:\/\/mouldking.store\/fr\/wp-json\/wp\/v2\/product\/41360","targetHints":{"allow":["GET"]}}],"collection":[{"href":"https:\/\/mouldking.store\/fr\/wp-json\/wp\/v2\/product"}],"about":[{"href":"https:\/\/mouldking.store\/fr\/wp-json\/wp\/v2\/types\/product"}],"replies":[{"embeddable":true,"href":"https:\/\/mouldking.store\/fr\/wp-json\/wp\/v2\/comments?post=41360"}],"wp:featuredmedia":[{"embeddable":true,"href":"https:\/\/mouldking.store\/fr\/wp-json\/wp\/v2\/media\/41359"}],"wp:attachment":[{"href":"https:\/\/mouldking.store\/fr\/wp-json\/wp\/v2\/media?parent=41360"}],"wp:term":[{"taxonomy":"product_cat","embeddable":true,"href":"https:\/\/mouldking.store\/fr\/wp-json\/wp\/v2\/product_cat?post=41360"},{"taxonomy":"product_tag","embeddable":true,"href":"https:\/\/mouldking.store\/fr\/wp-json\/wp\/v2\/product_tag?post=41360"}],"curies":[{"name":"wp","href":"https:\/\/api.w.org\/{rel}","templated":true}]}}