{"id":41366,"date":"2023-02-08T10:30:20","date_gmt":"2023-02-08T03:30:20","guid":{"rendered":"https:\/\/mouldking.store\/shop\/wange-2889-s89-engineering-forklift-with-94-pieces\/"},"modified":"2023-02-08T10:30:20","modified_gmt":"2023-02-08T03:30:20","slug":"wange-2889-s89-engineering-forklift-with-94-pieces","status":"publish","type":"product","link":"https:\/\/mouldking.store\/fr\/shop\/wange-2889-s89-engineering-forklift-with-94-pieces\/","title":{"rendered":"Chariot \u00e9l\u00e9vateur d&#039;ing\u00e9nierie WANGE 2889 S89 avec 94 pi\u00e8ces"},"content":{"rendered":"<div>\u2705 WANGE 2889 S89 Engineering Forklift<\/p>\n<p>\u2705 The S89 engineering forklift is a grand-scale forklift truck with advanced technology. With the help of its high-quality power system and its amazing steering, it can be applied to many industries including mining, transfer, port operation, construction and more.<\/p>\n<p>\ud83d\udeabIMPORTANT !<\/p>\n<p>Product Name: S89 Engineering Forklift<\/p>\n<p>Cat\u00e9gorie : Technique<\/p>\n<p>This Kit Contains: WANGE 2889<\/p>\n<p>94 pcs Good Quality Bricks<\/p>\n<p>Size: 15.9 \u00d7 6.4 \u00d7 8.6 cm<\/p>\n<p>Instructions manuelles<\/p>\n<p>\ud83d\udcccNature du protagoniste<\/p>\n<p>Introducing our proud collection named \u201cS89 Engineering Forklift\u201d you should not miss.<\/p>\n<p>The S89 engineering forklift belongs to the city series building block set, and the whole set contains 94 building block particles. First release in 2022.<\/p><\/div>","protected":false},"excerpt":{"rendered":"<p>Marque : WANGE<br \/>\nGenre: Unisexe<br \/>\nTranche d&#039;\u00e2ge : &gt; 6 ans<br \/>\nModel Number: 2889<br \/>\nClassement : Assemblage<br \/>\nForme de bloc en plastique\u00a0: briques autobloquantes<br \/>\nMat\u00e9riel: Plastique<br \/>\nType de plastique : ABS<br \/>\nBricks Blocks: 94 +<br \/>\nPr\u00e9vente<\/p>","protected":false},"featured_media":41364,"comment_status":"open","ping_status":"closed","template":"","meta":{"_acf_changed":false},"product_cat":[1357,364],"product_tag":[11140,2779,389,11080],"class_list":["product","first","instock","shipping-taxable","purchasable","product-type-simple"],"acf":[],"_links":{"self":[{"href":"https:\/\/mouldking.store\/fr\/wp-json\/wp\/v2\/product\/41366","targetHints":{"allow":["GET"]}}],"collection":[{"href":"https:\/\/mouldking.store\/fr\/wp-json\/wp\/v2\/product"}],"about":[{"href":"https:\/\/mouldking.store\/fr\/wp-json\/wp\/v2\/types\/product"}],"replies":[{"embeddable":true,"href":"https:\/\/mouldking.store\/fr\/wp-json\/wp\/v2\/comments?post=41366"}],"wp:featuredmedia":[{"embeddable":true,"href":"https:\/\/mouldking.store\/fr\/wp-json\/wp\/v2\/media\/41364"}],"wp:attachment":[{"href":"https:\/\/mouldking.store\/fr\/wp-json\/wp\/v2\/media?parent=41366"}],"wp:term":[{"taxonomy":"product_cat","embeddable":true,"href":"https:\/\/mouldking.store\/fr\/wp-json\/wp\/v2\/product_cat?post=41366"},{"taxonomy":"product_tag","embeddable":true,"href":"https:\/\/mouldking.store\/fr\/wp-json\/wp\/v2\/product_tag?post=41366"}],"curies":[{"name":"wp","href":"https:\/\/api.w.org\/{rel}","templated":true}]}}