{"id":41382,"date":"2023-02-08T11:05:31","date_gmt":"2023-02-08T04:05:31","guid":{"rendered":"https:\/\/mouldking.store\/shop\/moc-factory-71401-oriental-palace-architecture-with-6945-pieces\/"},"modified":"2025-12-16T22:25:21","modified_gmt":"2025-12-16T15:25:21","slug":"moc-factory-71401-oriental-palace-architecture-with-6945-pieces","status":"publish","type":"product","link":"https:\/\/mouldking.store\/fr\/shop\/moc-factory-71401-oriental-palace-architecture-with-6945-pieces\/","title":{"rendered":"MOC Factory 71401 Architecture de palais oriental avec 6945 pi\u00e8ces"},"content":{"rendered":"<div>\u2705 MOC-71401 Architecture des palais orientaux<\/p>\n<p>\u2705Oriental Palace Architecture a une architecture de palais oriental magnifique et d\u00e9taill\u00e9e qui sera une belle d\u00e9coration pour votre maison. Les blocs de construction sont fabriqu\u00e9s en mat\u00e9riau ABS de qualit\u00e9 sup\u00e9rieure, inodore et respectueux de l&#039;environnement pour une sensation de douceur et un assemblage s\u00fbr.&nbsp;<\/p>\n<p>\ud83d\udeabIMPORTANT !<\/p>\n<p>Nom du produit : architecture de palais oriental<\/p>\n<p>Cat\u00e9gorie : Construction Modulaire<\/p>\n<p>Ce kit contient : MOC-71401<\/p>\n<p>6945 pi\u00e8ces Briques de bonne qualit\u00e9<\/p>\n<p>Poids : 8000g<\/p>\n<p>Instructions PDF<\/p>\n<p>\ud83d\udcccNature du protagoniste<\/p>\n<p>Vous ne devriez pas manquer la pr\u00e9sentation de notre fi\u00e8re collection nomm\u00e9e &quot;Oriental Palace Architecture&quot;.<\/p>\n<p>L&#039;ensemble de blocs de construction Oriental Palace Architecture est fabriqu\u00e9 \u00e0 partir de mat\u00e9riaux de qualit\u00e9 sup\u00e9rieure, sans odeur et respectueux de l&#039;environnement pour une sensation de douceur dans votre main. Le jouet est livr\u00e9 avec des instructions \u00e9lectroniques claires et faciles \u00e0 suivre sur cl\u00e9 USB pour ceux qui sont nouveaux dans le monde des blocs de construction.<\/p><\/div>","protected":false},"excerpt":{"rendered":"<p>Marque : MOC Factory<br \/>\nGenre: Unisexe<br \/>\nTranche d&#039;\u00e2ge : &gt; 12 ans<br \/>\nNum\u00e9ro de mod\u00e8le: 71401<br \/>\nClassement : Assemblage<br \/>\nForme de bloc en plastique\u00a0: briques autobloquantes<br \/>\nMat\u00e9riel: Plastique<br \/>\nType de plastique : ABS<br \/>\nBlocs de Briques : 6945 +<br \/>\nTemps d&#039;arrangement\u00a0: 4 \u00e0 8\u00a0semaines<\/p>","protected":false},"featured_media":41376,"comment_status":"open","ping_status":"closed","template":"","meta":{"_acf_changed":false},"product_cat":[1395,390],"product_tag":[11260,727,4883,392,11259,4581],"class_list":["product","first","instock","shipping-taxable","purchasable","product-type-simple"],"acf":[],"_links":{"self":[{"href":"https:\/\/mouldking.store\/fr\/wp-json\/wp\/v2\/product\/41382","targetHints":{"allow":["GET"]}}],"collection":[{"href":"https:\/\/mouldking.store\/fr\/wp-json\/wp\/v2\/product"}],"about":[{"href":"https:\/\/mouldking.store\/fr\/wp-json\/wp\/v2\/types\/product"}],"replies":[{"embeddable":true,"href":"https:\/\/mouldking.store\/fr\/wp-json\/wp\/v2\/comments?post=41382"}],"wp:featuredmedia":[{"embeddable":true,"href":"https:\/\/mouldking.store\/fr\/wp-json\/wp\/v2\/media\/41376"}],"wp:attachment":[{"href":"https:\/\/mouldking.store\/fr\/wp-json\/wp\/v2\/media?parent=41382"}],"wp:term":[{"taxonomy":"product_cat","embeddable":true,"href":"https:\/\/mouldking.store\/fr\/wp-json\/wp\/v2\/product_cat?post=41382"},{"taxonomy":"product_tag","embeddable":true,"href":"https:\/\/mouldking.store\/fr\/wp-json\/wp\/v2\/product_tag?post=41382"}],"curies":[{"name":"wp","href":"https:\/\/api.w.org\/{rel}","templated":true}]}}