{"id":41397,"date":"2023-02-08T11:36:15","date_gmt":"2023-02-08T04:36:15","guid":{"rendered":"https:\/\/mouldking.store\/shop\/moc-factory-60901-the-crystal-ship-with-662-pieces\/"},"modified":"2025-12-16T22:25:20","modified_gmt":"2025-12-16T15:25:20","slug":"moc-factory-60901-the-crystal-ship-with-662-pieces","status":"publish","type":"product","link":"https:\/\/mouldking.store\/fr\/shop\/moc-factory-60901-the-crystal-ship-with-662-pieces\/","title":{"rendered":"MOC Factory 60901 Le bateau de cristal avec 662 pi\u00e8ces"},"content":{"rendered":"<div>\u2705 MOC-60901 Le vaisseau de cristal<\/p>\n<p>\u2705 Le Crystal Ship est un ensemble de construction unique en son genre, fabriqu\u00e9 \u00e0 la main, compos\u00e9 de mat\u00e9riaux de haute qualit\u00e9 et respectueux de l&#039;environnement. Les blocs sont livr\u00e9s avec une cl\u00e9 USB contenant des instructions faciles \u00e0 suivre. Il encourage les enfants d\u00e8s l&#039;\u00e2ge de trois ans \u00e0 apprendre \u00e0 construire des structures de base \u00e0 des structures plus complexes.<\/p>\n<p>\ud83d\udeabIMPORTANT !<\/p>\n<p>Nom du produit : le navire de cristal<\/p>\n<p>Cat\u00e9gorie : Technique<\/p>\n<p>Ce kit contient : MOC-60901&nbsp;<\/p>\n<p>662 briques de bonne qualit\u00e9.<\/p>\n<p>Poids : 1000g<\/p>\n<p>Instructions PDF<\/p>\n<p>\ud83d\udcccNature du protagoniste<\/p>\n<p>Vous ne devriez pas manquer la pr\u00e9sentation de notre fi\u00e8re collection nomm\u00e9e &quot;The Crystal Ship&quot;.<\/p>\n<p>Le Crystal Ship est un ensemble de blocs de construction innovant qui combine un jouet de la vieille \u00e9cole avec la technologie, vous donnant \u00e0 la fois des instructions \u00e9lectroniques interactives et un manuel d&#039;assemblage clair.<\/p><\/div>","protected":false},"excerpt":{"rendered":"<p>Marque : MOC Factory<br \/>\nGenre: Unisexe<br \/>\nTranche d&#039;\u00e2ge : &gt; 12 ans<br \/>\nNum\u00e9ro de mod\u00e8le: 60901<br \/>\nClassement : Assemblage<br \/>\nForme de bloc en plastique\u00a0: briques autobloquantes<br \/>\nMat\u00e9riel: Plastique<br \/>\nType de plastique : ABS<br \/>\nBlocs de briques : 662 +<br \/>\nTemps d&#039;arrangement\u00a0: 4 \u00e0 8\u00a0semaines<\/p>","protected":false},"featured_media":41393,"comment_status":"open","ping_status":"closed","template":"","meta":{"_acf_changed":false},"product_cat":[1357,364],"product_tag":[729,304,389,11080],"class_list":["product","first","instock","shipping-taxable","purchasable","product-type-simple"],"acf":[],"_links":{"self":[{"href":"https:\/\/mouldking.store\/fr\/wp-json\/wp\/v2\/product\/41397","targetHints":{"allow":["GET"]}}],"collection":[{"href":"https:\/\/mouldking.store\/fr\/wp-json\/wp\/v2\/product"}],"about":[{"href":"https:\/\/mouldking.store\/fr\/wp-json\/wp\/v2\/types\/product"}],"replies":[{"embeddable":true,"href":"https:\/\/mouldking.store\/fr\/wp-json\/wp\/v2\/comments?post=41397"}],"wp:featuredmedia":[{"embeddable":true,"href":"https:\/\/mouldking.store\/fr\/wp-json\/wp\/v2\/media\/41393"}],"wp:attachment":[{"href":"https:\/\/mouldking.store\/fr\/wp-json\/wp\/v2\/media?parent=41397"}],"wp:term":[{"taxonomy":"product_cat","embeddable":true,"href":"https:\/\/mouldking.store\/fr\/wp-json\/wp\/v2\/product_cat?post=41397"},{"taxonomy":"product_tag","embeddable":true,"href":"https:\/\/mouldking.store\/fr\/wp-json\/wp\/v2\/product_tag?post=41397"}],"curies":[{"name":"wp","href":"https:\/\/api.w.org\/{rel}","templated":true}]}}