{"id":41422,"date":"2023-02-08T12:19:58","date_gmt":"2023-02-08T05:19:58","guid":{"rendered":"https:\/\/mouldking.store\/shop\/moc-factory-102833-ultimate-playset-n1-starfighter-with-367-pieces\/"},"modified":"2025-12-16T22:25:20","modified_gmt":"2025-12-16T15:25:20","slug":"moc-factory-102833-ultimate-playset-n1-starfighter-with-367-pieces","status":"publish","type":"product","link":"https:\/\/mouldking.store\/fr\/shop\/moc-factory-102833-ultimate-playset-n1-starfighter-with-367-pieces\/","title":{"rendered":"MOC Factory 102833 Ultimate Playset N1 Starfighter avec 367 pi\u00e8ces"},"content":{"rendered":"<div>\u2705MOC-102833 Ultimate Playset N1 Starfighter<\/p>\n<p>\u2705Le &quot;Ultimate Playset N1 Starfighter&quot; est un ensemble de jeu bas\u00e9 sur le N1 Starfighter, un vaisseau spatial fictif de la franchise Star Wars. Le N1 Starfighter est un type de vaisseau spatial utilis\u00e9 par le peuple Naboo dans la trilogie pr\u00e9quelle de Star Wars.<\/p>\n<p>\ud83d\udeabIMPORTANT !<\/p>\n<p>Nom du produit : Ultimate Playset N1 Starfighter<\/p>\n<p>Cat\u00e9gorie : Guerres des \u00e9toiles<\/p>\n<p>Ce kit contient : MOC-102833<\/p>\n<p>367 briques de bonne qualit\u00e9.<\/p>\n<p>Poids : 1000g<\/p>\n<p>Instructions PDF<\/p>\n<p>\ud83d\udcccNature du protagoniste<\/p>\n<p>Vous ne devriez pas manquer la pr\u00e9sentation de notre fi\u00e8re collection nomm\u00e9e &quot;Ultimate Playset N1 Starfighter&quot;.<\/p>\n<p>Ultimate Playset N1 Starfighter est le cadeau parfait pour tout amateur de Star Wars. Les blocs de construction sont fabriqu\u00e9s en mat\u00e9riau ABS de qualit\u00e9 sup\u00e9rieure, inodore et respectueux de l&#039;environnement pour une sensation de douceur et un assemblage s\u00fbr. Ultimate Playset N1 Starfighter est \u00e9galement un excellent outil pour l&#039;\u00e9ducation et vaut vraiment la peine d&#039;\u00eatre collectionn\u00e9.<\/p><\/div>","protected":false},"excerpt":{"rendered":"<p>Marque : MOC Factory<br \/>\nGenre: Unisexe<br \/>\nTranche d&#039;\u00e2ge : &gt; 12 ans<br \/>\nNum\u00e9ro de mod\u00e8le: 102833<br \/>\nClassement : Assemblage<br \/>\nForme de bloc en plastique\u00a0: briques autobloquantes<br \/>\nMat\u00e9riel: Plastique<br \/>\nType de plastique : ABS<br \/>\nBlocs de briques : 367 +<br \/>\nTemps d&#039;arrangement\u00a0: 4 \u00e0 8\u00a0semaines<\/p>","protected":false},"featured_media":41417,"comment_status":"open","ping_status":"closed","template":"","meta":{"_acf_changed":false},"product_cat":[581,6016,415,1408],"product_tag":[434,6555,2276,436,11247,11245],"class_list":["product","first","instock","shipping-taxable","purchasable","product-type-simple"],"acf":[],"_links":{"self":[{"href":"https:\/\/mouldking.store\/fr\/wp-json\/wp\/v2\/product\/41422","targetHints":{"allow":["GET"]}}],"collection":[{"href":"https:\/\/mouldking.store\/fr\/wp-json\/wp\/v2\/product"}],"about":[{"href":"https:\/\/mouldking.store\/fr\/wp-json\/wp\/v2\/types\/product"}],"replies":[{"embeddable":true,"href":"https:\/\/mouldking.store\/fr\/wp-json\/wp\/v2\/comments?post=41422"}],"wp:featuredmedia":[{"embeddable":true,"href":"https:\/\/mouldking.store\/fr\/wp-json\/wp\/v2\/media\/41417"}],"wp:attachment":[{"href":"https:\/\/mouldking.store\/fr\/wp-json\/wp\/v2\/media?parent=41422"}],"wp:term":[{"taxonomy":"product_cat","embeddable":true,"href":"https:\/\/mouldking.store\/fr\/wp-json\/wp\/v2\/product_cat?post=41422"},{"taxonomy":"product_tag","embeddable":true,"href":"https:\/\/mouldking.store\/fr\/wp-json\/wp\/v2\/product_tag?post=41422"}],"curies":[{"name":"wp","href":"https:\/\/api.w.org\/{rel}","templated":true}]}}