{"id":41486,"date":"2023-02-13T09:50:43","date_gmt":"2023-02-13T02:50:43","guid":{"rendered":"https:\/\/mouldking.store\/shop\/loz-1072-sichuan-style-hot-pot-with-4344-pieces\/"},"modified":"2023-02-13T09:50:43","modified_gmt":"2023-02-13T02:50:43","slug":"loz-1072-sichuan-style-hot-pot-with-4344-pieces","status":"publish","type":"product","link":"https:\/\/mouldking.store\/fr\/shop\/loz-1072-sichuan-style-hot-pot-with-4344-pieces\/","title":{"rendered":"LOZ 1072 Casserole style Sichuan avec 4344 pi\u00e8ces"},"content":{"rendered":"<div>\u2705 LOZ 1072 Casserole style Sichuan<\/p>\n<p>\u2705Le hot pot de style Sichuan est un type de hot pot originaire de la province chinoise du Sichuan. C&#039;est un type de repas commun o\u00f9 les convives cuisinent une vari\u00e9t\u00e9 d&#039;ingr\u00e9dients crus dans une marmite de bouillon savoureux plac\u00e9e au centre de la table. Le bouillon de la marmite de style Sichuan est g\u00e9n\u00e9ralement \u00e9pic\u00e9 et aromatique, compos\u00e9 d&#039;un m\u00e9lange d&#039;\u00e9pices et d&#039;assaisonnements, notamment des grains de poivre du Sichuan, du gingembre, de l&#039;ail et des piments.<\/p>\n<p>\ud83d\udeabIMPORTANT !<\/p>\n<p>Nom du produit: Hot Pot de style Sichuan<\/p>\n<p>Cat\u00e9gorie\u00a0: Cr\u00e9ateur<\/p>\n<p>Ce kit contient : LOZ 1072<\/p>\n<p>4344 pi\u00e8ces Briques de bonne qualit\u00e9<\/p>\n<p>Instructions manuelles<\/p>\n<p>\ud83d\udcccNature du protagoniste<\/p>\n<p>Vous ne devriez pas manquer la pr\u00e9sentation de notre fi\u00e8re collection nomm\u00e9e &quot;Sichuan Style Hot Pot&quot;.<\/p>\n<p>Dans un repas chaud de style Sichuan, les convives s\u00e9lectionnent des ingr\u00e9dients crus tels que des viandes (telles que du b\u0153uf, de l&#039;agneau ou du poulet), des fruits de mer, des l\u00e9gumes et des nouilles, et les font cuire dans le bouillon \u00e0 table. Une fois les ingr\u00e9dients cuits, ils sont g\u00e9n\u00e9ralement servis avec des trempettes et des condiments, tels que la sauce soja, le vinaigre et l&#039;huile de piment, pour ajouter encore plus de saveur au repas. Blocs de construction de hot pot aromatis\u00e9s au Sichuan Shiwan comprend 4344 blocs de construction diff\u00e9rents qui vous permettront de cr\u00e9er une vari\u00e9t\u00e9 de plats de cuisine. Quelles que soient vos pr\u00e9f\u00e9rences, cet ensemble \u00e9tonnant a quelque chose pour tout le monde.<\/p><\/div>","protected":false},"excerpt":{"rendered":"<p>Marque : LOZ<br \/>\nGenre: Unisexe<br \/>\nTranche d&#039;\u00e2ge : &gt; 6 ans<br \/>\nNum\u00e9ro de mod\u00e8le: 1072<br \/>\nClassement : Assemblage<br \/>\nForme de bloc en plastique\u00a0: briques autobloquantes<br \/>\nMat\u00e9riel: Plastique<br \/>\nType de plastique : ABS<br \/>\nBlocs de Briques : 4344 +<br \/>\nAucune bo\u00eete<\/p>","protected":false},"featured_media":41480,"comment_status":"open","ping_status":"closed","template":"","meta":{"_acf_changed":false},"product_cat":[1365,371],"product_tag":[11072,8452,5448,11272],"class_list":["product","first","instock","shipping-taxable","purchasable","product-type-simple"],"acf":[],"_links":{"self":[{"href":"https:\/\/mouldking.store\/fr\/wp-json\/wp\/v2\/product\/41486","targetHints":{"allow":["GET"]}}],"collection":[{"href":"https:\/\/mouldking.store\/fr\/wp-json\/wp\/v2\/product"}],"about":[{"href":"https:\/\/mouldking.store\/fr\/wp-json\/wp\/v2\/types\/product"}],"replies":[{"embeddable":true,"href":"https:\/\/mouldking.store\/fr\/wp-json\/wp\/v2\/comments?post=41486"}],"wp:featuredmedia":[{"embeddable":true,"href":"https:\/\/mouldking.store\/fr\/wp-json\/wp\/v2\/media\/41480"}],"wp:attachment":[{"href":"https:\/\/mouldking.store\/fr\/wp-json\/wp\/v2\/media?parent=41486"}],"wp:term":[{"taxonomy":"product_cat","embeddable":true,"href":"https:\/\/mouldking.store\/fr\/wp-json\/wp\/v2\/product_cat?post=41486"},{"taxonomy":"product_tag","embeddable":true,"href":"https:\/\/mouldking.store\/fr\/wp-json\/wp\/v2\/product_tag?post=41486"}],"curies":[{"name":"wp","href":"https:\/\/api.w.org\/{rel}","templated":true}]}}