{"id":41499,"date":"2023-02-13T10:37:24","date_gmt":"2023-02-13T03:37:24","guid":{"rendered":"https:\/\/mouldking.store\/shop\/cada-c61503-mercedes-benz-amg-one-with-3290-pieces\/"},"modified":"2024-01-16T15:46:19","modified_gmt":"2024-01-16T08:46:19","slug":"cada-c61503-mercedes-benz-amg-one-with-3290-pieces","status":"publish","type":"product","link":"https:\/\/mouldking.store\/fr\/shop\/cada-c61503-mercedes-benz-amg-one-with-3290-pieces\/","title":{"rendered":"CaDa C61503 Mercedes-Benz AMG ONE avec 3290 pi\u00e8ces"},"content":{"rendered":"<div>\u2705 CaDA C61503 Mercedes-Benz AMG ONE<\/p>\n<p>\u2705La Mercedes-Benz AMG ONE est une hypercar en \u00e9dition limit\u00e9e produite par Mercedes-AMG, la division haute performance de Mercedes-Benz. Il a \u00e9t\u00e9 introduit pour la premi\u00e8re fois en 2018 et est propuls\u00e9 par un groupe motopropulseur hybride qui combine un moteur \u00e0 combustion interne turbocompress\u00e9 avec quatre moteurs \u00e9lectriques, produisant une puissance totale de plus de 1 000 chevaux.<\/p>\n<p>\ud83d\udeabIMPORTANT !<\/p>\n<p>Nom du produit : Mercedes-Benz AMG ONE<\/p>\n<p>Cat\u00e9gorie : Technique<\/p>\n<p>Ce kit contient : CaDA C61503<\/p>\n<p>3290 briques de bonne qualit\u00e9.<\/p>\n<p>Instructions manuelles<\/p>\n<p>\ud83d\udcccNature du protagoniste<\/p>\n<p>Vous ne devriez pas manquer la pr\u00e9sentation de notre fi\u00e8re collection nomm\u00e9e &quot;Mercedes-Benz AMG ONE&quot;.<\/p>\n<p>Mercedes-Benz a cr\u00e9\u00e9 un tout nouveau jouet pour tout amateur de voitures, avec la Mercedes-AMG ONE. Cet ensemble contient 3290 particules de blocs de construction et peut \u00eatre achet\u00e9 en translucide ou en noir. La premi\u00e8re version de la Mercedes-AMG ONE sortira en 2023. L&#039;AMG ONE est con\u00e7ue pour une conduite ax\u00e9e sur la piste, avec une a\u00e9rodynamique avanc\u00e9e et une construction l\u00e9g\u00e8re pour offrir des performances et une agilit\u00e9 \u00e9lev\u00e9es. La voiture est \u00e9quip\u00e9e de fonctionnalit\u00e9s technologiques avanc\u00e9es telles qu&#039;un syst\u00e8me de suspension avanc\u00e9 et des syst\u00e8mes de contr\u00f4le de stabilit\u00e9 avanc\u00e9s, ainsi que des fonctionnalit\u00e9s telles qu&#039;une monocoque en fibre de carbone, une suspension \u00e0 poussoir et une a\u00e9rodynamique active. Avec seulement 275 unit\u00e9s pr\u00e9vues pour la production, la Mercedes-Benz AMG ONE est une voiture tr\u00e8s exclusive et recherch\u00e9e.<\/p><\/div>","protected":false},"excerpt":{"rendered":"<p>Marque : CaDa<br \/>\nGenre: Unisexe<br \/>\nTranche d&#039;\u00e2ge : &gt; 14 ans<br \/>\nNum\u00e9ro de mod\u00e8le: C61503<br \/>\nClassement : Assemblage<br \/>\nForme de bloc en plastique\u00a0: briques autobloquantes<br \/>\nMat\u00e9riel: Plastique<br \/>\nType de plastique : ABS<br \/>\nBlocs de Briques : 3290 +<br \/>\nIts production materials are very special. The tires and wheels are customized by Michelin, and authorization from Mercedes<\/p>","protected":false},"featured_media":41496,"comment_status":"open","ping_status":"closed","template":"","meta":{"_acf_changed":false},"product_cat":[1360,1357,364],"product_tag":[1456,457,4983,11275,1413,389,11080],"class_list":["product","first","outofstock","shipping-taxable","purchasable","product-type-simple"],"acf":[],"_links":{"self":[{"href":"https:\/\/mouldking.store\/fr\/wp-json\/wp\/v2\/product\/41499","targetHints":{"allow":["GET"]}}],"collection":[{"href":"https:\/\/mouldking.store\/fr\/wp-json\/wp\/v2\/product"}],"about":[{"href":"https:\/\/mouldking.store\/fr\/wp-json\/wp\/v2\/types\/product"}],"replies":[{"embeddable":true,"href":"https:\/\/mouldking.store\/fr\/wp-json\/wp\/v2\/comments?post=41499"}],"wp:featuredmedia":[{"embeddable":true,"href":"https:\/\/mouldking.store\/fr\/wp-json\/wp\/v2\/media\/41496"}],"wp:attachment":[{"href":"https:\/\/mouldking.store\/fr\/wp-json\/wp\/v2\/media?parent=41499"}],"wp:term":[{"taxonomy":"product_cat","embeddable":true,"href":"https:\/\/mouldking.store\/fr\/wp-json\/wp\/v2\/product_cat?post=41499"},{"taxonomy":"product_tag","embeddable":true,"href":"https:\/\/mouldking.store\/fr\/wp-json\/wp\/v2\/product_tag?post=41499"}],"curies":[{"name":"wp","href":"https:\/\/api.w.org\/{rel}","templated":true}]}}