{"id":41547,"date":"2023-02-15T10:33:12","date_gmt":"2023-02-15T03:33:12","guid":{"rendered":"https:\/\/mouldking.store\/shop\/moc-factory-89481-goose-goose-duck-werewolf-with-202-pieces\/"},"modified":"2025-12-16T22:25:18","modified_gmt":"2025-12-16T15:25:18","slug":"moc-factory-89481-goose-goose-duck-werewolf-with-202-pieces","status":"publish","type":"product","link":"https:\/\/mouldking.store\/fr\/shop\/moc-factory-89481-goose-goose-duck-werewolf-with-202-pieces\/","title":{"rendered":"MOC Factory 89481 Goose Goose Duck Loup-garou avec 202 pi\u00e8ces"},"content":{"rendered":"<div>\u2705 MOC-89481 Oie Oie Canard Loup-garou<\/p>\n<p>\u2705 &quot;Goose Goose Duck&quot; est un jeu vid\u00e9o en ligne multijoueur qui est souvent compar\u00e9 au jeu populaire &quot;Among Us&quot;. Les joueurs jouent le r\u00f4le de co\u00e9quipiers sur un vaisseau spatial et doivent accomplir diverses t\u00e2ches tout en identifiant et en \u00e9liminant les imposteurs \u00e0 bord.<\/p>\n<p>\ud83d\udeabIMPORTANT !<\/p>\n<p>Nom du produit: loup-garou de canard d&#039;oie d&#039;oie<\/p>\n<p>Cat\u00e9gorie\u00a0: Cr\u00e9ateur<\/p>\n<p>Ce kit contient : MOC-89481<\/p>\n<p>202 briques de bonne qualit\u00e9.<\/p>\n<p>Taille : 4 x 3,7 x 5,9 cm<\/p>\n<p>Poids\u00a0: 0,07\u00a0kg<\/p>\n<p>Instructions PDF<\/p>\n<p>\ud83d\udcccNature du protagoniste<\/p>\n<p>Vous ne devriez pas manquer la pr\u00e9sentation de notre fi\u00e8re collection nomm\u00e9e &quot;Goose Goose Duck Werewolf&quot;.<\/p>\n<p>Le loup-garou est un type d &#039;\u00abimposteur\u00bb qui a la capacit\u00e9 de se transformer en une forme plus puissante et d&#039;\u00e9liminer les autres joueurs, tandis que les autres joueurs doivent travailler ensemble pour identifier et \u00e9liminer le loup-garou. Le gameplay de Goose Goose Duck implique que les joueurs se d\u00e9placent autour du vaisseau spatial et effectuent des t\u00e2ches, qui peuvent inclure la r\u00e9paration d&#039;\u00e9quipement, le d\u00e9tournement de puissance ou le nettoyage. Cependant, il y a un ou plusieurs imposteurs parmi l&#039;\u00e9quipage qui tentent de saboter la mission et d&#039;\u00e9liminer les autres joueurs. Les imposteurs peuvent se d\u00e9placer sur le navire sans \u00eatre d\u00e9tect\u00e9s, mais ils doivent faire attention \u00e0 ne pas \u00e9veiller les soup\u00e7ons en agissant de mani\u00e8re suspecte ou en \u00e9tant vus \u00e0 des endroits o\u00f9 ils ne devraient pas se trouver.<\/p><\/div>","protected":false},"excerpt":{"rendered":"<p>Marque : MOC Factory<br \/>\nGenre: Unisexe<br \/>\nTranche d&#039;\u00e2ge : &gt; 6 ans<br \/>\nNum\u00e9ro de mod\u00e8le: 89481<br \/>\nClassement : Assemblage<br \/>\nForme de bloc en plastique\u00a0: briques autobloquantes<br \/>\nMat\u00e9riel: Plastique<br \/>\nType de plastique : ABS<br \/>\nBlocs de briques : 202 +<br \/>\nAucune bo\u00eete<\/p>","protected":false},"featured_media":41541,"comment_status":"open","ping_status":"closed","template":"","meta":{"_acf_changed":false},"product_cat":[1365,371,581,1408],"product_tag":[11072,8452,11282,9139,11281,434,11283],"class_list":["product","first","instock","shipping-taxable","purchasable","product-type-simple"],"acf":[],"_links":{"self":[{"href":"https:\/\/mouldking.store\/fr\/wp-json\/wp\/v2\/product\/41547","targetHints":{"allow":["GET"]}}],"collection":[{"href":"https:\/\/mouldking.store\/fr\/wp-json\/wp\/v2\/product"}],"about":[{"href":"https:\/\/mouldking.store\/fr\/wp-json\/wp\/v2\/types\/product"}],"replies":[{"embeddable":true,"href":"https:\/\/mouldking.store\/fr\/wp-json\/wp\/v2\/comments?post=41547"}],"wp:featuredmedia":[{"embeddable":true,"href":"https:\/\/mouldking.store\/fr\/wp-json\/wp\/v2\/media\/41541"}],"wp:attachment":[{"href":"https:\/\/mouldking.store\/fr\/wp-json\/wp\/v2\/media?parent=41547"}],"wp:term":[{"taxonomy":"product_cat","embeddable":true,"href":"https:\/\/mouldking.store\/fr\/wp-json\/wp\/v2\/product_cat?post=41547"},{"taxonomy":"product_tag","embeddable":true,"href":"https:\/\/mouldking.store\/fr\/wp-json\/wp\/v2\/product_tag?post=41547"}],"curies":[{"name":"wp","href":"https:\/\/api.w.org\/{rel}","templated":true}]}}