{"id":41641,"date":"2023-02-15T12:05:39","date_gmt":"2023-02-15T05:05:39","guid":{"rendered":"https:\/\/mouldking.store\/shop\/moc-factory-89477-bendy-boris-the-wolf-with-535-pieces\/"},"modified":"2025-12-16T22:25:18","modified_gmt":"2025-12-16T15:25:18","slug":"moc-factory-89477-bendy-boris-the-wolf-with-535-pieces","status":"publish","type":"product","link":"https:\/\/mouldking.store\/fr\/shop\/moc-factory-89477-bendy-boris-the-wolf-with-535-pieces\/","title":{"rendered":"MOC Factory 89477 Bendy Boris le loup avec 535 pi\u00e8ces"},"content":{"rendered":"<div>\u2705 MOC-89477 Bendy Boris le loup<\/p>\n<p>\u2705Bendy Boris the Wolf est un personnage du jeu vid\u00e9o &quot;Bendy and the Ink Machine&quot;. C&#039;est un loup de dessin anim\u00e9 qui travaille comme acolyte du personnage titulaire du jeu, Bendy. Boris est d\u00e9crit comme un personnage amical et loyal avec un comportement enjou\u00e9, et est souvent vu en train d&#039;aider le personnage du joueur \u00e0 naviguer \u00e0 travers les diff\u00e9rents niveaux du jeu.<\/p>\n<p>\ud83d\udeabIMPORTANT !<\/p>\n<p>Nom du produit : Bendy Boris le loup<\/p>\n<p>Cat\u00e9gorie\u00a0: Cr\u00e9ateur<\/p>\n<p>Ce kit contient : MOC-89477<\/p>\n<p>535 briques de bonne qualit\u00e9.<\/p>\n<p>Taille : 20,2 x 12 x 34,3 cm<\/p>\n<p>Poids\u00a0: 0,36\u00a0kg<\/p>\n<p>Instructions PDF<\/p>\n<p>\ud83d\udcccNature du protagoniste<\/p>\n<p>Vous ne devriez pas manquer la pr\u00e9sentation de notre fi\u00e8re collection nomm\u00e9e &quot;Bendy Boris the Wolf&quot;.<\/p>\n<p>Dans le jeu, le personnage de Bendy Boris est souvent d\u00e9crit comme une victime de la mal\u00e9fique Ink Machine, qui a transform\u00e9 de nombreux autres personnages du jeu en cr\u00e9atures cauchemardesques. Malgr\u00e9 cela, il reste in\u00e9branlable dans sa loyaut\u00e9 envers le personnage du joueur et est un personnage bien-aim\u00e9 par de nombreux fans du jeu.<\/p><\/div>","protected":false},"excerpt":{"rendered":"<p>Marque : MOC Factory<br \/>\nGenre: Unisexe<br \/>\nTranche d&#039;\u00e2ge : &gt; 8 ans<br \/>\nNum\u00e9ro de mod\u00e8le: 89477<br \/>\nClassement : Assemblage<br \/>\nForme de bloc en plastique\u00a0: briques autobloquantes<br \/>\nMat\u00e9riel: Plastique<br \/>\nType de plastique : ABS<br \/>\nBlocs de briques : 535 +<br \/>\nAucune bo\u00eete<\/p>","protected":false},"featured_media":41633,"comment_status":"open","ping_status":"closed","template":"","meta":{"_acf_changed":false},"product_cat":[1365,371],"product_tag":[11300,11072,8452,9139,10010],"class_list":["product","first","instock","shipping-taxable","purchasable","product-type-simple"],"acf":[],"_links":{"self":[{"href":"https:\/\/mouldking.store\/fr\/wp-json\/wp\/v2\/product\/41641","targetHints":{"allow":["GET"]}}],"collection":[{"href":"https:\/\/mouldking.store\/fr\/wp-json\/wp\/v2\/product"}],"about":[{"href":"https:\/\/mouldking.store\/fr\/wp-json\/wp\/v2\/types\/product"}],"replies":[{"embeddable":true,"href":"https:\/\/mouldking.store\/fr\/wp-json\/wp\/v2\/comments?post=41641"}],"wp:featuredmedia":[{"embeddable":true,"href":"https:\/\/mouldking.store\/fr\/wp-json\/wp\/v2\/media\/41633"}],"wp:attachment":[{"href":"https:\/\/mouldking.store\/fr\/wp-json\/wp\/v2\/media?parent=41641"}],"wp:term":[{"taxonomy":"product_cat","embeddable":true,"href":"https:\/\/mouldking.store\/fr\/wp-json\/wp\/v2\/product_cat?post=41641"},{"taxonomy":"product_tag","embeddable":true,"href":"https:\/\/mouldking.store\/fr\/wp-json\/wp\/v2\/product_tag?post=41641"}],"curies":[{"name":"wp","href":"https:\/\/api.w.org\/{rel}","templated":true}]}}