{"id":41667,"date":"2023-02-15T12:33:24","date_gmt":"2023-02-15T05:33:24","guid":{"rendered":"https:\/\/mouldking.store\/shop\/moc-factory-89474-stranger-things-eddie-munsons-campervan-with-1059-pieces\/"},"modified":"2025-12-16T22:25:17","modified_gmt":"2025-12-16T15:25:17","slug":"moc-factory-89474-stranger-things-eddie-munsons-campervan-with-1059-pieces","status":"publish","type":"product","link":"https:\/\/mouldking.store\/fr\/shop\/moc-factory-89474-stranger-things-eddie-munsons-campervan-with-1059-pieces\/","title":{"rendered":"MOC Factory 89474 Stranger Things Eddie Munson&#039;s Campervan avec 1059 pi\u00e8ces"},"content":{"rendered":"<div>\u2705 MOC-89474 Le camping-car d&#039;Eddie Munson de Stranger Things<\/p>\n<p>\u2705Le camping-car d&#039;Eddie Munson est un v\u00e9hicule qui appara\u00eet dans la troisi\u00e8me saison de la populaire s\u00e9rie Netflix &quot;Stranger Things&quot;. Il est pilot\u00e9 par le personnage Eddie Munson, qui est sauveteur \u00e0 la piscine communautaire de Hawkins.<\/p>\n<p>\ud83d\udeabIMPORTANT !<\/p>\n<p>Nom du produit : Stranger Things Eddie Munson&#039;s Campervan<\/p>\n<p>Cat\u00e9gorie\u00a0: Cr\u00e9ateur<\/p>\n<p>Ce kit contient : MOC-89474<\/p>\n<p>1059 briques de bonne qualit\u00e9.<\/p>\n<p>Taille : 30 x 18,7 x 18,9 cm<\/p>\n<p>Taille : 37 \u00d7 17 \u00d7 45,5 cm<\/p>\n<p>Poids : 1,2 kg<\/p>\n<p>\ud83d\udcccNature du protagoniste<\/p>\n<p>Vous ne devriez pas manquer la pr\u00e9sentation de notre fi\u00e8re collection nomm\u00e9e &quot;Stranger Things Eddie Munson&#039;s Campervan&quot;.<\/p>\n<p>La camionnette joue un r\u00f4le important dans la troisi\u00e8me saison, car elle est utilis\u00e9e par les personnages principaux comme moyen de transport vers divers endroits autour de Hawkins, Indiana. L&#039;int\u00e9rieur du camping-car est \u00e9galement pr\u00e9sent\u00e9 dans plusieurs sc\u00e8nes, avec un design chaleureux et nostalgique inspir\u00e9 des ann\u00e9es 1970.<\/p><\/div>","protected":false},"excerpt":{"rendered":"<p>Marque : MOC Factory<br \/>\nGenre: Unisexe<br \/>\nTranche d&#039;\u00e2ge : &gt; 8 ans<br \/>\nNum\u00e9ro de mod\u00e8le: 89474<br \/>\nClassement : Assemblage<br \/>\nForme de bloc en plastique\u00a0: briques autobloquantes<br \/>\nMat\u00e9riel: Plastique<br \/>\nType de plastique : ABS<br \/>\nBlocs de Briques : 1059 +<br \/>\nAucune bo\u00eete<\/p>","protected":false},"featured_media":41658,"comment_status":"open","ping_status":"closed","template":"","meta":{"_acf_changed":false},"product_cat":[1365,371],"product_tag":[11072,8452,11302,11301,11303,5944],"class_list":["product","first","instock","shipping-taxable","purchasable","product-type-simple"],"acf":[],"_links":{"self":[{"href":"https:\/\/mouldking.store\/fr\/wp-json\/wp\/v2\/product\/41667","targetHints":{"allow":["GET"]}}],"collection":[{"href":"https:\/\/mouldking.store\/fr\/wp-json\/wp\/v2\/product"}],"about":[{"href":"https:\/\/mouldking.store\/fr\/wp-json\/wp\/v2\/types\/product"}],"replies":[{"embeddable":true,"href":"https:\/\/mouldking.store\/fr\/wp-json\/wp\/v2\/comments?post=41667"}],"wp:featuredmedia":[{"embeddable":true,"href":"https:\/\/mouldking.store\/fr\/wp-json\/wp\/v2\/media\/41658"}],"wp:attachment":[{"href":"https:\/\/mouldking.store\/fr\/wp-json\/wp\/v2\/media?parent=41667"}],"wp:term":[{"taxonomy":"product_cat","embeddable":true,"href":"https:\/\/mouldking.store\/fr\/wp-json\/wp\/v2\/product_cat?post=41667"},{"taxonomy":"product_tag","embeddable":true,"href":"https:\/\/mouldking.store\/fr\/wp-json\/wp\/v2\/product_tag?post=41667"}],"curies":[{"name":"wp","href":"https:\/\/api.w.org\/{rel}","templated":true}]}}