{"id":41713,"date":"2023-02-15T14:57:53","date_gmt":"2023-02-15T07:57:53","guid":{"rendered":"https:\/\/mouldking.store\/shop\/pinbao-7702-the-office-boss-on-top-with-3711-pieces\/"},"modified":"2023-02-15T14:57:53","modified_gmt":"2023-02-15T07:57:53","slug":"pinbao-7702-the-office-boss-on-top-with-3711-pieces","status":"publish","type":"product","link":"https:\/\/mouldking.store\/fr\/shop\/pinbao-7702-the-office-boss-on-top-with-3711-pieces\/","title":{"rendered":"PINBAO 7702 The Office &#039;Boss On Top&#039; avec 3711 Pi\u00e8ces"},"content":{"rendered":"<div>\u2705 PINBAO 7702 Le Bureau &#039;Boss On Top&#039;<\/p>\n<p>\u2705The Office &quot;Boss on top&quot; est un ensemble de blocs de construction bas\u00e9 sur l&#039;\u00e9mission t\u00e9l\u00e9vis\u00e9e &quot;The Office&quot;, qui comprend un b\u00e2timent repr\u00e9sentant l&#039;immeuble de bureaux Dunder Mifflin avec le titre &quot;Boss on Top&quot;.<\/p>\n<p>\ud83d\udeabIMPORTANT !<\/p>\n<p>Nom du produit : The Office &#039;Boss On Top&#039;<\/p>\n<p>Cat\u00e9gorie : Construction Modulaire<\/p>\n<p>Ce kit contient : PINBAO 7702<\/p>\n<p>3711 pi\u00e8ces Briques de bonne qualit\u00e9<\/p>\n<p>Taille : 25,6 \u00d7 25,9 \u00d7 33,1 cm<\/p>\n<p>Instructions manuelles<\/p>\n<p>\ud83d\udcccNature du protagoniste<\/p>\n<p>Vous ne devriez pas manquer la pr\u00e9sentation de notre fi\u00e8re collection nomm\u00e9e &quot;The Office &#039;Boss On Top&#039;&quot;.<\/p>\n<p>L&#039;ensemble contient 3 711 pi\u00e8ces de blocs de construction et a \u00e9t\u00e9 publi\u00e9 pour la premi\u00e8re fois en 2022. Il fait partie de la s\u00e9rie Street View d&#039;ensembles de blocs de construction, qui sont con\u00e7us pour recr\u00e9er des lieux et des points de rep\u00e8re r\u00e9els sous forme miniature \u00e0 l&#039;aide de blocs de construction.<\/p><\/div>","protected":false},"excerpt":{"rendered":"<p>Marque : PINBAO<br \/>\nGenre: Unisexe<br \/>\nTranche d&#039;\u00e2ge : &gt; 6 ans<br \/>\nNum\u00e9ro de mod\u00e8le: 7702<br \/>\nClassement : Assemblage<br \/>\nForme de bloc en plastique\u00a0: briques autobloquantes<br \/>\nMat\u00e9riel: Plastique<br \/>\nType de plastique : ABS<br \/>\nBlocs de Briques : 3711 +<br \/>\nAvec lumi\u00e8re<br \/>\nPr\u00e9vente le 25 f\u00e9vrier<\/p>","protected":false},"featured_media":41710,"comment_status":"open","ping_status":"closed","template":"","meta":{"_acf_changed":false},"product_cat":[1395,390],"product_tag":[4883,392,10602],"class_list":["product","first","instock","shipping-taxable","purchasable","product-type-simple"],"acf":[],"_links":{"self":[{"href":"https:\/\/mouldking.store\/fr\/wp-json\/wp\/v2\/product\/41713","targetHints":{"allow":["GET"]}}],"collection":[{"href":"https:\/\/mouldking.store\/fr\/wp-json\/wp\/v2\/product"}],"about":[{"href":"https:\/\/mouldking.store\/fr\/wp-json\/wp\/v2\/types\/product"}],"replies":[{"embeddable":true,"href":"https:\/\/mouldking.store\/fr\/wp-json\/wp\/v2\/comments?post=41713"}],"wp:featuredmedia":[{"embeddable":true,"href":"https:\/\/mouldking.store\/fr\/wp-json\/wp\/v2\/media\/41710"}],"wp:attachment":[{"href":"https:\/\/mouldking.store\/fr\/wp-json\/wp\/v2\/media?parent=41713"}],"wp:term":[{"taxonomy":"product_cat","embeddable":true,"href":"https:\/\/mouldking.store\/fr\/wp-json\/wp\/v2\/product_cat?post=41713"},{"taxonomy":"product_tag","embeddable":true,"href":"https:\/\/mouldking.store\/fr\/wp-json\/wp\/v2\/product_tag?post=41713"}],"curies":[{"name":"wp","href":"https:\/\/api.w.org\/{rel}","templated":true}]}}