{"id":41717,"date":"2023-02-15T15:08:45","date_gmt":"2023-02-15T08:08:45","guid":{"rendered":"https:\/\/mouldking.store\/shop\/custom-6201-super-heros-iron-hero-mechanical-iron-man-with-1385-pieces\/"},"modified":"2023-02-15T15:08:45","modified_gmt":"2023-02-15T08:08:45","slug":"custom-6201-super-heros-iron-hero-mechanical-iron-man-with-1385-pieces","status":"publish","type":"product","link":"https:\/\/mouldking.store\/fr\/shop\/custom-6201-super-heros-iron-hero-mechanical-iron-man-with-1385-pieces\/","title":{"rendered":"Custom 6201 Super Heros Iron Hero M\u00e9canique Iron Man avec 1385 Pi\u00e8ces"},"content":{"rendered":"<div>\u2705 Custom 6201 Super Heros Iron Hero M\u00e9canique Iron Man<\/p>\n<p>\u2705Iron Man est un personnage qui porte une armure de haute technologie qui am\u00e9liore sa force, sa vitesse et sa durabilit\u00e9. La combinaison est aliment\u00e9e par un r\u00e9acteur \u00e0 arc con\u00e7u par Stark, et comprend une gamme d&#039;armes et d&#039;outils qui permettent \u00e0 Iron Man de voler et de combattre le crime.<\/p>\n<p>\ud83d\udeabIMPORTANT !<\/p>\n<p>Nom du produit: Super Heros Iron Hero M\u00e9canique Iron Man<\/p>\n<p>Cat\u00e9gorie : Film<\/p>\n<p>Ce kit contient : Custom 6201<\/p>\n<p>1385 briques de bonne qualit\u00e9.<\/p>\n<p>Taille : 24 x 11 x 41 cm<\/p>\n<p>Instructions manuelles<\/p>\n<p>\ud83d\udcccNature du protagoniste<\/p>\n<p>Vous ne devriez pas manquer la pr\u00e9sentation de notre fi\u00e8re collection nomm\u00e9e &quot;Super Heros Iron Hero Mechanical Iron Man&quot;.<\/p>\n<p>Tout au long de ses nombreuses apparitions dans des bandes dessin\u00e9es, des films et d&#039;autres m\u00e9dias, Iron Man a fait face \u00e0 un large \u00e9ventail de m\u00e9chants et de d\u00e9fis, y compris d&#039;autres \u00eatres surpuissants et des menaces mondiales pour l&#039;humanit\u00e9. Il est connu pour son esprit vif, son esprit strat\u00e9gique et ses gadgets de haute technologie, et il est souvent consid\u00e9r\u00e9 comme l&#039;un des personnages les plus embl\u00e9matiques et les plus aim\u00e9s de l&#039;univers Marvel.<\/p><\/div>","protected":false},"excerpt":{"rendered":"<p>Marque : Custom<br \/>\nGenre: Unisexe<br \/>\nTranche d&#039;\u00e2ge : &gt; 8 ans<br \/>\nNum\u00e9ro de mod\u00e8le: 6201<br \/>\nClassement : Assemblage<br \/>\nForme de bloc en plastique\u00a0: briques autobloquantes<br \/>\nMat\u00e9riel: Plastique<br \/>\nType de plastique : ABS<br \/>\nBlocs de Briques : 1385 +<br \/>\nAucune bo\u00eete<\/p>","protected":false},"featured_media":41714,"comment_status":"open","ping_status":"closed","template":"","meta":{"_acf_changed":false},"product_cat":[1365,581,1408],"product_tag":[8452,1856,434,2462],"class_list":["product","first","instock","shipping-taxable","purchasable","product-type-simple"],"acf":[],"_links":{"self":[{"href":"https:\/\/mouldking.store\/fr\/wp-json\/wp\/v2\/product\/41717","targetHints":{"allow":["GET"]}}],"collection":[{"href":"https:\/\/mouldking.store\/fr\/wp-json\/wp\/v2\/product"}],"about":[{"href":"https:\/\/mouldking.store\/fr\/wp-json\/wp\/v2\/types\/product"}],"replies":[{"embeddable":true,"href":"https:\/\/mouldking.store\/fr\/wp-json\/wp\/v2\/comments?post=41717"}],"wp:featuredmedia":[{"embeddable":true,"href":"https:\/\/mouldking.store\/fr\/wp-json\/wp\/v2\/media\/41714"}],"wp:attachment":[{"href":"https:\/\/mouldking.store\/fr\/wp-json\/wp\/v2\/media?parent=41717"}],"wp:term":[{"taxonomy":"product_cat","embeddable":true,"href":"https:\/\/mouldking.store\/fr\/wp-json\/wp\/v2\/product_cat?post=41717"},{"taxonomy":"product_tag","embeddable":true,"href":"https:\/\/mouldking.store\/fr\/wp-json\/wp\/v2\/product_tag?post=41717"}],"curies":[{"name":"wp","href":"https:\/\/api.w.org\/{rel}","templated":true}]}}