{"id":41736,"date":"2023-02-16T09:24:44","date_gmt":"2023-02-16T02:24:44","guid":{"rendered":"https:\/\/mouldking.store\/shop\/moc-factory-70542-gunpowder-barrel-with-744-pieces\/"},"modified":"2025-12-16T22:25:17","modified_gmt":"2025-12-16T15:25:17","slug":"moc-factory-70542-gunpowder-barrel-with-744-pieces","status":"publish","type":"product","link":"https:\/\/mouldking.store\/fr\/shop\/moc-factory-70542-gunpowder-barrel-with-744-pieces\/","title":{"rendered":"MOC Factory 70542 Canon \u00e0 poudre avec 744 pi\u00e8ces"},"content":{"rendered":"<div>\u2705 MOC-70542 Canon \u00e0 poudre<\/p>\n<p>\u2705Le baril de poudre \u00e0 canon est un baril ou un baril en bois rempli de poudre \u00e0 canon, qui est une substance hautement explosive. Dans les films, les barils de poudre \u00e0 canon sont souvent utilis\u00e9s comme dispositif d&#039;intrigue pour cr\u00e9er des s\u00e9quences d&#039;action intenses, comme lorsqu&#039;ils sont utilis\u00e9s pour faire exploser des navires ou des fortifications.<\/p>\n<p>\ud83d\udeabIMPORTANT !<\/p>\n<p>Nom du produit : baril de poudre \u00e0 canon<\/p>\n<p>Cat\u00e9gorie\u00a0: Cr\u00e9ateur<\/p>\n<p>Ce kit contient : MOC-70542<\/p>\n<p>744 briques de bonne qualit\u00e9.<\/p>\n<p>Instructions PDF<\/p>\n<p>\ud83d\udcccNature du protagoniste<\/p>\n<p>Vous ne devriez pas manquer la pr\u00e9sentation de notre fi\u00e8re collection nomm\u00e9e &quot;Gunpowder Barrel&quot;.<\/p>\n<p>Les pirates utilisaient souvent des barils de poudre \u00e0 canon comme arme, soit en les jetant sur un navire ennemi, soit en les pla\u00e7ant strat\u00e9giquement dans un fort ou une autre structure d\u00e9fensive. L&#039;id\u00e9e est que si le canon est touch\u00e9 par des coups de feu, il pourrait exploser et provoquer une explosion massive, tuant potentiellement de nombreuses personnes et causant des d\u00e9g\u00e2ts importants.<\/p><\/div>","protected":false},"excerpt":{"rendered":"<p>Marque : MOC Factory<br \/>\nGenre: Unisexe<br \/>\nTranche d&#039;\u00e2ge : &gt; 12 ans<br \/>\nNum\u00e9ro de mod\u00e8le: 70542<br \/>\nClassement : Assemblage<br \/>\nForme de bloc en plastique\u00a0: briques autobloquantes<br \/>\nMat\u00e9riel: Plastique<br \/>\nType de plastique : ABS<br \/>\nBlocs de Briques : 744 +<br \/>\nTemps d&#039;arrangement\u00a0: 4 \u00e0 8\u00a0semaines<\/p>","protected":false},"featured_media":41735,"comment_status":"open","ping_status":"closed","template":"","meta":{"_acf_changed":false},"product_cat":[1365,371,581,1408],"product_tag":[11312,11072,8452,6942,434,2429],"class_list":["product","first","instock","shipping-taxable","purchasable","product-type-simple"],"acf":[],"_links":{"self":[{"href":"https:\/\/mouldking.store\/fr\/wp-json\/wp\/v2\/product\/41736","targetHints":{"allow":["GET"]}}],"collection":[{"href":"https:\/\/mouldking.store\/fr\/wp-json\/wp\/v2\/product"}],"about":[{"href":"https:\/\/mouldking.store\/fr\/wp-json\/wp\/v2\/types\/product"}],"replies":[{"embeddable":true,"href":"https:\/\/mouldking.store\/fr\/wp-json\/wp\/v2\/comments?post=41736"}],"wp:featuredmedia":[{"embeddable":true,"href":"https:\/\/mouldking.store\/fr\/wp-json\/wp\/v2\/media\/41735"}],"wp:attachment":[{"href":"https:\/\/mouldking.store\/fr\/wp-json\/wp\/v2\/media?parent=41736"}],"wp:term":[{"taxonomy":"product_cat","embeddable":true,"href":"https:\/\/mouldking.store\/fr\/wp-json\/wp\/v2\/product_cat?post=41736"},{"taxonomy":"product_tag","embeddable":true,"href":"https:\/\/mouldking.store\/fr\/wp-json\/wp\/v2\/product_tag?post=41736"}],"curies":[{"name":"wp","href":"https:\/\/api.w.org\/{rel}","templated":true}]}}