{"id":41755,"date":"2023-02-16T10:10:36","date_gmt":"2023-02-16T03:10:36","guid":{"rendered":"https:\/\/mouldking.store\/shop\/moc-factory-58812-medieval-famous-castle-architecture-treasury-with-2482-pieces\/"},"modified":"2025-12-16T22:25:17","modified_gmt":"2025-12-16T15:25:17","slug":"moc-factory-58812-medieval-famous-castle-architecture-treasury-with-2482-pieces","status":"publish","type":"product","link":"https:\/\/mouldking.store\/fr\/shop\/moc-factory-58812-medieval-famous-castle-architecture-treasury-with-2482-pieces\/","title":{"rendered":"MOC Factory 58812 Tr\u00e9sor d&#039;architecture de ch\u00e2teau m\u00e9di\u00e9val c\u00e9l\u00e8bre avec 2482 pi\u00e8ces"},"content":{"rendered":"<div>\u2705 MOC-58812 Tr\u00e9sor d&#039;architecture de ch\u00e2teau m\u00e9di\u00e9val c\u00e9l\u00e8bre<\/p>\n<p>\u2705 Un tr\u00e9sor m\u00e9di\u00e9val est g\u00e9n\u00e9ralement une pi\u00e8ce ou un b\u00e2timent utilis\u00e9 pour stocker des objets de valeur, tels que des pi\u00e8ces d&#039;or et d&#039;argent, des pierres pr\u00e9cieuses, des bijoux et d&#039;autres objets de valeur, qui appartenaient \u00e0 un monarque, une \u00e9glise ou une autre institution riche au Moyen \u00c2ge.<\/p>\n<p>\ud83d\udeabIMPORTANT !<\/p>\n<p>Nom du produit: Tr\u00e9sor d&#039;architecture de ch\u00e2teau m\u00e9di\u00e9val c\u00e9l\u00e8bre<\/p>\n<p>Cat\u00e9gorie : Construction Modulaire<\/p>\n<p>Ce kit contient : MOC-58812<\/p>\n<p>2482 briques de bonne qualit\u00e9.<\/p>\n<p>Instructions PDF<\/p>\n<p>\ud83d\udcccNature du protagoniste<\/p>\n<p>Vous ne devriez pas manquer la pr\u00e9sentation de notre fi\u00e8re collection nomm\u00e9e &quot;Tr\u00e9sor d&#039;architecture de ch\u00e2teau m\u00e9di\u00e9val c\u00e9l\u00e8bre&quot;.<\/p>\n<p>L&#039;architecture d&#039;un tr\u00e9sor m\u00e9di\u00e9val varierait en fonction de la p\u00e9riode et de l&#039;emplacement sp\u00e9cifiques, mais comprend g\u00e9n\u00e9ralement des murs de pierre \u00e9pais, de petites fen\u00eatres et une porte solide et s\u00e9curis\u00e9e pour emp\u00eacher le vol. La pi\u00e8ce peut \u00eatre situ\u00e9e dans un ch\u00e2teau, un palais ou une cath\u00e9drale et aurait \u00e9t\u00e9 fortement gard\u00e9e par des gardes arm\u00e9s ou des chevaliers. \u00c0 l&#039;int\u00e9rieur, le Tr\u00e9sor m\u00e9di\u00e9val aurait \u00e9t\u00e9 organis\u00e9 avec des coffres, des armoires et des \u00e9tag\u00e8res pour ranger les divers objets de valeur. La pi\u00e8ce serait faiblement \u00e9clair\u00e9e, avec quelques torches ou lampes \u00e0 huile scintillantes pour fournir de la lumi\u00e8re, et l&#039;air aurait \u00e9t\u00e9 charg\u00e9 d&#039;un parfum d&#039;encens et de cire de bougie.<\/p><\/div>","protected":false},"excerpt":{"rendered":"<p>Marque : MOC Factory<br \/>\nGenre: Unisexe<br \/>\nTranche d&#039;\u00e2ge : &gt; 12 ans<br \/>\nNum\u00e9ro de mod\u00e8le: 58812<br \/>\nClassement : Assemblage<br \/>\nForme de bloc en plastique\u00a0: briques autobloquantes<br \/>\nMat\u00e9riel: Plastique<br \/>\nType de plastique : ABS<br \/>\nBlocs de Briques : 2482 +<br \/>\nTemps d&#039;arrangement\u00a0: 4 \u00e0 8\u00a0semaines<\/p>","protected":false},"featured_media":41753,"comment_status":"open","ping_status":"closed","template":"","meta":{"_acf_changed":false},"product_cat":[1395,390],"product_tag":[11260,787,4883,11318,4996,392],"class_list":["product","first","instock","shipping-taxable","purchasable","product-type-simple"],"acf":[],"_links":{"self":[{"href":"https:\/\/mouldking.store\/fr\/wp-json\/wp\/v2\/product\/41755","targetHints":{"allow":["GET"]}}],"collection":[{"href":"https:\/\/mouldking.store\/fr\/wp-json\/wp\/v2\/product"}],"about":[{"href":"https:\/\/mouldking.store\/fr\/wp-json\/wp\/v2\/types\/product"}],"replies":[{"embeddable":true,"href":"https:\/\/mouldking.store\/fr\/wp-json\/wp\/v2\/comments?post=41755"}],"wp:featuredmedia":[{"embeddable":true,"href":"https:\/\/mouldking.store\/fr\/wp-json\/wp\/v2\/media\/41753"}],"wp:attachment":[{"href":"https:\/\/mouldking.store\/fr\/wp-json\/wp\/v2\/media?parent=41755"}],"wp:term":[{"taxonomy":"product_cat","embeddable":true,"href":"https:\/\/mouldking.store\/fr\/wp-json\/wp\/v2\/product_cat?post=41755"},{"taxonomy":"product_tag","embeddable":true,"href":"https:\/\/mouldking.store\/fr\/wp-json\/wp\/v2\/product_tag?post=41755"}],"curies":[{"name":"wp","href":"https:\/\/api.w.org\/{rel}","templated":true}]}}