{"id":41779,"date":"2023-02-16T11:13:55","date_gmt":"2023-02-16T04:13:55","guid":{"rendered":"https:\/\/mouldking.store\/shop\/panlosbrick-659006-multipurpose-rescue-team-swat-rescue-team-with-672-pieces\/"},"modified":"2023-02-16T11:13:55","modified_gmt":"2023-02-16T04:13:55","slug":"panlosbrick-659006-multipurpose-rescue-team-swat-rescue-team-with-672-pieces","status":"publish","type":"product","link":"https:\/\/mouldking.store\/fr\/shop\/panlosbrick-659006-multipurpose-rescue-team-swat-rescue-team-with-672-pieces\/","title":{"rendered":"PANLOSBRICK 659006 \u00c9quipe de sauvetage polyvalente : \u00e9quipe de sauvetage SWAT avec 672 pi\u00e8ces"},"content":{"rendered":"<div>\u2705 Panlos 659006 \u00c9quipe de sauvetage polyvalente : \u00e9quipe de sauvetage SWAT<\/p>\n<p>\u2705 \u00c9quipe de sauvetage polyvalente : SWAT Rescue Team est un ensemble de blocs de construction qui appartient \u00e0 la s\u00e9rie City d&#039;ensembles de blocs de construction con\u00e7us pour les enfants. L&#039;ensemble contient 672 particules de blocs de construction, qui peuvent \u00eatre utilis\u00e9es pour construire une vari\u00e9t\u00e9 de v\u00e9hicules et de structures li\u00e9s aux op\u00e9rations de sauvetage et d&#039;intervention d&#039;urgence SWAT.<\/p>\n<p>\ud83d\udeabIMPORTANT !<\/p>\n<p>Nom du produit\u00a0: \u00c9quipe de sauvetage polyvalente\u00a0: \u00c9quipe de sauvetage SWAT<\/p>\n<p>Cat\u00e9gorie : Technique<\/p>\n<p>Ce kit contient : Panlos 659006<\/p>\n<p>672 briques de bonne qualit\u00e9.<\/p>\n<p>Taille : 24 \u00d7 5 \u00d7 11 cm<\/p>\n<p>Instructions manuelles<\/p>\n<p>\ud83d\udcccNature du protagoniste<\/p>\n<p>Vous ne devriez pas manquer la pr\u00e9sentation de notre fi\u00e8re collection nomm\u00e9e &quot;\u00c9quipe de sauvetage polyvalente\u00a0: \u00e9quipe de sauvetage SWAT&quot;.<\/p>\n<p>\u00c9quipe de sauvetage polyvalente\u00a0: l&#039;\u00e9quipe de sauvetage SWAT est un ensemble de blocs de construction qui permet aux enfants de construire des v\u00e9hicules et des structures li\u00e9s au sauvetage SWAT et \u00e0 l&#039;intervention d&#039;urgence et de s&#039;engager dans des sc\u00e9narios de jeu imaginatifs li\u00e9s aux op\u00e9rations d&#039;intervention d&#039;urgence. L&#039;ensemble encourage la cr\u00e9ativit\u00e9, la r\u00e9solution de probl\u00e8mes et le d\u00e9veloppement de la motricit\u00e9 fine, tout en favorisant un int\u00e9r\u00eat pour les interventions d&#039;urgence et la s\u00e9curit\u00e9 publique.<\/p><\/div>","protected":false},"excerpt":{"rendered":"<p>Marque : PANLOSBRICK<br \/>\nGenre: Unisexe<br \/>\nTranche d&#039;\u00e2ge : &gt; 6 ans<br \/>\nNum\u00e9ro de mod\u00e8le: 659006<br \/>\nClassement : Assemblage<br \/>\nForme de bloc en plastique\u00a0: briques autobloquantes<br \/>\nMat\u00e9riel: Plastique<br \/>\nType de plastique : ABS<br \/>\nBlocs de briques : 672 +<br \/>\nPr\u00e9vente<\/p>","protected":false},"featured_media":41777,"comment_status":"open","ping_status":"closed","template":"","meta":{"_acf_changed":false},"product_cat":[1365,1357,371,364],"product_tag":[11072,8452,11324,8493,11320,10866,389],"class_list":["product","first","instock","shipping-taxable","purchasable","product-type-simple"],"acf":[],"_links":{"self":[{"href":"https:\/\/mouldking.store\/fr\/wp-json\/wp\/v2\/product\/41779","targetHints":{"allow":["GET"]}}],"collection":[{"href":"https:\/\/mouldking.store\/fr\/wp-json\/wp\/v2\/product"}],"about":[{"href":"https:\/\/mouldking.store\/fr\/wp-json\/wp\/v2\/types\/product"}],"replies":[{"embeddable":true,"href":"https:\/\/mouldking.store\/fr\/wp-json\/wp\/v2\/comments?post=41779"}],"wp:featuredmedia":[{"embeddable":true,"href":"https:\/\/mouldking.store\/fr\/wp-json\/wp\/v2\/media\/41777"}],"wp:attachment":[{"href":"https:\/\/mouldking.store\/fr\/wp-json\/wp\/v2\/media?parent=41779"}],"wp:term":[{"taxonomy":"product_cat","embeddable":true,"href":"https:\/\/mouldking.store\/fr\/wp-json\/wp\/v2\/product_cat?post=41779"},{"taxonomy":"product_tag","embeddable":true,"href":"https:\/\/mouldking.store\/fr\/wp-json\/wp\/v2\/product_tag?post=41779"}],"curies":[{"name":"wp","href":"https:\/\/api.w.org\/{rel}","templated":true}]}}