{"id":41782,"date":"2023-02-16T11:21:52","date_gmt":"2023-02-16T04:21:52","guid":{"rendered":"https:\/\/mouldking.store\/shop\/panlosbrick-659005-multipurpose-rescue-team-police-rescue-team-with-658-pieces\/"},"modified":"2023-02-16T11:21:52","modified_gmt":"2023-02-16T04:21:52","slug":"panlosbrick-659005-multipurpose-rescue-team-police-rescue-team-with-658-pieces","status":"publish","type":"product","link":"https:\/\/mouldking.store\/fr\/shop\/panlosbrick-659005-multipurpose-rescue-team-police-rescue-team-with-658-pieces\/","title":{"rendered":"PANLOSBRICK 659005 \u00c9quipe de sauvetage polyvalente : \u00c9quipe de sauvetage de la police avec 658 pi\u00e8ces"},"content":{"rendered":"<div>\u2705 Panlos 659005 Multipurpose Rescue Team: Police Rescue Team<\/p>\n<p>\u2705The Multifunctional Rescue Team is a toy set that belongs to the city series building block set. It consists of a police rescue team that can be built using 658 building block particles. The set is designed for children who are interested in role-playing and imaginative play.<\/p>\n<p>\ud83d\udeabIMPORTANT !<\/p>\n<p>Product Name: Multipurpose Rescue Team: Police Rescue Team<\/p>\n<p>Cat\u00e9gorie : Technique<\/p>\n<p>This Kit Contains: Panlos 659005<\/p>\n<p>658 pcs Good Quality Bricks<\/p>\n<p>Size: 23 \u00d7 5 \u00d7 9 cm<\/p>\n<p>Instructions manuelles<\/p>\n<p>\ud83d\udcccNature du protagoniste<\/p>\n<p>Introducing our proud collection named \u201cMultipurpose Rescue Team: Police Rescue Team\u201d you should not miss.<\/p>\n<p>A police rescue team is a multifunctional unit that is equipped to handle a variety of emergency situations. It includes a team of highly trained and skilled police officers who are equipped with various tools and equipment to respond to emergencies. The team includes a police van, a helicopter, and a motorcycle that can be assembled using the building blocks.<\/p><\/div>","protected":false},"excerpt":{"rendered":"<p>Marque : PANLOSBRICK<br \/>\nGenre: Unisexe<br \/>\nTranche d&#039;\u00e2ge : &gt; 6 ans<br \/>\nModel Number: 659005<br \/>\nClassement : Assemblage<br \/>\nForme de bloc en plastique\u00a0: briques autobloquantes<br \/>\nMat\u00e9riel: Plastique<br \/>\nType de plastique : ABS<br \/>\nBlocs de briques : 658 +<br \/>\nPr\u00e9vente<\/p>","protected":false},"featured_media":41780,"comment_status":"open","ping_status":"closed","template":"","meta":{"_acf_changed":false},"product_cat":[1365,1357,371,364],"product_tag":[11072,8452,11324,5660,8493,10866,389],"class_list":["product","first","instock","shipping-taxable","purchasable","product-type-simple"],"acf":[],"_links":{"self":[{"href":"https:\/\/mouldking.store\/fr\/wp-json\/wp\/v2\/product\/41782","targetHints":{"allow":["GET"]}}],"collection":[{"href":"https:\/\/mouldking.store\/fr\/wp-json\/wp\/v2\/product"}],"about":[{"href":"https:\/\/mouldking.store\/fr\/wp-json\/wp\/v2\/types\/product"}],"replies":[{"embeddable":true,"href":"https:\/\/mouldking.store\/fr\/wp-json\/wp\/v2\/comments?post=41782"}],"wp:featuredmedia":[{"embeddable":true,"href":"https:\/\/mouldking.store\/fr\/wp-json\/wp\/v2\/media\/41780"}],"wp:attachment":[{"href":"https:\/\/mouldking.store\/fr\/wp-json\/wp\/v2\/media?parent=41782"}],"wp:term":[{"taxonomy":"product_cat","embeddable":true,"href":"https:\/\/mouldking.store\/fr\/wp-json\/wp\/v2\/product_cat?post=41782"},{"taxonomy":"product_tag","embeddable":true,"href":"https:\/\/mouldking.store\/fr\/wp-json\/wp\/v2\/product_tag?post=41782"}],"curies":[{"name":"wp","href":"https:\/\/api.w.org\/{rel}","templated":true}]}}