{"id":41785,"date":"2023-02-16T11:29:27","date_gmt":"2023-02-16T04:29:27","guid":{"rendered":"https:\/\/mouldking.store\/shop\/qman-enlighten-keeppley-41311-super-episode-change-special-attack-tyrannosaurus-with-988-pieces\/"},"modified":"2023-02-16T11:29:27","modified_gmt":"2023-02-16T04:29:27","slug":"qman-enlighten-keeppley-41311-super-episode-change-special-attack-tyrannosaurus-with-988-pieces","status":"publish","type":"product","link":"https:\/\/mouldking.store\/fr\/shop\/qman-enlighten-keeppley-41311-super-episode-change-special-attack-tyrannosaurus-with-988-pieces\/","title":{"rendered":"QMAN \/ ENLIGHTEN \/ KEEPPLEY 41311 Super Episode Change: Tyrannosaurus d&#039;attaque sp\u00e9ciale avec 988 pi\u00e8ces"},"content":{"rendered":"<div>\u2705 QMAN 41311 Super Episode Change: Attaque Sp\u00e9ciale Tyrannosaurus<\/p>\n<p>\u2705Super Episode Change: Special Attack Tyrannosaurus est un ensemble de blocs de construction qui appartient \u00e0 la s\u00e9rie th\u00e9matique d&#039;ensembles de blocs de construction. L&#039;ensemble complet se compose de 988 particules de blocs de construction, et il a \u00e9t\u00e9 publi\u00e9 pour la premi\u00e8re fois en 2023.<\/p>\n<p>\ud83d\udeabIMPORTANT !<\/p>\n<p>Nom du produit\u00a0: Changement de super \u00e9pisode\u00a0: Tyrannosaure d&#039;attaque sp\u00e9ciale<\/p>\n<p>Cat\u00e9gorie\u00a0: Cr\u00e9ateur<\/p>\n<p>Ce kit contient : QMAN 41311<\/p>\n<p>988 briques de bonne qualit\u00e9.<\/p>\n<p>Taille : 25 \u00d7 20 \u00d7 14,5 cm<\/p>\n<p>Instructions manuelles<\/p>\n<p>\ud83d\udcccNature du protagoniste<\/p>\n<p>Vous ne devriez pas manquer la pr\u00e9sentation de notre fi\u00e8re collection nomm\u00e9e &quot;Super Episode Change: Special Attack Tyrannosaurus&quot;.<\/p>\n<p>L&#039;ensemble comprend un Tyrannosaurus d&#039;attaque sp\u00e9ciale, un dinosaure puissant qui peut se transformer en un super robot. Les blocs de construction sont con\u00e7us pour \u00eatre assembl\u00e9s en forme de Tyrannosaurus, qui se dresse \u00e0 une hauteur impressionnante et est orn\u00e9 de diverses armes et accessoires.<\/p><\/div>","protected":false},"excerpt":{"rendered":"<p>Marque: QMAN\/\u00c9CLAIRER\/KEEPPLEY<br \/>\nGenre: Unisexe<br \/>\nTranche d&#039;\u00e2ge : &gt; 6 ans<br \/>\nNum\u00e9ro de mod\u00e8le: 41311<br \/>\nClassement : Assemblage<br \/>\nForme de bloc en plastique\u00a0: briques autobloquantes<br \/>\nMat\u00e9riel: Plastique<br \/>\nType de plastique : ABS<br \/>\nBlocs de briques : 988 +<br \/>\nPr\u00e9vente<\/p>","protected":false},"featured_media":41783,"comment_status":"open","ping_status":"closed","template":"","meta":{"_acf_changed":false},"product_cat":[1365,371],"product_tag":[11328,11326,11072,8452,11325,590,11327,5185],"class_list":["product","first","instock","shipping-taxable","purchasable","product-type-simple"],"acf":[],"_links":{"self":[{"href":"https:\/\/mouldking.store\/fr\/wp-json\/wp\/v2\/product\/41785","targetHints":{"allow":["GET"]}}],"collection":[{"href":"https:\/\/mouldking.store\/fr\/wp-json\/wp\/v2\/product"}],"about":[{"href":"https:\/\/mouldking.store\/fr\/wp-json\/wp\/v2\/types\/product"}],"replies":[{"embeddable":true,"href":"https:\/\/mouldking.store\/fr\/wp-json\/wp\/v2\/comments?post=41785"}],"wp:featuredmedia":[{"embeddable":true,"href":"https:\/\/mouldking.store\/fr\/wp-json\/wp\/v2\/media\/41783"}],"wp:attachment":[{"href":"https:\/\/mouldking.store\/fr\/wp-json\/wp\/v2\/media?parent=41785"}],"wp:term":[{"taxonomy":"product_cat","embeddable":true,"href":"https:\/\/mouldking.store\/fr\/wp-json\/wp\/v2\/product_cat?post=41785"},{"taxonomy":"product_tag","embeddable":true,"href":"https:\/\/mouldking.store\/fr\/wp-json\/wp\/v2\/product_tag?post=41785"}],"curies":[{"name":"wp","href":"https:\/\/api.w.org\/{rel}","templated":true}]}}