{"id":41790,"date":"2023-02-16T11:50:13","date_gmt":"2023-02-16T04:50:13","guid":{"rendered":"https:\/\/mouldking.store\/shop\/mould-king-12022-world-railways-alligator-electric-locomotive-with-919-pieces\/"},"modified":"2023-02-16T11:50:13","modified_gmt":"2023-02-16T04:50:13","slug":"mould-king-12022-world-railways-alligator-electric-locomotive-with-919-pieces","status":"publish","type":"product","link":"https:\/\/mouldking.store\/fr\/shop\/mould-king-12022-world-railways-alligator-electric-locomotive-with-919-pieces\/","title":{"rendered":"MOLD KING 12022 World Railways : Locomotive \u00e9lectrique Alligator avec 919 pi\u00e8ces"},"content":{"rendered":"<div>\u2705MouldKing 12022 World Railways : Locomotive \u00e9lectrique Alligator<\/p>\n<p>\u2705La locomotive \u00e9lectrique Alligator est un type de locomotive \u00e9lectrique qui a \u00e9t\u00e9 utilis\u00e9e sur divers chemins de fer \u00e0 travers le monde. La locomotive tire son nom de son apparence distinctive, qui se caract\u00e9rise par un corps long et \u00e9troit et une s\u00e9rie de sections articul\u00e9es qui ressemblent au dos d&#039;un alligator.<\/p>\n<p>\ud83d\udeabIMPORTANT !<\/p>\n<p>Nom du produit : Chemins de fer mondiaux : Locomotive \u00e9lectrique Alligator<\/p>\n<p>Cat\u00e9gorie : Technique<\/p>\n<p>Ce kit contient : MouldKing 12022<\/p>\n<p>919 briques de bonne qualit\u00e9.<\/p>\n<p>Taille : 48 \u00d7 5,9 \u00d7 13,9 cm<\/p>\n<p>Instructions manuelles<\/p>\n<p>\ud83d\udcccNature du protagoniste<\/p>\n<p>Vous ne devriez pas manquer la pr\u00e9sentation de notre fi\u00e8re collection nomm\u00e9e &quot;World Railways\u00a0: Alligator Electric Locomotive&quot;.<\/p>\n<p>La locomotive \u00e9lectrique Alligator a \u00e9t\u00e9 introduite pour la premi\u00e8re fois au d\u00e9but du XXe si\u00e8cle et \u00e9tait principalement utilis\u00e9e pour le transport de marchandises. Il a \u00e9t\u00e9 con\u00e7u pour \u00eatre puissant et efficace, avec la capacit\u00e9 de transporter de lourdes charges sur de longues distances. La locomotive \u00e9tait propuls\u00e9e par un moteur \u00e9lectrique, qui tirait son \u00e9nergie de lignes \u00e9lectriques a\u00e9riennes ou d&#039;une batterie embarqu\u00e9e. La conception de la locomotive lui a permis de fonctionner dans un large \u00e9ventail d&#039;environnements, y compris des pentes raides et des courbes serr\u00e9es.<\/p><\/div>","protected":false},"excerpt":{"rendered":"<p>Marque : MOLD KING<br \/>\nGenre: Unisexe<br \/>\nTranche d&#039;\u00e2ge : &gt; 8 ans<br \/>\nNum\u00e9ro de mod\u00e8le: 12022<br \/>\nClassement : Assemblage<br \/>\nForme de bloc en plastique\u00a0: briques autobloquantes<br \/>\nMat\u00e9riel: Plastique<br \/>\nType de plastique : ABS<br \/>\nBlocs de Briques : 919 +<br \/>\nPr\u00e9vente<\/p>","protected":false},"featured_media":41789,"comment_status":"open","ping_status":"closed","template":"","meta":{"_acf_changed":false},"product_cat":[1357,364],"product_tag":[11330,9981,2635,389,11080,8802],"class_list":["product","first","instock","shipping-taxable","purchasable","product-type-simple"],"acf":[],"_links":{"self":[{"href":"https:\/\/mouldking.store\/fr\/wp-json\/wp\/v2\/product\/41790","targetHints":{"allow":["GET"]}}],"collection":[{"href":"https:\/\/mouldking.store\/fr\/wp-json\/wp\/v2\/product"}],"about":[{"href":"https:\/\/mouldking.store\/fr\/wp-json\/wp\/v2\/types\/product"}],"replies":[{"embeddable":true,"href":"https:\/\/mouldking.store\/fr\/wp-json\/wp\/v2\/comments?post=41790"}],"wp:featuredmedia":[{"embeddable":true,"href":"https:\/\/mouldking.store\/fr\/wp-json\/wp\/v2\/media\/41789"}],"wp:attachment":[{"href":"https:\/\/mouldking.store\/fr\/wp-json\/wp\/v2\/media?parent=41790"}],"wp:term":[{"taxonomy":"product_cat","embeddable":true,"href":"https:\/\/mouldking.store\/fr\/wp-json\/wp\/v2\/product_cat?post=41790"},{"taxonomy":"product_tag","embeddable":true,"href":"https:\/\/mouldking.store\/fr\/wp-json\/wp\/v2\/product_tag?post=41790"}],"curies":[{"name":"wp","href":"https:\/\/api.w.org\/{rel}","templated":true}]}}