{"id":41794,"date":"2023-02-16T12:00:39","date_gmt":"2023-02-16T05:00:39","guid":{"rendered":"https:\/\/mouldking.store\/shop\/mould-king-12021-world-railway-harmony-crh380a-electric-multiple-unit-with-1211-pieces\/"},"modified":"2023-02-16T12:00:39","modified_gmt":"2023-02-16T05:00:39","slug":"mould-king-12021-world-railway-harmony-crh380a-electric-multiple-unit-with-1211-pieces","status":"publish","type":"product","link":"https:\/\/mouldking.store\/fr\/shop\/mould-king-12021-world-railway-harmony-crh380a-electric-multiple-unit-with-1211-pieces\/","title":{"rendered":"MOLD KING 12021 World Railway : Unit\u00e9 multiple \u00e9lectrique Harmony CRH380A avec 1211 pi\u00e8ces"},"content":{"rendered":"<div>\u2705MouldKing 12021 World Railway : unit\u00e9 multiple \u00e9lectrique Harmony CRH380A.<\/p>\n<p>\u2705L&#039;unit\u00e9 multiple \u00e9lectrique (EMU) Harmony CRH380A est un type de train \u00e0 grande vitesse utilis\u00e9 en Chine. Il a \u00e9t\u00e9 con\u00e7u pour fonctionner sur le vaste r\u00e9seau ferroviaire \u00e0 grande vitesse du pays, qui relie les villes de toute la Chine \u00e0 des vitesses pouvant atteindre 350 kilom\u00e8tres \u00e0 l&#039;heure.<\/p>\n<p>\ud83d\udeabIMPORTANT !<\/p>\n<p>Nom du produit : World Railway : unit\u00e9 multiple \u00e9lectrique Harmony CRH380A<\/p>\n<p>Cat\u00e9gorie : Technique<\/p>\n<p>Ce kit contient : MouldKing 12021<\/p>\n<p>1211 pi\u00e8ces Briques de bonne qualit\u00e9<\/p>\n<p>Taille : 56,2 \u00d7 13,7 \u00d7 6,1 cm<\/p>\n<p>Instructions manuelles<\/p>\n<p>\ud83d\udcccNature du protagoniste<\/p>\n<p>Vous ne devriez pas manquer la pr\u00e9sentation de notre fi\u00e8re collection nomm\u00e9e &quot;World Railway\u00a0: Harmony CRH380A Electric Multiple Unit&quot;.<\/p>\n<p>L&#039;EMU Harmony CRH380A est un train \u00e9l\u00e9gant et moderne dot\u00e9 de fonctionnalit\u00e9s et de technologies avanc\u00e9es. Il pr\u00e9sente une carrosserie profil\u00e9e et est peint dans une palette de couleurs rouge et argent distinctive. Le train est propuls\u00e9 par un ensemble de moteurs \u00e9lectriques, qui tirent leur \u00e9nergie des lignes \u00e9lectriques a\u00e9riennes. Il est capable d&#039;acc\u00e9l\u00e9rer rapidement et peut atteindre sa vitesse de pointe de 350 kilom\u00e8tres \u00e0 l&#039;heure en quelques minutes seulement. Le train est con\u00e7u pour \u00eatre confortable et efficace, avec un int\u00e9rieur spacieux et bien am\u00e9nag\u00e9 qui comprend des fonctionnalit\u00e9s telles que des si\u00e8ges confortables, le Wi-Fi et la climatisation.<\/div>","protected":false},"excerpt":{"rendered":"<p>Marque : MOLD KING<br \/>\nGenre: Unisexe<br \/>\nTranche d&#039;\u00e2ge : &gt; 8 ans<br \/>\nNum\u00e9ro de mod\u00e8le: 12021<br \/>\nClassement : Assemblage<br \/>\nForme de bloc en plastique\u00a0: briques autobloquantes<br \/>\nMat\u00e9riel: Plastique<br \/>\nType de plastique : ABS<br \/>\nBlocs de Briques : 1211 +<br \/>\nPr\u00e9vente<\/p>","protected":false},"featured_media":41793,"comment_status":"open","ping_status":"closed","template":"","meta":{"_acf_changed":false},"product_cat":[1357,364],"product_tag":[9981,11332,11250,389,11080,8802],"class_list":["product","first","instock","shipping-taxable","purchasable","product-type-simple"],"acf":[],"_links":{"self":[{"href":"https:\/\/mouldking.store\/fr\/wp-json\/wp\/v2\/product\/41794","targetHints":{"allow":["GET"]}}],"collection":[{"href":"https:\/\/mouldking.store\/fr\/wp-json\/wp\/v2\/product"}],"about":[{"href":"https:\/\/mouldking.store\/fr\/wp-json\/wp\/v2\/types\/product"}],"replies":[{"embeddable":true,"href":"https:\/\/mouldking.store\/fr\/wp-json\/wp\/v2\/comments?post=41794"}],"wp:featuredmedia":[{"embeddable":true,"href":"https:\/\/mouldking.store\/fr\/wp-json\/wp\/v2\/media\/41793"}],"wp:attachment":[{"href":"https:\/\/mouldking.store\/fr\/wp-json\/wp\/v2\/media?parent=41794"}],"wp:term":[{"taxonomy":"product_cat","embeddable":true,"href":"https:\/\/mouldking.store\/fr\/wp-json\/wp\/v2\/product_cat?post=41794"},{"taxonomy":"product_tag","embeddable":true,"href":"https:\/\/mouldking.store\/fr\/wp-json\/wp\/v2\/product_tag?post=41794"}],"curies":[{"name":"wp","href":"https:\/\/api.w.org\/{rel}","templated":true}]}}