{"id":41819,"date":"2023-02-17T10:31:22","date_gmt":"2023-02-17T03:31:22","guid":{"rendered":"https:\/\/mouldking.store\/shop\/pantasy-81102-spirit-cage-doomsday-with-100-pieces\/"},"modified":"2023-02-17T10:31:22","modified_gmt":"2023-02-17T03:31:22","slug":"pantasy-81102-spirit-cage-doomsday-with-100-pieces","status":"publish","type":"product","link":"https:\/\/mouldking.store\/fr\/shop\/pantasy-81102-spirit-cage-doomsday-with-100-pieces\/","title":{"rendered":"Pantasy 81102 Spirit Cage : Doomsday avec 100 pi\u00e8ces"},"content":{"rendered":"<div>\u2705 PANTASY 81102 Spirit Cage : Doomsday<br \/>&nbsp;<br \/>\u2705Doomsday Hurricane appartient \u00e0 l&#039;ensemble de blocs de construction de la s\u00e9rie de jeux cin\u00e9matographiques et t\u00e9l\u00e9vis\u00e9s. Premi\u00e8re sortie en 2022.<br \/>&nbsp;<br \/>\ud83d\udeabIMPORTANT !&nbsp;<br \/>&nbsp;<br \/>Nom du produit : Spirit Cage : Doomsday<br \/>&nbsp;<br \/>Cat\u00e9gorie\u00a0: Cr\u00e9ateur<br \/>&nbsp;<br \/>Ce kit contient : PANTASY 81102<br \/>&nbsp;<br \/>100 briques de bonne qualit\u00e9.&nbsp;<br \/>&nbsp;<br \/>Taille : 12 \u00d7 12 \u00d7 11 cm<br \/>&nbsp;<br \/>Instructions manuelles&nbsp;<br \/>&nbsp;<br \/>\ud83d\udcccNature du protagoniste&nbsp;<br \/>&nbsp;<br \/>Vous ne devriez pas manquer la pr\u00e9sentation de notre fi\u00e8re collection nomm\u00e9e &quot;Spirit Cage\u00a0: Doomsday&quot;.&nbsp;<br \/>&nbsp;<br \/>Spirit Cage est une nouvelle s\u00e9rie de films et de jeux t\u00e9l\u00e9vis\u00e9s, cr\u00e9\u00e9e par les m\u00eames esprits qui vous ont apport\u00e9 la s\u00e9rie de films \u00e0 succ\u00e8s avec plus de 10 milliards de dollars de ventes totales. Le jeu a \u00e9t\u00e9 d\u00e9velopp\u00e9 pour apporter un nouveau niveau d&#039;interactivit\u00e9, ce qui signifie que chaque joueur aura un impact sur le r\u00e9sultat de l&#039;histoire.<\/div>","protected":false},"excerpt":{"rendered":"<p>Marque : Pantasy<br \/>\nGenre: Unisexe<br \/>\nTranche d&#039;\u00e2ge : &gt; 6 ans<br \/>\nNum\u00e9ro de mod\u00e8le: 81102<br \/>\nClassement : Assemblage<br \/>\nForme de bloc en plastique\u00a0: briques autobloquantes<br \/>\nMat\u00e9riel: Plastique<br \/>\nType de plastique : ABS<br \/>\nBlocs de briques : 100 +<br \/>\nLes pi\u00e8ces peuvent changer<\/p>","protected":false},"featured_media":41816,"comment_status":"open","ping_status":"closed","template":"","meta":{"_acf_changed":false},"product_cat":[1365,371],"product_tag":[11072,8452,11337,11336],"class_list":["product","first","instock","shipping-taxable","purchasable","product-type-simple"],"acf":[],"_links":{"self":[{"href":"https:\/\/mouldking.store\/fr\/wp-json\/wp\/v2\/product\/41819","targetHints":{"allow":["GET"]}}],"collection":[{"href":"https:\/\/mouldking.store\/fr\/wp-json\/wp\/v2\/product"}],"about":[{"href":"https:\/\/mouldking.store\/fr\/wp-json\/wp\/v2\/types\/product"}],"replies":[{"embeddable":true,"href":"https:\/\/mouldking.store\/fr\/wp-json\/wp\/v2\/comments?post=41819"}],"wp:featuredmedia":[{"embeddable":true,"href":"https:\/\/mouldking.store\/fr\/wp-json\/wp\/v2\/media\/41816"}],"wp:attachment":[{"href":"https:\/\/mouldking.store\/fr\/wp-json\/wp\/v2\/media?parent=41819"}],"wp:term":[{"taxonomy":"product_cat","embeddable":true,"href":"https:\/\/mouldking.store\/fr\/wp-json\/wp\/v2\/product_cat?post=41819"},{"taxonomy":"product_tag","embeddable":true,"href":"https:\/\/mouldking.store\/fr\/wp-json\/wp\/v2\/product_tag?post=41819"}],"curies":[{"name":"wp","href":"https:\/\/api.w.org\/{rel}","templated":true}]}}