{"id":41850,"date":"2023-02-20T12:03:08","date_gmt":"2023-02-20T05:03:08","guid":{"rendered":"https:\/\/mouldking.store\/shop\/moc-factory-75906-tech-helmet-collection-with-526-pieces\/"},"modified":"2025-12-16T22:25:17","modified_gmt":"2025-12-16T15:25:17","slug":"moc-factory-75906-tech-helmet-collection-with-526-pieces","status":"publish","type":"product","link":"https:\/\/mouldking.store\/fr\/shop\/moc-factory-75906-tech-helmet-collection-with-526-pieces\/","title":{"rendered":"MOC Factory 75906 Tech (collection de casques) avec 526 pi\u00e8ces"},"content":{"rendered":"<div>\u2705 MOC 75906 Tech (Collection de casques)<\/p>\n<p>\u2705Tech est un personnage de la s\u00e9rie anim\u00e9e Star Wars &quot;The Bad Batch&quot;. Il est membre du &quot;Bad Batch&quot; titulaire, un groupe de soldats clones d&#039;\u00e9lite avec des mutations g\u00e9n\u00e9tiques uniques qui leur conf\u00e8rent des comp\u00e9tences et des capacit\u00e9s exceptionnelles. Tech est un membre du groupe tr\u00e8s intelligent et f\u00e9ru de technologie qui est charg\u00e9 de d\u00e9velopper de nouvelles technologies et gadgets pour aider l&#039;\u00e9quipe \u00e0 accomplir ses missions.<\/p>\n<p>\ud83d\udeabIMPORTANT !<\/p>\n<p>Nom du produit : Tech (collection de casques)<\/p>\n<p>Cat\u00e9gorie : Guerres des \u00e9toiles<\/p>\n<p>Ce kit contient : MOC 75906<\/p>\n<p>526 briques de bonne qualit\u00e9.<\/p>\n<p>Taille : 16 x 12 x 16 cm<\/p>\n<p>Instructions PDF<\/p>\n<p>\ud83d\udcccNature du protagoniste<\/p>\n<p>Vous ne devriez pas manquer la pr\u00e9sentation de notre fi\u00e8re collection nomm\u00e9e &quot;Tech (Helmet Collection)&quot;.<\/p>\n<p>Tech est connu pour ses comp\u00e9tences techniques exceptionnelles, notamment sa capacit\u00e9 \u00e0 pirater des syst\u00e8mes informatiques et \u00e0 cr\u00e9er des dispositifs technologiques avanc\u00e9s. Il est \u00e9galement un strat\u00e8ge expert, fournissant souvent des id\u00e9es et des plans pr\u00e9cieux \u00e0 l&#039;\u00e9quipe pendant les missions. Tech est facilement reconnaissable \u00e0 son casque unique, qui comprend une vari\u00e9t\u00e9 de fonctionnalit\u00e9s avanc\u00e9es qui lui permettent d&#039;analyser et de manipuler des donn\u00e9es en temps r\u00e9el.<\/p><\/div>","protected":false},"excerpt":{"rendered":"<p>Marque : MOC Factory<br \/>\nGenre: Unisexe<br \/>\nTranche d&#039;\u00e2ge : &gt; 8 ans<br \/>\nNum\u00e9ro de mod\u00e8le: 75906<br \/>\nClassement : Assemblage<br \/>\nForme de bloc en plastique\u00a0: briques autobloquantes<br \/>\nMat\u00e9riel: Plastique<br \/>\nType de plastique : ABS<br \/>\nBlocs de briques : 526 +<br \/>\nAucune bo\u00eete<\/p>","protected":false},"featured_media":41846,"comment_status":"open","ping_status":"closed","template":"","meta":{"_acf_changed":false},"product_cat":[581,6016,415,1408],"product_tag":[8149,8047,11340,434,2276,436,11339],"class_list":["product","first","instock","shipping-taxable","purchasable","product-type-simple"],"acf":[],"_links":{"self":[{"href":"https:\/\/mouldking.store\/fr\/wp-json\/wp\/v2\/product\/41850","targetHints":{"allow":["GET"]}}],"collection":[{"href":"https:\/\/mouldking.store\/fr\/wp-json\/wp\/v2\/product"}],"about":[{"href":"https:\/\/mouldking.store\/fr\/wp-json\/wp\/v2\/types\/product"}],"replies":[{"embeddable":true,"href":"https:\/\/mouldking.store\/fr\/wp-json\/wp\/v2\/comments?post=41850"}],"wp:featuredmedia":[{"embeddable":true,"href":"https:\/\/mouldking.store\/fr\/wp-json\/wp\/v2\/media\/41846"}],"wp:attachment":[{"href":"https:\/\/mouldking.store\/fr\/wp-json\/wp\/v2\/media?parent=41850"}],"wp:term":[{"taxonomy":"product_cat","embeddable":true,"href":"https:\/\/mouldking.store\/fr\/wp-json\/wp\/v2\/product_cat?post=41850"},{"taxonomy":"product_tag","embeddable":true,"href":"https:\/\/mouldking.store\/fr\/wp-json\/wp\/v2\/product_tag?post=41850"}],"curies":[{"name":"wp","href":"https:\/\/api.w.org\/{rel}","templated":true}]}}