{"id":41885,"date":"2023-02-20T14:37:32","date_gmt":"2023-02-20T07:37:32","guid":{"rendered":"https:\/\/mouldking.store\/shop\/moc-factory-87713-fennec-shand-helmet-collection-with-535-pieces\/"},"modified":"2025-12-16T22:25:16","modified_gmt":"2025-12-16T15:25:16","slug":"moc-factory-87713-fennec-shand-helmet-collection-with-535-pieces","status":"publish","type":"product","link":"https:\/\/mouldking.store\/fr\/shop\/moc-factory-87713-fennec-shand-helmet-collection-with-535-pieces\/","title":{"rendered":"MOC Factory 87713 Fennec Shand (collection de casques) avec 535 pi\u00e8ces"},"content":{"rendered":"<div>\u2705 MOC 87713 Fennec Shand (Collection de casques)<\/p>\n<p>\u2705Le casque de Fennec Shand est un type de casque port\u00e9 par le personnage de Fennec Shand dans la franchise Star Wars. Fennec Shand est un assassin et mercenaire qualifi\u00e9 qui appara\u00eet dans la s\u00e9rie t\u00e9l\u00e9vis\u00e9e Disney + &quot;The Mandalorian&quot; et plus tard dans la s\u00e9rie anim\u00e9e &quot;The Bad Batch&quot;.<\/p>\n<p>\ud83d\udeabIMPORTANT !<\/p>\n<p>Nom du produit : Fennec Shand (collection de casques)<\/p>\n<p>Cat\u00e9gorie : Guerres des \u00e9toiles<\/p>\n<p>Ce kit contient : MOC 87713<\/p>\n<p>535 briques de bonne qualit\u00e9.<\/p>\n<p>Taille : 12 x 12 x 18,4 cm<\/p>\n<p>Instructions PDF<\/p>\n<p>\ud83d\udcccNature du protagoniste<\/p>\n<p>Vous ne devriez pas manquer la pr\u00e9sentation de notre fi\u00e8re collection nomm\u00e9e &quot;Fennec Shand (Helmet Collection)&quot;.<\/p>\n<p>Le casque est un design \u00e9l\u00e9gant et distinctif, avec une finition noire \u00e9l\u00e9gante et une visi\u00e8re en forme de T pro\u00e9minente. Le casque a une forme incurv\u00e9e qui s&#039;adapte \u00e0 la t\u00eate du porteur et offre une couverture compl\u00e8te du visage et du cou. Il comporte un certain nombre de capteurs int\u00e9gr\u00e9s et d&#039;\u00e9quipements de communication, permettant \u00e0 l&#039;utilisateur d&#039;acc\u00e9der \u00e0 des informations vitales et de rester en contact avec les autres.<\/p><\/div>","protected":false},"excerpt":{"rendered":"<p>Marque : MOC Factory<br \/>\nGenre: Unisexe<br \/>\nTranche d&#039;\u00e2ge : &gt; 8 ans<br \/>\nNum\u00e9ro de mod\u00e8le: 87713<br \/>\nClassement : Assemblage<br \/>\nForme de bloc en plastique\u00a0: briques autobloquantes<br \/>\nMat\u00e9riel: Plastique<br \/>\nType de plastique : ABS<br \/>\nBlocs de briques : 535 +<br \/>\nAucune bo\u00eete<\/p>","protected":false},"featured_media":41882,"comment_status":"open","ping_status":"closed","template":"","meta":{"_acf_changed":false},"product_cat":[581,6016,415,1408],"product_tag":[8149,11349,8047,434,11350,2276,436],"class_list":["product","first","instock","shipping-taxable","purchasable","product-type-simple"],"acf":[],"_links":{"self":[{"href":"https:\/\/mouldking.store\/fr\/wp-json\/wp\/v2\/product\/41885","targetHints":{"allow":["GET"]}}],"collection":[{"href":"https:\/\/mouldking.store\/fr\/wp-json\/wp\/v2\/product"}],"about":[{"href":"https:\/\/mouldking.store\/fr\/wp-json\/wp\/v2\/types\/product"}],"replies":[{"embeddable":true,"href":"https:\/\/mouldking.store\/fr\/wp-json\/wp\/v2\/comments?post=41885"}],"wp:featuredmedia":[{"embeddable":true,"href":"https:\/\/mouldking.store\/fr\/wp-json\/wp\/v2\/media\/41882"}],"wp:attachment":[{"href":"https:\/\/mouldking.store\/fr\/wp-json\/wp\/v2\/media?parent=41885"}],"wp:term":[{"taxonomy":"product_cat","embeddable":true,"href":"https:\/\/mouldking.store\/fr\/wp-json\/wp\/v2\/product_cat?post=41885"},{"taxonomy":"product_tag","embeddable":true,"href":"https:\/\/mouldking.store\/fr\/wp-json\/wp\/v2\/product_tag?post=41885"}],"curies":[{"name":"wp","href":"https:\/\/api.w.org\/{rel}","templated":true}]}}