{"id":41900,"date":"2023-02-20T15:05:35","date_gmt":"2023-02-20T08:05:35","guid":{"rendered":"https:\/\/mouldking.store\/shop\/reobrix-683-dodge-viper-racer-car-with-419-pieces\/"},"modified":"2023-02-20T15:05:35","modified_gmt":"2023-02-20T08:05:35","slug":"reobrix-683-dodge-viper-racer-car-with-419-pieces","status":"publish","type":"product","link":"https:\/\/mouldking.store\/fr\/shop\/reobrix-683-dodge-viper-racer-car-with-419-pieces\/","title":{"rendered":"REOBRIX 683 Dodge Viper Racer Car avec 419 pi\u00e8ces"},"content":{"rendered":"<div>\u2705 Voiture de course Reobrix 683 Dodge Viper<br \/>&nbsp;<br \/>\u2705La voiture Dodge Viper Racer est une voiture de sport haute performance con\u00e7ue \u00e0 des fins de course. Il est bas\u00e9 sur la Dodge Viper, une voiture de sport populaire produite par le constructeur automobile am\u00e9ricain Dodge.<br \/>&nbsp;<br \/>\ud83d\udeabIMPORTANT !&nbsp;<br \/>&nbsp;<br \/>Nom du produit : voiture de course Dodge Viper.<br \/>&nbsp;<br \/>Cat\u00e9gorie : Technique<br \/>&nbsp;<br \/>Ce kit contient : Reobrix 683<br \/>&nbsp;<br \/>419 briques de bonne qualit\u00e9.&nbsp;<br \/>&nbsp;<br \/>Taille : 16,6 x 7,8 x 4,9 cm<br \/>&nbsp;<br \/>Instructions manuelles&nbsp;<br \/>&nbsp;<br \/>\ud83d\udcccNature du protagoniste&nbsp;<br \/>&nbsp;<br \/>Vous ne devriez pas manquer la pr\u00e9sentation de notre fi\u00e8re collection nomm\u00e9e &quot;Dodge Viper Racer Car&quot;.&nbsp;<\/p>\n<p>La voiture Viper Racer est sp\u00e9cialement con\u00e7ue pour la course et dispose d&#039;une gamme de fonctionnalit\u00e9s et de technologies avanc\u00e9es qui la rendent tr\u00e8s comp\u00e9titive sur le circuit. Ces caract\u00e9ristiques peuvent inclure une construction l\u00e9g\u00e8re, des moteurs hautes performances, des kits de carrosserie a\u00e9rodynamiques et des pneus de course sp\u00e9cialis\u00e9s. La voiture est \u00e9galement d\u00e9pouill\u00e9e pour r\u00e9duire le poids et augmenter les performances, avec des fonctionnalit\u00e9s telles que la climatisation et les syst\u00e8mes audio supprim\u00e9s. La voiture Dodge Viper Racer a une apparence distinctive, avec des lignes \u00e9pur\u00e9es et anguleuses et une position basse et agressive. Il peut pr\u00e9senter une gamme de designs de livr\u00e9e de course et de logos de sponsors, ainsi que d&#039;autres caract\u00e9ristiques visuelles uniques telles que des ailes a\u00e9rodynamiques et des spoilers.<\/p><\/div>","protected":false},"excerpt":{"rendered":"<p>Marque : REOBRIX<br \/>\nGenre: Unisexe<br \/>\nTranche d&#039;\u00e2ge : &gt; 14 ans<br \/>\nNum\u00e9ro de mod\u00e8le: 683<br \/>\nClassement : Assemblage<br \/>\nForme de bloc en plastique\u00a0: briques autobloquantes<br \/>\nMat\u00e9riel: Plastique<br \/>\nType de plastique : ABS<br \/>\nBlocs de briques : 419 +<br \/>\nAucune bo\u00eete<\/p>","protected":false},"featured_media":41897,"comment_status":"open","ping_status":"closed","template":"","meta":{"_acf_changed":false},"product_cat":[1360,1357,364],"product_tag":[457,10882,11354,7761,389,11080,11355],"class_list":["product","first","instock","shipping-taxable","purchasable","product-type-simple"],"acf":[],"_links":{"self":[{"href":"https:\/\/mouldking.store\/fr\/wp-json\/wp\/v2\/product\/41900","targetHints":{"allow":["GET"]}}],"collection":[{"href":"https:\/\/mouldking.store\/fr\/wp-json\/wp\/v2\/product"}],"about":[{"href":"https:\/\/mouldking.store\/fr\/wp-json\/wp\/v2\/types\/product"}],"replies":[{"embeddable":true,"href":"https:\/\/mouldking.store\/fr\/wp-json\/wp\/v2\/comments?post=41900"}],"wp:featuredmedia":[{"embeddable":true,"href":"https:\/\/mouldking.store\/fr\/wp-json\/wp\/v2\/media\/41897"}],"wp:attachment":[{"href":"https:\/\/mouldking.store\/fr\/wp-json\/wp\/v2\/media?parent=41900"}],"wp:term":[{"taxonomy":"product_cat","embeddable":true,"href":"https:\/\/mouldking.store\/fr\/wp-json\/wp\/v2\/product_cat?post=41900"},{"taxonomy":"product_tag","embeddable":true,"href":"https:\/\/mouldking.store\/fr\/wp-json\/wp\/v2\/product_tag?post=41900"}],"curies":[{"name":"wp","href":"https:\/\/api.w.org\/{rel}","templated":true}]}}