{"id":41914,"date":"2023-02-20T15:35:45","date_gmt":"2023-02-20T08:35:45","guid":{"rendered":"https:\/\/mouldking.store\/shop\/reobrix-031072-forest-cabin-with-1643-pieces\/"},"modified":"2023-02-20T15:35:45","modified_gmt":"2023-02-20T08:35:45","slug":"reobrix-031072-forest-cabin-with-1643-pieces","status":"publish","type":"product","link":"https:\/\/mouldking.store\/fr\/shop\/reobrix-031072-forest-cabin-with-1643-pieces\/","title":{"rendered":"REOBRIX 031072 Cabane Foresti\u00e8re avec 1643 Pi\u00e8ces"},"content":{"rendered":"<div>\u2705 Cabane foresti\u00e8re Mork 031072<br \/>&nbsp;<br \/>\u2705Une cabane ou un chalet forestier est un type de petite maison rustique qui est g\u00e9n\u00e9ralement situ\u00e9e dans une zone bois\u00e9e ou montagneuse. Il est souvent en bois ou en pierre et con\u00e7u pour se fondre dans le milieu naturel environnant.<br \/>&nbsp;<br \/>\ud83d\udeabIMPORTANT !&nbsp;<br \/>&nbsp;<br \/>Nom du produit : cabane foresti\u00e8re.<br \/>&nbsp;<br \/>Cat\u00e9gorie\u00a0: Cr\u00e9ateur&nbsp;<\/p>\n<p>Ce kit contient : Mork 031072<br \/>&nbsp;<br \/>1643 briques de bonne qualit\u00e9.&nbsp;<br \/>&nbsp;<br \/>Taille : 30 \u00d7 24 \u00d7 28 cm<br \/>&nbsp;<br \/>Instructions manuelles&nbsp;<br \/>&nbsp;<br \/>\ud83d\udcccNature du protagoniste&nbsp;<br \/>&nbsp;<br \/>Vous ne devriez pas manquer la pr\u00e9sentation de notre fi\u00e8re collection nomm\u00e9e &quot;Forest Cabin&quot;.&nbsp;<br \/>&nbsp;<br \/>L&#039;int\u00e9rieur d&#039;une cabane ou d&#039;un chalet forestier comprend g\u00e9n\u00e9ralement un espace de vie confortable, comprenant un salon, une cuisine, un coin repas et des chambres. Le salon peut comprendre une chemin\u00e9e ou un po\u00eale \u00e0 bois pour se r\u00e9chauffer et de grandes fen\u00eatres pour profiter de la vue naturelle \u00e0 l&#039;ext\u00e9rieur. La cuisine est souvent \u00e9quip\u00e9e d&#039;\u00e9quipements de cuisine de base, tels qu&#039;une cuisini\u00e8re, un r\u00e9frig\u00e9rateur et un \u00e9vier, et la salle \u00e0 manger peut \u00eatre situ\u00e9e dans le m\u00eame espace ouvert que le salon.<\/div>","protected":false},"excerpt":{"rendered":"<p>Marque : REOBRIX<br \/>\nGenre: Unisexe<br \/>\nTranche d&#039;\u00e2ge : &gt; 6 ans<br \/>\nNum\u00e9ro de mod\u00e8le: 031072<br \/>\nClassement : Assemblage<br \/>\nForme de bloc en plastique\u00a0: briques autobloquantes<br \/>\nMat\u00e9riel: Plastique<br \/>\nType de plastique : ABS<br \/>\nBlocs de Briques : 1643 +<br \/>\nAucune bo\u00eete<\/p>","protected":false},"featured_media":41910,"comment_status":"open","ping_status":"closed","template":"","meta":{"_acf_changed":false},"product_cat":[1365,1395,371,390],"product_tag":[11072,8452,8857,3727,392],"class_list":["product","first","instock","shipping-taxable","purchasable","product-type-simple"],"acf":[],"_links":{"self":[{"href":"https:\/\/mouldking.store\/fr\/wp-json\/wp\/v2\/product\/41914","targetHints":{"allow":["GET"]}}],"collection":[{"href":"https:\/\/mouldking.store\/fr\/wp-json\/wp\/v2\/product"}],"about":[{"href":"https:\/\/mouldking.store\/fr\/wp-json\/wp\/v2\/types\/product"}],"replies":[{"embeddable":true,"href":"https:\/\/mouldking.store\/fr\/wp-json\/wp\/v2\/comments?post=41914"}],"wp:featuredmedia":[{"embeddable":true,"href":"https:\/\/mouldking.store\/fr\/wp-json\/wp\/v2\/media\/41910"}],"wp:attachment":[{"href":"https:\/\/mouldking.store\/fr\/wp-json\/wp\/v2\/media?parent=41914"}],"wp:term":[{"taxonomy":"product_cat","embeddable":true,"href":"https:\/\/mouldking.store\/fr\/wp-json\/wp\/v2\/product_cat?post=41914"},{"taxonomy":"product_tag","embeddable":true,"href":"https:\/\/mouldking.store\/fr\/wp-json\/wp\/v2\/product_tag?post=41914"}],"curies":[{"name":"wp","href":"https:\/\/api.w.org\/{rel}","templated":true}]}}