{"id":41945,"date":"2023-02-20T16:30:13","date_gmt":"2023-02-20T09:30:13","guid":{"rendered":"https:\/\/mouldking.store\/shop\/balody-21058-gingerbread-house-with-1026-pieces\/"},"modified":"2023-02-20T16:30:13","modified_gmt":"2023-02-20T09:30:13","slug":"balody-21058-gingerbread-house-with-1026-pieces","status":"publish","type":"product","link":"https:\/\/mouldking.store\/fr\/shop\/balody-21058-gingerbread-house-with-1026-pieces\/","title":{"rendered":"BALODY 21058 Maison en pain d&#039;\u00e9pice avec 1026 pi\u00e8ces"},"content":{"rendered":"<div>\u2705 BALODY 21058 Maison en pain d&#039;\u00e9pice<br \/>&nbsp;<br \/>\u2705Une maison en pain d&#039;\u00e9pice est un r\u00e9gal festif et d\u00e9coratif qui est souvent compos\u00e9 de p\u00e2te \u00e0 pain d&#039;\u00e9pice, de gla\u00e7age et de divers types de bonbons ou de sucreries. La p\u00e2te de pain d&#039;\u00e9pice est d\u00e9coup\u00e9e en formes et assembl\u00e9e pour former les murs, le toit et d&#039;autres \u00e9l\u00e9ments structurels de la maison. Le gla\u00e7age est utilis\u00e9 pour coller les pi\u00e8ces ensemble et ajouter des \u00e9l\u00e9ments d\u00e9coratifs tels que des fen\u00eatres, des portes et d&#039;autres d\u00e9tails. Des bonbons et des sucreries sont ensuite ajout\u00e9s pour d\u00e9corer la maison, tels que des boules de gomme, des cannes de bonbon, des p\u00e9pites de chocolat, etc.<br \/>&nbsp;<br \/>\ud83d\udeabIMPORTANT !&nbsp;<br \/>&nbsp;<br \/>Nom du produit : maison en pain d&#039;\u00e9pice.<br \/>&nbsp;<br \/>Cat\u00e9gorie\u00a0: Cr\u00e9ateur&nbsp;<br \/>&nbsp;<br \/>Ce kit contient : BALODY 21058&nbsp;<br \/>&nbsp;<br \/>1026 briques de bonne qualit\u00e9.&nbsp;<br \/>&nbsp;<br \/>Taille : 18,6 \u00d7 8,6 \u00d7 12,7 cm<br \/>&nbsp;<br \/>Instructions manuelles&nbsp;<br \/>&nbsp;<br \/>\ud83d\udcccNature du protagoniste&nbsp;<br \/>&nbsp;<br \/>Vous ne devriez pas manquer la pr\u00e9sentation de notre fi\u00e8re collection nomm\u00e9e &quot;Gingerbread House&quot;.&nbsp;<br \/>&nbsp;<br \/>Les maisons en pain d&#039;\u00e9pice peuvent prendre toutes les formes et toutes les tailles, des petites et simples aux grandes et \u00e9labor\u00e9es. Ils sont souvent d\u00e9cor\u00e9s pour ressembler \u00e0 des maisons traditionnelles avec des toits en pente et des chemin\u00e9es, mais ils peuvent aussi prendre des formes plus fantaisistes comme des ch\u00e2teaux, des chalets ou m\u00eame des sapins de No\u00ebl. Les maisons en pain d&#039;\u00e9pice sont une activit\u00e9 de vacances populaire, souvent r\u00e9alis\u00e9e en famille ou entre amis, et peuvent \u00eatre expos\u00e9es comme une d\u00e9coration festive ou m\u00eame mang\u00e9es comme une g\u00e2terie savoureuse. Ils sont une tradition bien-aim\u00e9e pendant la saison de No\u00ebl et une fa\u00e7on amusante de c\u00e9l\u00e9brer les vacances.<\/div>","protected":false},"excerpt":{"rendered":"<p>Marque : BALODY<br \/>\nGenre: Unisexe<br \/>\nTranche d&#039;\u00e2ge : &gt; 6 ans<br \/>\nNum\u00e9ro de mod\u00e8le: 21058<br \/>\nClassement : Assemblage<br \/>\nForme de bloc en plastique\u00a0: briques autobloquantes<br \/>\nMat\u00e9riel: Plastique<br \/>\nType de plastique : ABS<br \/>\nBlocs de Briques : 1026 +<br \/>\nPr\u00e9vente<\/p>","protected":false},"featured_media":41941,"comment_status":"open","ping_status":"closed","template":"","meta":{"_acf_changed":false},"product_cat":[1365,1395,371,390],"product_tag":[11072,8452,7499,7502,2318,392],"class_list":["product","first","instock","shipping-taxable","purchasable","product-type-simple"],"acf":[],"_links":{"self":[{"href":"https:\/\/mouldking.store\/fr\/wp-json\/wp\/v2\/product\/41945","targetHints":{"allow":["GET"]}}],"collection":[{"href":"https:\/\/mouldking.store\/fr\/wp-json\/wp\/v2\/product"}],"about":[{"href":"https:\/\/mouldking.store\/fr\/wp-json\/wp\/v2\/types\/product"}],"replies":[{"embeddable":true,"href":"https:\/\/mouldking.store\/fr\/wp-json\/wp\/v2\/comments?post=41945"}],"wp:featuredmedia":[{"embeddable":true,"href":"https:\/\/mouldking.store\/fr\/wp-json\/wp\/v2\/media\/41941"}],"wp:attachment":[{"href":"https:\/\/mouldking.store\/fr\/wp-json\/wp\/v2\/media?parent=41945"}],"wp:term":[{"taxonomy":"product_cat","embeddable":true,"href":"https:\/\/mouldking.store\/fr\/wp-json\/wp\/v2\/product_cat?post=41945"},{"taxonomy":"product_tag","embeddable":true,"href":"https:\/\/mouldking.store\/fr\/wp-json\/wp\/v2\/product_tag?post=41945"}],"curies":[{"name":"wp","href":"https:\/\/api.w.org\/{rel}","templated":true}]}}