{"id":41966,"date":"2022-02-20T17:20:51","date_gmt":"2022-02-20T10:20:51","guid":{"rendered":"https:\/\/mouldking.store\/shop\/cogo-17015-dreaming-of-china-airlines-type-12322-bison-class-air-cushion-landing-craft-with-826-pieces\/"},"modified":"2023-03-10T11:03:15","modified_gmt":"2023-03-10T04:03:15","slug":"cogo-17015-dreaming-of-china-airlines-type-12322-bison-class-air-cushion-landing-craft-with-826-pieces","status":"publish","type":"product","link":"https:\/\/mouldking.store\/fr\/shop\/cogo-17015-dreaming-of-china-airlines-type-12322-bison-class-air-cushion-landing-craft-with-826-pieces\/","title":{"rendered":"CoGo 17015 Dreaming of China Airlines : P\u00e9niche de d\u00e9barquement \u00e0 coussin d&#039;air de classe Bison de type 12322 avec 826 pi\u00e8ces"},"content":{"rendered":"<div>\u2705 COGO 17015 Dreaming of China Airlines : Type 12322 Bison-class Air Cushion Landing Craft<br \/>&nbsp;<br \/>\u2705 La p\u00e9niche de d\u00e9barquement \u00e0 coussin d&#039;air de classe Bison de type 12322 est un type de p\u00e9niche de d\u00e9barquement utilis\u00e9e par la marine de l&#039;Arm\u00e9e populaire de lib\u00e9ration (PLAN) de Chine. Il est con\u00e7u pour transporter des troupes, du mat\u00e9riel et des fournitures des navires \u00e0 terre lors d&#039;op\u00e9rations amphibies.<br \/>&nbsp;<br \/>\ud83d\udeabIMPORTANT !&nbsp;<br \/>&nbsp;<br \/>Nom du produit\u00a0: Dreaming of China Airlines\u00a0: p\u00e9niche de d\u00e9barquement \u00e0 coussin d&#039;air de classe Bison de type 12322<br \/>&nbsp;<br \/>Cat\u00e9gorie : Militaire<br \/>&nbsp;<br \/>Ce kit contient : COGO 17015<br \/>&nbsp;<br \/>826 briques de bonne qualit\u00e9.&nbsp;<br \/>&nbsp;<br \/>Instructions manuelles&nbsp;<br \/>&nbsp;<br \/>\ud83d\udcccNature du protagoniste&nbsp;<br \/>&nbsp;<br \/>Vous ne devriez pas manquer la pr\u00e9sentation de notre fi\u00e8re collection intitul\u00e9e &quot;Dreaming of China Airlines\u00a0: Type 12322 Bison-class Air Cushion Landing Craft&quot;.&nbsp;<\/p>\n<\/div>\n<div>La p\u00e9niche de d\u00e9barquement de classe Bison utilise un syst\u00e8me de coussin d&#039;air pour soulever l&#039;engin hors de l&#039;eau et assurer une conduite en douceur pendant le transport \u00e0 grande vitesse. Cela permet \u00e0 l&#039;embarcation de fonctionner dans des eaux peu profondes et de traverser des terrains difficiles tels que des marais, des bancs de sable et des champs enneig\u00e9s.<\/div>","protected":false},"excerpt":{"rendered":"<p>Marque : Co Go<br \/>\nGenre: Unisexe<br \/>\nTranche d&#039;\u00e2ge : &gt; 6 ans<br \/>\nNum\u00e9ro de mod\u00e8le: 17015<br \/>\nClassement : Assemblage<br \/>\nForme de bloc en plastique\u00a0: briques autobloquantes<br \/>\nMat\u00e9riel: Plastique<br \/>\nType de plastique : ABS<br \/>\nBlocs de briques : 826 +<br \/>\nPr\u00e9vente<\/p>","protected":false},"featured_media":41965,"comment_status":"open","ping_status":"closed","template":"","meta":{"_acf_changed":false},"product_cat":[1350,1357,372,364],"product_tag":[11202,11366,11365,10892,11364,11249,374,389],"class_list":["product","first","outofstock","shipping-taxable","purchasable","product-type-simple"],"acf":[],"_links":{"self":[{"href":"https:\/\/mouldking.store\/fr\/wp-json\/wp\/v2\/product\/41966","targetHints":{"allow":["GET"]}}],"collection":[{"href":"https:\/\/mouldking.store\/fr\/wp-json\/wp\/v2\/product"}],"about":[{"href":"https:\/\/mouldking.store\/fr\/wp-json\/wp\/v2\/types\/product"}],"replies":[{"embeddable":true,"href":"https:\/\/mouldking.store\/fr\/wp-json\/wp\/v2\/comments?post=41966"}],"wp:featuredmedia":[{"embeddable":true,"href":"https:\/\/mouldking.store\/fr\/wp-json\/wp\/v2\/media\/41965"}],"wp:attachment":[{"href":"https:\/\/mouldking.store\/fr\/wp-json\/wp\/v2\/media?parent=41966"}],"wp:term":[{"taxonomy":"product_cat","embeddable":true,"href":"https:\/\/mouldking.store\/fr\/wp-json\/wp\/v2\/product_cat?post=41966"},{"taxonomy":"product_tag","embeddable":true,"href":"https:\/\/mouldking.store\/fr\/wp-json\/wp\/v2\/product_tag?post=41966"}],"curies":[{"name":"wp","href":"https:\/\/api.w.org\/{rel}","templated":true}]}}