{"id":41974,"date":"2022-02-20T17:47:40","date_gmt":"2022-02-20T10:47:40","guid":{"rendered":"https:\/\/mouldking.store\/shop\/cogo-17007-dreaming-of-china-airlines-dongfeng-warrior-medical-vehicle-with-402-pieces\/"},"modified":"2023-03-10T11:02:55","modified_gmt":"2023-03-10T04:02:55","slug":"cogo-17007-dreaming-of-china-airlines-dongfeng-warrior-medical-vehicle-with-402-pieces","status":"publish","type":"product","link":"https:\/\/mouldking.store\/fr\/shop\/cogo-17007-dreaming-of-china-airlines-dongfeng-warrior-medical-vehicle-with-402-pieces\/","title":{"rendered":"CoGo 17007 Dreaming of China Airlines : v\u00e9hicule m\u00e9dical Dongfeng Warrior avec 402 pi\u00e8ces"},"content":{"rendered":"<div>\u2705 COGO 17007 Dreaming of China Airlines: Dongfeng Warrior Medical Vehicle<br \/>&nbsp;<br \/>\u2705The Dongfeng Warrior Medical Vehicle is a type of armored ambulance developed by China. It is designed to transport wounded soldiers and provide medical care in combat or emergency situations.<br \/>&nbsp;<br \/>\ud83d\udeabIMPORTANT !&nbsp;<br \/>&nbsp;<br \/>Product Name: Dreaming of China Airlines: Dongfeng Warrior Medical Vehicle<br \/>&nbsp;<br \/>Cat\u00e9gorie : Militaire<br \/>&nbsp;<br \/>This Kit Contains: COGO 17007&nbsp;<br \/>&nbsp;<br \/>402 pcs Good Quality Bricks&nbsp;<\/p>\n<p>Instructions manuelles&nbsp;<br \/>&nbsp;<br \/>\ud83d\udcccNature du protagoniste&nbsp;<br \/>&nbsp;<br \/>Introducing our proud collection named \u201cDreaming of China Airlines: Dongfeng Warrior Medical Vehicle\u201d you should not miss.&nbsp;<br \/>&nbsp;<br \/>The Dongfeng Warrior Medical Vehicle is based on the Dongfeng Warrior 4&#215;4 light tactical vehicle platform, which is widely used by the Chinese military. It is equipped with advanced medical equipment and supplies, including a stretcher, oxygen supply, defibrillator, and emergency medicine. The vehicle is also designed to provide a comfortable environment for medical personnel to work in, with air conditioning and other features to ensure the safety and comfort of patients.<\/div>","protected":false},"excerpt":{"rendered":"<p>Marque : Co Go<br \/>\nGenre: Unisexe<br \/>\nTranche d&#039;\u00e2ge : &gt; 6 ans<br \/>\nModel Number: 17007<br \/>\nClassement : Assemblage<br \/>\nForme de bloc en plastique\u00a0: briques autobloquantes<br \/>\nMat\u00e9riel: Plastique<br \/>\nType de plastique : ABS<br \/>\nBricks Blocks: 402 +<br \/>\nPr\u00e9vente<\/p>","protected":false},"featured_media":41973,"comment_status":"open","ping_status":"closed","template":"","meta":{"_acf_changed":false},"product_cat":[1350,1357,372,364],"product_tag":[10892,11364,7742,11370,374,389,2803,11369],"class_list":["product","first","outofstock","shipping-taxable","purchasable","product-type-simple"],"acf":[],"_links":{"self":[{"href":"https:\/\/mouldking.store\/fr\/wp-json\/wp\/v2\/product\/41974","targetHints":{"allow":["GET"]}}],"collection":[{"href":"https:\/\/mouldking.store\/fr\/wp-json\/wp\/v2\/product"}],"about":[{"href":"https:\/\/mouldking.store\/fr\/wp-json\/wp\/v2\/types\/product"}],"replies":[{"embeddable":true,"href":"https:\/\/mouldking.store\/fr\/wp-json\/wp\/v2\/comments?post=41974"}],"wp:featuredmedia":[{"embeddable":true,"href":"https:\/\/mouldking.store\/fr\/wp-json\/wp\/v2\/media\/41973"}],"wp:attachment":[{"href":"https:\/\/mouldking.store\/fr\/wp-json\/wp\/v2\/media?parent=41974"}],"wp:term":[{"taxonomy":"product_cat","embeddable":true,"href":"https:\/\/mouldking.store\/fr\/wp-json\/wp\/v2\/product_cat?post=41974"},{"taxonomy":"product_tag","embeddable":true,"href":"https:\/\/mouldking.store\/fr\/wp-json\/wp\/v2\/product_tag?post=41974"}],"curies":[{"name":"wp","href":"https:\/\/api.w.org\/{rel}","templated":true}]}}