{"id":41976,"date":"2022-02-20T18:04:12","date_gmt":"2022-02-20T11:04:12","guid":{"rendered":"https:\/\/mouldking.store\/shop\/cogo-17011-building-dreams-of-china-airlines-pla-special-forces-command-combat-vehicle-with-576-pieces\/"},"modified":"2023-03-10T11:02:49","modified_gmt":"2023-03-10T04:02:49","slug":"cogo-17011-building-dreams-of-china-airlines-pla-special-forces-command-combat-vehicle-with-576-pieces","status":"publish","type":"product","link":"https:\/\/mouldking.store\/fr\/shop\/cogo-17011-building-dreams-of-china-airlines-pla-special-forces-command-combat-vehicle-with-576-pieces\/","title":{"rendered":"CoGo 17011 Building Dreams of China Airlines : V\u00e9hicule de combat de commandement des forces sp\u00e9ciales PLA avec 576 pi\u00e8ces"},"content":{"rendered":"<div>\u2705 COGO 17011 Building Dreams of China Airlines : V\u00e9hicule de combat de commandement des forces sp\u00e9ciales de l&#039;APL<\/p>\n<p>\u2705Building Dreams of China Airlines : le v\u00e9hicule de combat de commandement des forces sp\u00e9ciales PLA appartient \u00e0 la s\u00e9rie militaire d&#039;ensembles de blocs de construction, et l&#039;ensemble contient 576 particules de blocs de construction. Premi\u00e8re sortie en 2019.<br \/>&nbsp;<br \/>\ud83d\udeabIMPORTANT !&nbsp;<br \/>&nbsp;<br \/>Nom du produit\u00a0: Construire les r\u00eaves de China Airlines\u00a0: v\u00e9hicule de combat du commandement des forces sp\u00e9ciales de l&#039;APL<br \/>&nbsp;<br \/>Cat\u00e9gorie : Militaire<br \/>&nbsp;<br \/>Ce kit contient : COGO 17011<br \/>&nbsp;<br \/>576 briques de bonne qualit\u00e9.&nbsp;<br \/>&nbsp;<br \/>Instructions manuelles&nbsp;<br \/>&nbsp;<br \/>\ud83d\udcccNature du protagoniste&nbsp;<br \/>&nbsp;<br \/>Vous ne devriez pas manquer la pr\u00e9sentation de notre fi\u00e8re collection intitul\u00e9e &quot;Building Dreams of China Airlines\u00a0: PLA Special Forces Command Combat Vehicle&quot;.&nbsp;<br \/>&nbsp;<br \/>Le v\u00e9hicule de combat de commandement des forces sp\u00e9ciales PLA est le plus r\u00e9cent ajout \u00e0 la s\u00e9rie PLA d&#039;ensembles de blocs de construction. Le v\u00e9hicule est aussi proche que possible d&#039;un vrai v\u00e9hicule militaire avec une exp\u00e9rience de combat. Il comprend 576 blocs de construction qui vous permettent de construire facilement votre propre mod\u00e8le unique et cr\u00e9atif du v\u00e9hicule<\/div>","protected":false},"excerpt":{"rendered":"<p>Marque : Co Go<br \/>\nGenre: Unisexe<br \/>\nTranche d&#039;\u00e2ge : &gt; 6 ans<br \/>\nNum\u00e9ro de mod\u00e8le: 17011<br \/>\nClassement : Assemblage<br \/>\nForme de bloc en plastique\u00a0: briques autobloquantes<br \/>\nMat\u00e9riel: Plastique<br \/>\nType de plastique : ABS<br \/>\nBlocs de briques : 576 +<br \/>\nPr\u00e9vente<\/p>","protected":false},"featured_media":41975,"comment_status":"open","ping_status":"closed","template":"","meta":{"_acf_changed":false},"product_cat":[1350,1395,372,390],"product_tag":[727,10892,11364,11372,11371,374,11327],"class_list":["product","first","outofstock","shipping-taxable","purchasable","product-type-simple"],"acf":[],"_links":{"self":[{"href":"https:\/\/mouldking.store\/fr\/wp-json\/wp\/v2\/product\/41976","targetHints":{"allow":["GET"]}}],"collection":[{"href":"https:\/\/mouldking.store\/fr\/wp-json\/wp\/v2\/product"}],"about":[{"href":"https:\/\/mouldking.store\/fr\/wp-json\/wp\/v2\/types\/product"}],"replies":[{"embeddable":true,"href":"https:\/\/mouldking.store\/fr\/wp-json\/wp\/v2\/comments?post=41976"}],"wp:featuredmedia":[{"embeddable":true,"href":"https:\/\/mouldking.store\/fr\/wp-json\/wp\/v2\/media\/41975"}],"wp:attachment":[{"href":"https:\/\/mouldking.store\/fr\/wp-json\/wp\/v2\/media?parent=41976"}],"wp:term":[{"taxonomy":"product_cat","embeddable":true,"href":"https:\/\/mouldking.store\/fr\/wp-json\/wp\/v2\/product_cat?post=41976"},{"taxonomy":"product_tag","embeddable":true,"href":"https:\/\/mouldking.store\/fr\/wp-json\/wp\/v2\/product_tag?post=41976"}],"curies":[{"name":"wp","href":"https:\/\/api.w.org\/{rel}","templated":true}]}}