{"id":41979,"date":"2022-02-20T18:09:46","date_gmt":"2022-02-20T11:09:46","guid":{"rendered":"https:\/\/mouldking.store\/shop\/cogo-17009-building-dreams-of-china-airlines-tracked-armored-engineering-vehicle-with-357-pieces\/"},"modified":"2023-03-10T11:02:43","modified_gmt":"2023-03-10T04:02:43","slug":"cogo-17009-building-dreams-of-china-airlines-tracked-armored-engineering-vehicle-with-357-pieces","status":"publish","type":"product","link":"https:\/\/mouldking.store\/fr\/shop\/cogo-17009-building-dreams-of-china-airlines-tracked-armored-engineering-vehicle-with-357-pieces\/","title":{"rendered":"CoGo 17009 Building Dreams of China Airlines : v\u00e9hicule blind\u00e9 du g\u00e9nie \u00e0 chenilles avec 357 pi\u00e8ces"},"content":{"rendered":"<div>\u2705 COGO 17009 Building Dreams of China Airlines: Tracked Armored Engineering Vehicle<br \/>&nbsp;<br \/>\u2705A Tracked Armored Engineering Vehicle is a type of military vehicle that is used for a variety of engineering tasks in combat and other operations. These vehicles are typically based on a tracked chassis, which allows them to navigate difficult terrain and provide heavy-duty support for other vehicles and troops in the field.<br \/>&nbsp;<br \/>\ud83d\udeabIMPORTANT !&nbsp;<br \/>&nbsp;<br \/>Product Name: Building Dreams of China Airlines: Tracked Armored Engineering Vehicle<br \/>&nbsp;<br \/>Cat\u00e9gorie : Militaire<br \/>&nbsp;<br \/>This Kit Contains: COGO 17009<br \/>&nbsp;<br \/>357 pcs Good Quality Bricks&nbsp;<br \/>&nbsp;<br \/>Instructions manuelles&nbsp;<br \/>&nbsp;<br \/>\ud83d\udcccNature du protagoniste&nbsp;<br \/>&nbsp;<br \/>Introducing our proud collection named \u201cBuilding Dreams of China Airlines: Tracked Armored Engineering Vehicle\u201d you should not miss.&nbsp;<br \/>&nbsp;<br \/>The specific capabilities of a Tracked Armored Engineering Vehicle can vary widely depending on its design and intended use. Some common features of these vehicles include bulldozer blades, excavation equipment, and other specialized tools and attachments for clearing obstacles, building fortifications, and repairing roads and other infrastructure. These vehicles may also be equipped with a range of defensive measures, such as armor plating, smoke dischargers, and machine guns, to protect them and their crew from enemy fire.<\/div>","protected":false},"excerpt":{"rendered":"<p>Marque : Co Go<br \/>\nGenre: Unisexe<br \/>\nTranche d&#039;\u00e2ge : &gt; 6 ans<br \/>\nModel Number: 17009<br \/>\nClassement : Assemblage<br \/>\nForme de bloc en plastique\u00a0: briques autobloquantes<br \/>\nMat\u00e9riel: Plastique<br \/>\nType de plastique : ABS<br \/>\nBricks Blocks: 357 +<br \/>\nPr\u00e9vente<\/p>","protected":false},"featured_media":41977,"comment_status":"open","ping_status":"closed","template":"","meta":{"_acf_changed":false},"product_cat":[1350,1357,372,364],"product_tag":[11221,10892,11364,11140,374,389,11373,2803],"class_list":["product","first","outofstock","shipping-taxable","purchasable","product-type-simple"],"acf":[],"_links":{"self":[{"href":"https:\/\/mouldking.store\/fr\/wp-json\/wp\/v2\/product\/41979","targetHints":{"allow":["GET"]}}],"collection":[{"href":"https:\/\/mouldking.store\/fr\/wp-json\/wp\/v2\/product"}],"about":[{"href":"https:\/\/mouldking.store\/fr\/wp-json\/wp\/v2\/types\/product"}],"replies":[{"embeddable":true,"href":"https:\/\/mouldking.store\/fr\/wp-json\/wp\/v2\/comments?post=41979"}],"wp:featuredmedia":[{"embeddable":true,"href":"https:\/\/mouldking.store\/fr\/wp-json\/wp\/v2\/media\/41977"}],"wp:attachment":[{"href":"https:\/\/mouldking.store\/fr\/wp-json\/wp\/v2\/media?parent=41979"}],"wp:term":[{"taxonomy":"product_cat","embeddable":true,"href":"https:\/\/mouldking.store\/fr\/wp-json\/wp\/v2\/product_cat?post=41979"},{"taxonomy":"product_tag","embeddable":true,"href":"https:\/\/mouldking.store\/fr\/wp-json\/wp\/v2\/product_tag?post=41979"}],"curies":[{"name":"wp","href":"https:\/\/api.w.org\/{rel}","templated":true}]}}