{"id":41998,"date":"2023-02-22T09:58:56","date_gmt":"2023-02-22T02:58:56","guid":{"rendered":"https:\/\/mouldking.store\/shop\/zhegao-00981-fishing-village-cabin-with-1881-pieces\/"},"modified":"2023-02-22T09:58:56","modified_gmt":"2023-02-22T02:58:56","slug":"zhegao-00981-fishing-village-cabin-with-1881-pieces","status":"publish","type":"product","link":"https:\/\/mouldking.store\/fr\/shop\/zhegao-00981-fishing-village-cabin-with-1881-pieces\/","title":{"rendered":"ZHEGAO 00981 Cabane de village de p\u00eacheurs avec 1881 pi\u00e8ces"},"content":{"rendered":"<div>\u2705 ZHEGAO 00981 Cabane du village de p\u00eacheurs<br \/>&nbsp;<br \/>\u2705Une cabane de village de p\u00eacheurs est g\u00e9n\u00e9ralement une petite habitation rustique situ\u00e9e dans ou \u00e0 proximit\u00e9 d&#039;un village ou d&#039;une communaut\u00e9 de p\u00eacheurs c\u00f4tiers. La cabane est con\u00e7ue pour fournir un abri et des commodit\u00e9s de base aux p\u00eacheurs et \u00e0 leurs familles, et est souvent situ\u00e9e pr\u00e8s de l&#039;eau pour un acc\u00e8s facile aux bateaux et \u00e0 l&#039;\u00e9quipement de p\u00eache.<br \/>&nbsp;<br \/>\ud83d\udeabIMPORTANT !&nbsp;<br \/>&nbsp;<br \/>Nom du produit : cabane de village de p\u00eacheurs.<br \/>&nbsp;<br \/>Cat\u00e9gorie\u00a0: Cr\u00e9ateur&nbsp;<br \/>&nbsp;<br \/>Ce kit contient : ZHEGAO 00981 &nbsp;<br \/>&nbsp;<br \/>1881 briques de bonne qualit\u00e9.&nbsp;<br \/>&nbsp;<br \/>Instructions manuelles&nbsp;<br \/>&nbsp;<br \/>\ud83d\udcccNature du protagoniste&nbsp;<br \/>&nbsp;<br \/>Vous ne devriez pas manquer la pr\u00e9sentation de notre fi\u00e8re collection nomm\u00e9e &quot;Fishing Village Cabin&quot;.&nbsp;<\/p>\n<p>L&#039;ext\u00e9rieur d&#039;une cabane de village de p\u00eacheurs est g\u00e9n\u00e9ralement fait de bois ou d&#039;autres mat\u00e9riaux naturels, et peut \u00eatre peint dans des tons neutres et terreux pour se fondre dans l&#039;environnement environnant. La cabine a g\u00e9n\u00e9ralement une conception simple et fonctionnelle, avec un toit \u00e0 forte pente pour aider \u00e0 \u00e9vacuer la pluie et la neige, et un porche ou une zone couverte pour ranger le mat\u00e9riel de p\u00eache ou se d\u00e9tendre \u00e0 l&#039;ext\u00e9rieur. \u00c0 l&#039;int\u00e9rieur, une cabane de village de p\u00eacheurs est g\u00e9n\u00e9ralement confortable et peu meubl\u00e9e, avec des \u00e9quipements de base tels qu&#039;une kitchenette, un coin chambre et une petite salle de bain. La cabane peut avoir un po\u00eale \u00e0 bois ou une chemin\u00e9e pour se r\u00e9chauffer, ainsi qu&#039;un \u00e9clairage de base et des prises \u00e9lectriques pour les appareils et appareils.<\/p><\/div>","protected":false},"excerpt":{"rendered":"<p>Marque : ZHEGAO<br \/>\nGenre: Unisexe<br \/>\nTranche d&#039;\u00e2ge : &gt; 6 ans<br \/>\nNum\u00e9ro de mod\u00e8le : 00981<br \/>\nClassement : Assemblage<br \/>\nForme de bloc en plastique\u00a0: briques autobloquantes<br \/>\nMat\u00e9riel: Plastique<br \/>\nType de plastique : ABS<br \/>\nBlocs de briques : 1881 +<br \/>\nAucune bo\u00eete<\/p>","protected":false},"featured_media":41994,"comment_status":"open","ping_status":"closed","template":"","meta":{"_acf_changed":false},"product_cat":[1365,1395,371,390],"product_tag":[727,11072,8452,7697,6373],"class_list":["product","first","instock","shipping-taxable","purchasable","product-type-simple"],"acf":[],"_links":{"self":[{"href":"https:\/\/mouldking.store\/fr\/wp-json\/wp\/v2\/product\/41998","targetHints":{"allow":["GET"]}}],"collection":[{"href":"https:\/\/mouldking.store\/fr\/wp-json\/wp\/v2\/product"}],"about":[{"href":"https:\/\/mouldking.store\/fr\/wp-json\/wp\/v2\/types\/product"}],"replies":[{"embeddable":true,"href":"https:\/\/mouldking.store\/fr\/wp-json\/wp\/v2\/comments?post=41998"}],"wp:featuredmedia":[{"embeddable":true,"href":"https:\/\/mouldking.store\/fr\/wp-json\/wp\/v2\/media\/41994"}],"wp:attachment":[{"href":"https:\/\/mouldking.store\/fr\/wp-json\/wp\/v2\/media?parent=41998"}],"wp:term":[{"taxonomy":"product_cat","embeddable":true,"href":"https:\/\/mouldking.store\/fr\/wp-json\/wp\/v2\/product_cat?post=41998"},{"taxonomy":"product_tag","embeddable":true,"href":"https:\/\/mouldking.store\/fr\/wp-json\/wp\/v2\/product_tag?post=41998"}],"curies":[{"name":"wp","href":"https:\/\/api.w.org\/{rel}","templated":true}]}}