{"id":42006,"date":"2023-02-22T10:05:17","date_gmt":"2023-02-22T03:05:17","guid":{"rendered":"https:\/\/mouldking.store\/shop\/rastar-99300-audi-r8-lms-gt3-sports-car-with-3314-pieces\/"},"modified":"2024-05-10T08:09:55","modified_gmt":"2024-05-10T01:09:55","slug":"rastar-99300-audi-r8-lms-gt3-sports-car-with-3314-pieces","status":"publish","type":"product","link":"https:\/\/mouldking.store\/fr\/shop\/rastar-99300-audi-r8-lms-gt3-sports-car-with-3314-pieces\/","title":{"rendered":"Rastar 99300 Audi R8 LMS GT3 Voiture de sport avec 3314 pi\u00e8ces"},"content":{"rendered":"<div>\u2705 Voiture de sport RASTAR 99300 Audi R8 LMS GT3<br \/>&nbsp;<br \/>\u2705L&#039;Audi R8 LMS GT3 est une voiture de sport hautes performances con\u00e7ue et fabriqu\u00e9e par le constructeur automobile allemand Audi pour les courses GT3. La course GT3 est une classe populaire de sport automobile international o\u00f9 des voitures de sport sp\u00e9cialement con\u00e7ues participent \u00e0 des courses d&#039;endurance.<br \/>&nbsp;<br \/>\ud83d\udeabIMPORTANT !&nbsp;<br \/>&nbsp;<br \/>Nom du produit : voiture de sport Audi R8 LMS GT3.<br \/>&nbsp;<br \/>Cat\u00e9gorie : Technique<br \/>&nbsp;<br \/>Ce kit contient : RASTAR 99300&nbsp;<br \/>&nbsp;<br \/>3314 pi\u00e8ces Briques de bonne qualit\u00e9&nbsp;<br \/>&nbsp;<br \/>Taille : 56,5 \u00d7 27 \u00d7 14 cm<br \/>&nbsp;<br \/>Instructions manuelles&nbsp;<br \/>&nbsp;<br \/>\ud83d\udcccNature du protagoniste&nbsp;<br \/>&nbsp;<br \/>Vous ne devriez pas manquer la pr\u00e9sentation de notre fi\u00e8re collection nomm\u00e9e &quot;Audi R8 LMS GT3 Sports Car&quot;.&nbsp;<br \/>&nbsp;<br \/>L&#039;Audi R8 LMS GT3 est bas\u00e9e sur la voiture de route Audi R8 et a \u00e9t\u00e9 largement modifi\u00e9e pour la course, avec une carrosserie l\u00e9g\u00e8re, des am\u00e9liorations a\u00e9rodynamiques et un puissant moteur V10. Il est dot\u00e9 d&#039;une configuration \u00e0 moteur central pour une r\u00e9partition optimale du poids, de syst\u00e8mes de suspension et de freinage avanc\u00e9s et d&#039;une bo\u00eete de vitesses s\u00e9quentielle \u00e0 six rapports.<\/div>","protected":false},"excerpt":{"rendered":"<p>Marque : Rastar<br \/>\nGenre: Unisexe<br \/>\nTranche d&#039;\u00e2ge : &gt; 14 ans<br \/>\nNum\u00e9ro de mod\u00e8le: 99300<br \/>\nClassement : Assemblage<br \/>\nForme de bloc en plastique\u00a0: briques autobloquantes<br \/>\nMat\u00e9riel: Plastique<br \/>\nType de plastique : ABS<br \/>\nBlocs de Briques : 3314 +<br \/>\nAucune bo\u00eete<\/p>","protected":false},"featured_media":41999,"comment_status":"open","ping_status":"closed","template":"","meta":{"_acf_changed":false},"product_cat":[1360,1357,364],"product_tag":[1845,457,11375,11150,389,11080],"class_list":["product","first","instock","shipping-taxable","purchasable","product-type-simple"],"acf":[],"_links":{"self":[{"href":"https:\/\/mouldking.store\/fr\/wp-json\/wp\/v2\/product\/42006","targetHints":{"allow":["GET"]}}],"collection":[{"href":"https:\/\/mouldking.store\/fr\/wp-json\/wp\/v2\/product"}],"about":[{"href":"https:\/\/mouldking.store\/fr\/wp-json\/wp\/v2\/types\/product"}],"replies":[{"embeddable":true,"href":"https:\/\/mouldking.store\/fr\/wp-json\/wp\/v2\/comments?post=42006"}],"wp:featuredmedia":[{"embeddable":true,"href":"https:\/\/mouldking.store\/fr\/wp-json\/wp\/v2\/media\/41999"}],"wp:attachment":[{"href":"https:\/\/mouldking.store\/fr\/wp-json\/wp\/v2\/media?parent=42006"}],"wp:term":[{"taxonomy":"product_cat","embeddable":true,"href":"https:\/\/mouldking.store\/fr\/wp-json\/wp\/v2\/product_cat?post=42006"},{"taxonomy":"product_tag","embeddable":true,"href":"https:\/\/mouldking.store\/fr\/wp-json\/wp\/v2\/product_tag?post=42006"}],"curies":[{"name":"wp","href":"https:\/\/api.w.org\/{rel}","templated":true}]}}