{"id":42015,"date":"2023-02-22T10:29:52","date_gmt":"2023-02-22T03:29:52","guid":{"rendered":"https:\/\/mouldking.store\/shop\/moc-factory-90167-hookfang-dragon-with-123-pieces\/"},"modified":"2025-12-16T22:25:16","modified_gmt":"2025-12-16T15:25:16","slug":"moc-factory-90167-hookfang-dragon-with-123-pieces","status":"publish","type":"product","link":"https:\/\/mouldking.store\/fr\/shop\/moc-factory-90167-hookfang-dragon-with-123-pieces\/","title":{"rendered":"MOC Factory 90167 Dragon Hookfang avec 123 pi\u00e8ces"},"content":{"rendered":"<div>\u2705 MOC-90167 Dragon Crochetcroc<\/p>\n<p>\u2705Hookfang est un personnage de dragon du film d&#039;animation DreamWorks &quot;Comment dresser votre dragon&quot;. Il est l&#039;un des principaux dragons de la s\u00e9rie et est mont\u00e9 par le personnage Rustik.<\/p>\n<p>\ud83d\udeabIMPORTANT !<\/p>\n<p>Nom du produit : dragon Hookfang<\/p>\n<p>Cat\u00e9gorie : Film<\/p>\n<p>Ce kit contient : MOC-90167<\/p>\n<p>123 briques de bonne qualit\u00e9.<\/p>\n<p>Instructions PDF<\/p>\n<p>\ud83d\udcccNature du protagoniste<\/p>\n<p>Vous ne devriez pas manquer la pr\u00e9sentation de notre fi\u00e8re collection nomm\u00e9e &quot;Hookfang Dragon&quot;.<\/p>\n<p>Hookfang est un dragon Monstrous Nightmare, qui est une esp\u00e8ce de dragon qui se caract\u00e9rise par ses \u00e9cailles rouges, ses grandes ailes et son puissant souffle de feu. Hookfang est particuli\u00e8rement grand et muscl\u00e9, et poss\u00e8de un ensemble distinctif d&#039;\u00e9pines qui courent le long de son dos. Dans la s\u00e9rie, Hookfang est connu pour sa forte volont\u00e9 et sa personnalit\u00e9 obstin\u00e9e, se heurtant souvent \u00e0 Snotlout et n\u00e9cessitant une main ferme pour \u00eatre form\u00e9. Cependant, il est \u00e9galement farouchement loyal et protecteur envers son cavalier et les autres dragons du groupe.<\/p><\/div>","protected":false},"excerpt":{"rendered":"<p>Marque : MOC Factory<br \/>\nGenre: Unisexe<br \/>\nTranche d&#039;\u00e2ge : &gt; 6 ans<br \/>\nNum\u00e9ro de mod\u00e8le: 90167<br \/>\nClassement : Assemblage<br \/>\nForme de bloc en plastique\u00a0: briques autobloquantes<br \/>\nMat\u00e9riel: Plastique<br \/>\nType de plastique : ABS<br \/>\nBlocs de briques : 123 +<br \/>\nAucune bo\u00eete<\/p>","protected":false},"featured_media":42014,"comment_status":"open","ping_status":"closed","template":"","meta":{"_acf_changed":false},"product_cat":[1365,581,1408],"product_tag":[8452,1771,11382,434],"class_list":["product","first","instock","shipping-taxable","purchasable","product-type-simple"],"acf":[],"_links":{"self":[{"href":"https:\/\/mouldking.store\/fr\/wp-json\/wp\/v2\/product\/42015","targetHints":{"allow":["GET"]}}],"collection":[{"href":"https:\/\/mouldking.store\/fr\/wp-json\/wp\/v2\/product"}],"about":[{"href":"https:\/\/mouldking.store\/fr\/wp-json\/wp\/v2\/types\/product"}],"replies":[{"embeddable":true,"href":"https:\/\/mouldking.store\/fr\/wp-json\/wp\/v2\/comments?post=42015"}],"wp:featuredmedia":[{"embeddable":true,"href":"https:\/\/mouldking.store\/fr\/wp-json\/wp\/v2\/media\/42014"}],"wp:attachment":[{"href":"https:\/\/mouldking.store\/fr\/wp-json\/wp\/v2\/media?parent=42015"}],"wp:term":[{"taxonomy":"product_cat","embeddable":true,"href":"https:\/\/mouldking.store\/fr\/wp-json\/wp\/v2\/product_cat?post=42015"},{"taxonomy":"product_tag","embeddable":true,"href":"https:\/\/mouldking.store\/fr\/wp-json\/wp\/v2\/product_tag?post=42015"}],"curies":[{"name":"wp","href":"https:\/\/api.w.org\/{rel}","templated":true}]}}