{"id":42027,"date":"2023-02-22T10:41:32","date_gmt":"2023-02-22T03:41:32","guid":{"rendered":"https:\/\/mouldking.store\/shop\/reobrix-688-speed-champions-blue-rolls-royce-boat-tai-racer-car-with-417-pieces\/"},"modified":"2023-02-22T10:41:32","modified_gmt":"2023-02-22T03:41:32","slug":"reobrix-688-speed-champions-blue-rolls-royce-boat-tai-racer-car-with-417-pieces","status":"publish","type":"product","link":"https:\/\/mouldking.store\/fr\/shop\/reobrix-688-speed-champions-blue-rolls-royce-boat-tai-racer-car-with-417-pieces\/","title":{"rendered":"REOBRIX 688 Speed Champions Blue Rolls-Royce Boat Tai Racer Car avec 417 pi\u00e8ces"},"content":{"rendered":"<div>\u2705 Reobrix 688 Speed Champions Blue Rolls-Royce Boat Tai Racer Car&nbsp;<br \/>&nbsp;<br \/>\u2705Rolls-Royce Boat Tail est en fait un mod\u00e8le de voiture de luxe de Rolls-Royce, et ce n&#039;est pas un bateau ou une voiture de course. Le mod\u00e8le Boat Tail a \u00e9t\u00e9 d\u00e9voil\u00e9 en mai 2021 et est un v\u00e9hicule en \u00e9dition limit\u00e9e hautement personnalis\u00e9 qui a \u00e9t\u00e9 cr\u00e9\u00e9 pour un client priv\u00e9.<br \/>&nbsp;<br \/>\ud83d\udeabIMPORTANT !&nbsp;<br \/>&nbsp;<br \/>Nom du produit: Speed Champions Blue Rolls-Royce Boat Tai Racer Car&nbsp;<br \/>&nbsp;<br \/>Cat\u00e9gorie : Technique<br \/>&nbsp;<br \/>Ce kit contient : Reobrix 688<br \/>&nbsp;<br \/>417 briques de bonne qualit\u00e9.&nbsp;<br \/>&nbsp;<br \/>Taille : 19,1 x 7,9 x 5,3 cm<br \/>&nbsp;<br \/>Instructions manuelles&nbsp;<br \/>&nbsp;<br \/>\ud83d\udcccNature du protagoniste&nbsp;<br \/>&nbsp;<br \/>Vous ne devriez pas manquer la pr\u00e9sentation de notre fi\u00e8re collection nomm\u00e9e &quot;Speed Champions Blue Rolls-Royce Boat Tai Racer Car&quot;.&nbsp;<br \/>&nbsp;<br \/>La Rolls-Royce Boat Tail est un cabriolet \u00e0 deux portes et quatre places qui pr\u00e9sente un design distinctif inspir\u00e9 des voitures classiques des ann\u00e9es 1920 et 1930. Il a un long capot, un corps bas et une extr\u00e9mit\u00e9 arri\u00e8re effil\u00e9e qui ressemble \u00e0 la forme d&#039;une queue de bateau. La voiture est fabriqu\u00e9e \u00e0 la main et pr\u00e9sente un certain nombre de d\u00e9tails sur mesure, notamment une carrosserie en aluminium poli \u00e0 la main, des roues uniques et un tableau de bord sur mesure.<\/div>","protected":false},"excerpt":{"rendered":"<p>Marque : REOBRIX<br \/>\nGenre: Unisexe<br \/>\nTranche d&#039;\u00e2ge : &gt; 14 ans<br \/>\nNum\u00e9ro de mod\u00e8le: 688<br \/>\nClassement : Assemblage<br \/>\nForme de bloc en plastique\u00a0: briques autobloquantes<br \/>\nMat\u00e9riel: Plastique<br \/>\nType de plastique : ABS<br \/>\nBlocs de Briques : 417 +<br \/>\nAucune bo\u00eete<\/p>","protected":false},"featured_media":42023,"comment_status":"open","ping_status":"closed","template":"","meta":{"_acf_changed":false},"product_cat":[1360,1357,364],"product_tag":[6471,457,7761,3472,6633,11384,389,11080],"class_list":["product","first","instock","shipping-taxable","purchasable","product-type-simple"],"acf":[],"_links":{"self":[{"href":"https:\/\/mouldking.store\/fr\/wp-json\/wp\/v2\/product\/42027","targetHints":{"allow":["GET"]}}],"collection":[{"href":"https:\/\/mouldking.store\/fr\/wp-json\/wp\/v2\/product"}],"about":[{"href":"https:\/\/mouldking.store\/fr\/wp-json\/wp\/v2\/types\/product"}],"replies":[{"embeddable":true,"href":"https:\/\/mouldking.store\/fr\/wp-json\/wp\/v2\/comments?post=42027"}],"wp:featuredmedia":[{"embeddable":true,"href":"https:\/\/mouldking.store\/fr\/wp-json\/wp\/v2\/media\/42023"}],"wp:attachment":[{"href":"https:\/\/mouldking.store\/fr\/wp-json\/wp\/v2\/media?parent=42027"}],"wp:term":[{"taxonomy":"product_cat","embeddable":true,"href":"https:\/\/mouldking.store\/fr\/wp-json\/wp\/v2\/product_cat?post=42027"},{"taxonomy":"product_tag","embeddable":true,"href":"https:\/\/mouldking.store\/fr\/wp-json\/wp\/v2\/product_tag?post=42027"}],"curies":[{"name":"wp","href":"https:\/\/api.w.org\/{rel}","templated":true}]}}