{"id":42037,"date":"2023-02-22T10:51:18","date_gmt":"2023-02-22T03:51:18","guid":{"rendered":"https:\/\/mouldking.store\/shop\/reobrix-686-red-ferrari-fxx-k-v2-racer-car-with-392-pieces\/"},"modified":"2023-02-22T10:51:18","modified_gmt":"2023-02-22T03:51:18","slug":"reobrix-686-red-ferrari-fxx-k-v2-racer-car-with-392-pieces","status":"publish","type":"product","link":"https:\/\/mouldking.store\/fr\/shop\/reobrix-686-red-ferrari-fxx-k-v2-racer-car-with-392-pieces\/","title":{"rendered":"REOBRIX 686 Rouge Ferrari FXX-K V2 Racer Car avec 392 Pi\u00e8ces"},"content":{"rendered":"<div>\u2705 Voiture de course Reobrix 686 rouge Ferrari FXX-K V2<br \/>&nbsp;<br \/>\u2705La Ferrari FXX-K Evo est une supercar de piste haute performance et un successeur du programme Ferrari FXX. Il a \u00e9t\u00e9 introduit pour la premi\u00e8re fois en 2017 en tant que mise \u00e0 niveau de la Ferrari FXX-K, et il est bas\u00e9 sur l&#039;hypercar Ferrari LaFerrari.<br \/>&nbsp;<br \/>\ud83d\udeabIMPORTANT !&nbsp;<br \/>&nbsp;<br \/>Nom du produit: Voiture de course rouge Ferrari FXX-K V2<br \/>&nbsp;<br \/>Cat\u00e9gorie : Technique<br \/>&nbsp;<br \/>Ce kit contient : Reobrix 686<br \/>&nbsp;<br \/>392 briques de bonne qualit\u00e9.&nbsp;<br \/>&nbsp;<br \/>Taille : 16,7 x 7,9 x 4,3 cm<br \/>&nbsp;<br \/>Instructions manuelles&nbsp;<br \/>&nbsp;<br \/>\ud83d\udcccNature du protagoniste&nbsp;<br \/>&nbsp;<br \/>Vous ne devriez pas manquer la pr\u00e9sentation de notre fi\u00e8re collection nomm\u00e9e &quot;Red Ferrari FXX-K V2 Racer Car&quot;.&nbsp;<br \/>&nbsp;<br \/>La FXX-K Evo est propuls\u00e9e par un groupe motopropulseur hybride compos\u00e9 d&#039;un moteur V12 de 6,3 litres et d&#039;un moteur \u00e9lectrique, produisant une puissance combin\u00e9e de 1 036 chevaux. La voiture est dot\u00e9e d&#039;un a\u00e9rodynamisme avanc\u00e9, d&#039;une suspension active et d&#039;un certain nombre d&#039;autres syst\u00e8mes de haute technologie qui permettent d&#039;am\u00e9liorer les performances et la maniabilit\u00e9.<\/div>","protected":false},"excerpt":{"rendered":"<p>Marque : REOBRIX<br \/>\nGenre: Unisexe<br \/>\nTranche d&#039;\u00e2ge : &gt; 14 ans<br \/>\nNum\u00e9ro de mod\u00e8le: 686<br \/>\nClassement : Assemblage<br \/>\nForme de bloc en plastique\u00a0: briques autobloquantes<br \/>\nMat\u00e9riel: Plastique<br \/>\nType de plastique : ABS<br \/>\nBlocs de briques : 392 +<br \/>\nAucune bo\u00eete<\/p>","protected":false},"featured_media":42033,"comment_status":"open","ping_status":"closed","template":"","meta":{"_acf_changed":false},"product_cat":[1360,1357,364],"product_tag":[457,1585,7761,389,11080],"class_list":["product","first","instock","shipping-taxable","purchasable","product-type-simple"],"acf":[],"_links":{"self":[{"href":"https:\/\/mouldking.store\/fr\/wp-json\/wp\/v2\/product\/42037","targetHints":{"allow":["GET"]}}],"collection":[{"href":"https:\/\/mouldking.store\/fr\/wp-json\/wp\/v2\/product"}],"about":[{"href":"https:\/\/mouldking.store\/fr\/wp-json\/wp\/v2\/types\/product"}],"replies":[{"embeddable":true,"href":"https:\/\/mouldking.store\/fr\/wp-json\/wp\/v2\/comments?post=42037"}],"wp:featuredmedia":[{"embeddable":true,"href":"https:\/\/mouldking.store\/fr\/wp-json\/wp\/v2\/media\/42033"}],"wp:attachment":[{"href":"https:\/\/mouldking.store\/fr\/wp-json\/wp\/v2\/media?parent=42037"}],"wp:term":[{"taxonomy":"product_cat","embeddable":true,"href":"https:\/\/mouldking.store\/fr\/wp-json\/wp\/v2\/product_cat?post=42037"},{"taxonomy":"product_tag","embeddable":true,"href":"https:\/\/mouldking.store\/fr\/wp-json\/wp\/v2\/product_tag?post=42037"}],"curies":[{"name":"wp","href":"https:\/\/api.w.org\/{rel}","templated":true}]}}