{"id":42063,"date":"2023-02-22T11:17:12","date_gmt":"2023-02-22T04:17:12","guid":{"rendered":"https:\/\/mouldking.store\/shop\/moc-factory-89470-leipzig-class-light-cruiser-nurnberg-scale-with-1060-pieces\/"},"modified":"2025-12-16T22:25:16","modified_gmt":"2025-12-16T15:25:16","slug":"moc-factory-89470-leipzig-class-light-cruiser-nurnberg-scale-with-1060-pieces","status":"publish","type":"product","link":"https:\/\/mouldking.store\/fr\/shop\/moc-factory-89470-leipzig-class-light-cruiser-nurnberg-scale-with-1060-pieces\/","title":{"rendered":"MOC Factory 89470 Leipzig Class \u2013 Light Cruiser N\u00fcrnberg Scale avec 1060 pi\u00e8ces"},"content":{"rendered":"<div>\u2705 MOC-89470 Classe Leipzig \u2013 Croiseur l\u00e9ger \u00e0 l&#039;\u00e9chelle de Nuremberg<\/p>\n<p>\u2705La classe Leipzig \u00e9tait un groupe de croiseurs l\u00e9gers construits pour la marine allemande dans les ann\u00e9es 1920. La classe se composait de deux navires : le Leipzig et le N\u00fcrnberg. Il s&#039;agissait des premiers croiseurs l\u00e9gers construits par l&#039;Allemagne apr\u00e8s la Premi\u00e8re Guerre mondiale et ils \u00e9taient destin\u00e9s \u00e0 servir de navires de reconnaissance.<\/p>\n<p>\ud83d\udeabIMPORTANT !<\/p>\n<p>Nom du produit : Classe Leipzig \u2013 Croiseur l\u00e9ger \u00e0 l&#039;\u00e9chelle de Nuremberg<\/p>\n<p>Cat\u00e9gorie : Technique<\/p>\n<p>Ce kit contient : MOC-89470<\/p>\n<p>1060 pi\u00e8ces de briques de bonne qualit\u00e9<\/p>\n<p>Poids : 1500g<\/p>\n<p>Instructions PDF<\/p>\n<p>\ud83d\udcccNature du protagoniste<\/p>\n<p>Nous vous pr\u00e9sentons notre fi\u00e8re collection intitul\u00e9e \u00ab Classe Leipzig \u2013 Croiseur l\u00e9ger \u00e0 l&#039;\u00e9chelle de Nuremberg \u00bb \u00e0 ne pas manquer.<\/p>\n<p>Les navires de la classe Leipzig avaient un d\u00e9placement d&#039;environ 6 600 tonnes et \u00e9taient arm\u00e9s de neuf canons de 15 cm dans trois tourelles triples, ainsi que de plusieurs canons antia\u00e9riens et tubes lance-torpilles. Ils avaient une vitesse de pointe d&#039;environ 32 n\u0153uds et une autonomie allant jusqu&#039;\u00e0 8 000 milles nautiques. Pendant la Seconde Guerre mondiale, les deux navires ont particip\u00e9 \u00e0 de nombreux engagements navals. Le Leipzig a \u00e9t\u00e9 coul\u00e9 lors de la bataille de la mer de Barents en 1942, tandis que le N\u00fcrnberg a \u00e9t\u00e9 coul\u00e9 par les forces alli\u00e9es dans les derniers jours de la guerre en Europe.<\/p><\/div>","protected":false},"excerpt":{"rendered":"<p>Marque : MOC Factory<br \/>\nGenre: Unisexe<br \/>\nTranche d&#039;\u00e2ge : &gt; 12 ans<br \/>\nNum\u00e9ro de mod\u00e8le : 89470<br \/>\nClassement : Assemblage<br \/>\nForme de bloc en plastique\u00a0: briques autobloquantes<br \/>\nMat\u00e9riel: Plastique<br \/>\nType de plastique : ABS<br \/>\nBlocs de briques : 1060 +<br \/>\nTemps d&#039;arrangement\u00a0: 4 \u00e0 8\u00a0semaines<\/p>","protected":false},"featured_media":42057,"comment_status":"open","ping_status":"closed","template":"","meta":{"_acf_changed":false},"product_cat":[1357,364],"product_tag":[5541,11389,11390,304,389,11080],"class_list":["product","first","instock","shipping-taxable","purchasable","product-type-simple"],"acf":[],"_links":{"self":[{"href":"https:\/\/mouldking.store\/fr\/wp-json\/wp\/v2\/product\/42063","targetHints":{"allow":["GET"]}}],"collection":[{"href":"https:\/\/mouldking.store\/fr\/wp-json\/wp\/v2\/product"}],"about":[{"href":"https:\/\/mouldking.store\/fr\/wp-json\/wp\/v2\/types\/product"}],"replies":[{"embeddable":true,"href":"https:\/\/mouldking.store\/fr\/wp-json\/wp\/v2\/comments?post=42063"}],"wp:featuredmedia":[{"embeddable":true,"href":"https:\/\/mouldking.store\/fr\/wp-json\/wp\/v2\/media\/42057"}],"wp:attachment":[{"href":"https:\/\/mouldking.store\/fr\/wp-json\/wp\/v2\/media?parent=42063"}],"wp:term":[{"taxonomy":"product_cat","embeddable":true,"href":"https:\/\/mouldking.store\/fr\/wp-json\/wp\/v2\/product_cat?post=42063"},{"taxonomy":"product_tag","embeddable":true,"href":"https:\/\/mouldking.store\/fr\/wp-json\/wp\/v2\/product_tag?post=42063"}],"curies":[{"name":"wp","href":"https:\/\/api.w.org\/{rel}","templated":true}]}}