{"id":42089,"date":"2023-02-22T12:34:54","date_gmt":"2023-02-22T05:34:54","guid":{"rendered":"https:\/\/mouldking.store\/shop\/taigaole-t4030-swat-remote-control-car-with-668-pieces\/"},"modified":"2023-02-22T12:34:54","modified_gmt":"2023-02-22T05:34:54","slug":"taigaole-t4030-swat-remote-control-car-with-668-pieces","status":"publish","type":"product","link":"https:\/\/mouldking.store\/fr\/shop\/taigaole-t4030-swat-remote-control-car-with-668-pieces\/","title":{"rendered":"TaiGaoLe T4030 SWAT Voiture t\u00e9l\u00e9command\u00e9e avec 668 pi\u00e8ces"},"content":{"rendered":"<div>\u2705Voiture t\u00e9l\u00e9command\u00e9e Tegole T4030 SWAT<br \/>&nbsp;<br \/>\u2705 Une voiture t\u00e9l\u00e9command\u00e9e SWAT est un type de v\u00e9hicule t\u00e9l\u00e9command\u00e9 utilis\u00e9 par les \u00e9quipes SWAT (Special Weapons and Tactics) dans les forces de l&#039;ordre. Ces voitures RC sont g\u00e9n\u00e9ralement con\u00e7ues pour \u00eatre petites et l\u00e9g\u00e8res, avec la capacit\u00e9 de naviguer dans des espaces restreints et des terrains accident\u00e9s. Ils sont pilot\u00e9s par un policier \u00e0 l&#039;aide d&#039;une t\u00e9l\u00e9commande.<br \/>&nbsp;<br \/>\ud83d\udeabIMPORTANT !&nbsp;<br \/>&nbsp;<br \/>Nom du produit : voiture t\u00e9l\u00e9command\u00e9e SWAT.<br \/>&nbsp;<br \/>Cat\u00e9gorie : Technique<br \/>&nbsp;<br \/>Ce kit contient : Tegole T4030<br \/>&nbsp;<br \/>668 briques de bonne qualit\u00e9.&nbsp;<br \/>&nbsp;<br \/>Taille : 22,5 \u00d7 11,5 \u00d7 11 cm<br \/>&nbsp;<br \/>Instructions manuelles&nbsp;<br \/>&nbsp;<br \/>\ud83d\udcccNature du protagoniste&nbsp;<br \/>&nbsp;<br \/>Vous ne devriez pas manquer la pr\u00e9sentation de notre fi\u00e8re collection nomm\u00e9e &quot;SWAT Remote Control Car&quot;.&nbsp;<br \/>&nbsp;<br \/>Les voitures t\u00e9l\u00e9command\u00e9es SWAT sont utilis\u00e9es \u00e0 diverses fins, notamment la reconnaissance, la surveillance et la communication. Ils peuvent \u00eatre \u00e9quip\u00e9s d&#039;une gamme de fonctionnalit\u00e9s, telles que des cam\u00e9ras, des microphones et des haut-parleurs, qui permettent aux agents de recueillir des informations ou de communiquer avec des personnes \u00e0 distance de s\u00e9curit\u00e9.<\/div>","protected":false},"excerpt":{"rendered":"<p>Marque : TaiGaoLe<br \/>\nGenre: Unisexe<br \/>\nTranche d&#039;\u00e2ge : &gt; 8 ans<br \/>\nNum\u00e9ro de mod\u00e8le: T4030<br \/>\nClassement : Assemblage<br \/>\nForme de bloc en plastique\u00a0: briques autobloquantes<br \/>\nMat\u00e9riel: Plastique<br \/>\nType de plastique : ABS<br \/>\nBlocs de briques : 668 +<br \/>\nPr\u00e9vente<\/p>","protected":false},"featured_media":42088,"comment_status":"open","ping_status":"closed","template":"","meta":{"_acf_changed":false},"product_cat":[1360,1357,364],"product_tag":[457,482,11320,389,11080],"class_list":["product","first","instock","shipping-taxable","purchasable","product-type-simple"],"acf":[],"_links":{"self":[{"href":"https:\/\/mouldking.store\/fr\/wp-json\/wp\/v2\/product\/42089","targetHints":{"allow":["GET"]}}],"collection":[{"href":"https:\/\/mouldking.store\/fr\/wp-json\/wp\/v2\/product"}],"about":[{"href":"https:\/\/mouldking.store\/fr\/wp-json\/wp\/v2\/types\/product"}],"replies":[{"embeddable":true,"href":"https:\/\/mouldking.store\/fr\/wp-json\/wp\/v2\/comments?post=42089"}],"wp:featuredmedia":[{"embeddable":true,"href":"https:\/\/mouldking.store\/fr\/wp-json\/wp\/v2\/media\/42088"}],"wp:attachment":[{"href":"https:\/\/mouldking.store\/fr\/wp-json\/wp\/v2\/media?parent=42089"}],"wp:term":[{"taxonomy":"product_cat","embeddable":true,"href":"https:\/\/mouldking.store\/fr\/wp-json\/wp\/v2\/product_cat?post=42089"},{"taxonomy":"product_tag","embeddable":true,"href":"https:\/\/mouldking.store\/fr\/wp-json\/wp\/v2\/product_tag?post=42089"}],"curies":[{"name":"wp","href":"https:\/\/api.w.org\/{rel}","templated":true}]}}